{"id":1105,"date":"2026-03-20T10:57:44","date_gmt":"2026-03-20T10:57:44","guid":{"rendered":"https:\/\/teszt2.invictum.hu\/?page_id=1105"},"modified":"2026-04-15T08:04:45","modified_gmt":"2026-04-15T08:04:45","slug":"fem-gombcsuklok","status":"publish","type":"page","link":"https:\/\/moliton.hu\/en\/fem-gombcsuklok\/","title":{"rendered":"Steel Ball Joints"},"content":{"rendered":"<div data-elementor-type=\"wp-page\" data-elementor-id=\"1105\" class=\"elementor elementor-1105\" data-elementor-post-type=\"page\">\n\t\t\t\t<div class=\"elementor-element elementor-element-2db2151 e-flex e-con-boxed e-con e-parent\" data-id=\"2db2151\" data-element_type=\"container\" data-e-type=\"container\">\n\t\t\t\t\t<div class=\"e-con-inner\">\n\t\t<div class=\"elementor-element elementor-element-08b5f06 e-con-full e-flex e-con e-child\" data-id=\"08b5f06\" data-element_type=\"container\" data-e-type=\"container\">\n\t\t<div class=\"elementor-element elementor-element-1b3d749 e-con-full e-flex e-con e-child\" data-id=\"1b3d749\" data-element_type=\"container\" data-e-type=\"container\">\n\t\t<div class=\"elementor-element elementor-element-8d6dff1 e-con-full e-flex e-con e-child\" data-id=\"8d6dff1\" data-element_type=\"container\" data-e-type=\"container\">\n\t\t\t\t<div class=\"elementor-element elementor-element-d8cedaf eael-infobox-content-align--left eael-infobox-shape-square eael-infobox-hover-img-shape-square elementor-invisible elementor-widget elementor-widget-eael-info-box\" data-id=\"d8cedaf\" data-element_type=\"widget\" data-e-type=\"widget\" data-settings=\"{&quot;_animation&quot;:&quot;fadeInUp&quot;}\" data-widget_type=\"eael-info-box.default\">\n\t\t\t\t\t        <div class=\"eael-infobox icon-on-top\">\n\t            <div class=\"infobox-icon\">\n\n                            <img decoding=\"async\" src=\"https:\/\/moliton.hu\/wp-content\/uploads\/2026\/03\/Nevtelen-terv-70.png\" alt=\"\">\n            \n            \n            \n        <\/div>\n            <div class=\"infobox-content\">\n                    <div class=\"infobox-title-section\">\n                <h3 class=\"title\">6E<\/h3>            <\/div>\n                    <div class=\"infobox-button\">\n            <a class=\"eael-infobox-button\" href=\"https:\/\/moliton.hu\/en\/2t\/\">\n                                                <span class=\"infobox-button-text\">Discover<\/span>\n                            <\/a>\n        <\/div>\n            <\/div>\n            <\/div>\n\n\t\t\t\t\t\t<\/div>\n\t\t\t\t<\/div>\n\t\t<div class=\"elementor-element elementor-element-a6f47cc e-con-full e-flex e-con e-child\" data-id=\"a6f47cc\" data-element_type=\"container\" data-e-type=\"container\">\n\t\t\t\t<div class=\"elementor-element elementor-element-21311aa eael-infobox-content-align--left eael-infobox-shape-square eael-infobox-hover-img-shape-square elementor-invisible elementor-widget elementor-widget-eael-info-box\" data-id=\"21311aa\" data-element_type=\"widget\" data-e-type=\"widget\" data-settings=\"{&quot;_animation&quot;:&quot;fadeInUp&quot;}\" data-widget_type=\"eael-info-box.default\">\n\t\t\t\t\t        <div class=\"eael-infobox icon-on-top\">\n\t            <div class=\"infobox-icon\">\n\n                            <img decoding=\"async\" src=\"https:\/\/moliton.hu\/wp-content\/uploads\/2026\/03\/Nevtelen-terv-71.png\" alt=\"\">\n            \n            \n            \n        <\/div>\n            <div class=\"infobox-content\">\n                    <div class=\"infobox-title-section\">\n                <h4 class=\"title\">6F(6E+M6 g\u00f6mbcsap)<\/h4>            <\/div>\n                    <div class=\"infobox-button\">\n            <a class=\"eael-infobox-button\" href=\"https:\/\/moliton.hu\/en\/2f\/\">\n                                                <span class=\"infobox-button-text\">Discover<\/span>\n                            <\/a>\n        <\/div>\n            <\/div>\n            <\/div>\n\n\t\t\t\t\t\t<\/div>\n\t\t\t\t<\/div>\n\t\t<div class=\"elementor-element elementor-element-44b463e e-con-full e-flex e-con e-child\" data-id=\"44b463e\" data-element_type=\"container\" data-e-type=\"container\">\n\t\t\t\t<div class=\"elementor-element elementor-element-26a7c9f eael-infobox-content-align--left eael-infobox-shape-square eael-infobox-hover-img-shape-square elementor-invisible elementor-widget elementor-widget-eael-info-box\" data-id=\"26a7c9f\" data-element_type=\"widget\" data-e-type=\"widget\" data-settings=\"{&quot;_animation&quot;:&quot;fadeInUp&quot;}\" data-widget_type=\"eael-info-box.default\">\n\t\t\t\t\t        <div class=\"eael-infobox icon-on-top\">\n\t            <div class=\"infobox-icon\">\n\n                            <img decoding=\"async\" src=\"https:\/\/moliton.hu\/wp-content\/uploads\/2026\/03\/Nevtelen-terv-71-1.png\" alt=\"\">\n            \n            \n            \n        <\/div>\n            <div class=\"infobox-content\">\n                    <div class=\"infobox-title-section\">\n                <h4 class=\"title\">4G(6E+M5 g\u00f6mbcsap)<\/h4>            <\/div>\n                    <div class=\"infobox-button\">\n            <a class=\"eael-infobox-button\" href=\"https:\/\/moliton.hu\/en\/2g\/\">\n                                                <span class=\"infobox-button-text\">Discover<\/span>\n                            <\/a>\n        <\/div>\n            <\/div>\n            <\/div>\n\n\t\t\t\t\t\t<\/div>\n\t\t\t\t<\/div>\n\t\t\t\t<\/div>\n\t\t<div class=\"elementor-element elementor-element-96ec242 e-con-full e-flex e-con e-child\" data-id=\"96ec242\" data-element_type=\"container\" data-e-type=\"container\">\n\t\t<div class=\"elementor-element elementor-element-6d3a521 e-con-full e-flex e-con e-child\" data-id=\"6d3a521\" data-element_type=\"container\" data-e-type=\"container\">\n\t\t\t\t<div class=\"elementor-element elementor-element-f518323 eael-infobox-content-align--left eael-infobox-shape-square eael-infobox-hover-img-shape-square elementor-invisible elementor-widget elementor-widget-eael-info-box\" data-id=\"f518323\" data-element_type=\"widget\" data-e-type=\"widget\" data-settings=\"{&quot;_animation&quot;:&quot;fadeInUp&quot;}\" data-widget_type=\"eael-info-box.default\">\n\t\t\t\t\t        <div class=\"eael-infobox icon-on-top\">\n\t            <div class=\"infobox-icon\">\n\n                            <img decoding=\"async\" src=\"https:\/\/moliton.hu\/wp-content\/uploads\/2026\/03\/Nevtelen-terv-68.png\" alt=\"\">\n            \n            \n            \n        <\/div>\n            <div class=\"infobox-content\">\n                    <div class=\"infobox-title-section\">\n                <h4 class=\"title\">6C<\/h4>            <\/div>\n                    <div class=\"infobox-button\">\n            <a class=\"eael-infobox-button\" href=\"https:\/\/moliton.hu\/en\/2j\/\">\n                                                <span class=\"infobox-button-text\">Discover<\/span>\n                            <\/a>\n        <\/div>\n            <\/div>\n            <\/div>\n\n\t\t\t\t\t\t<\/div>\n\t\t\t\t<\/div>\n\t\t<div class=\"elementor-element elementor-element-14164f3 e-con-full e-flex e-con e-child\" data-id=\"14164f3\" data-element_type=\"container\" data-e-type=\"container\">\n\t\t\t\t<div class=\"elementor-element elementor-element-84d0f34 eael-infobox-content-align--left eael-infobox-shape-square eael-infobox-hover-img-shape-square elementor-invisible elementor-widget elementor-widget-eael-info-box\" data-id=\"84d0f34\" data-element_type=\"widget\" data-e-type=\"widget\" data-settings=\"{&quot;_animation&quot;:&quot;fadeInUp&quot;}\" data-widget_type=\"eael-info-box.default\">\n\t\t\t\t\t        <div class=\"eael-infobox icon-on-top\">\n\t            <div class=\"infobox-icon\">\n\n                            <img decoding=\"async\" src=\"https:\/\/moliton.hu\/wp-content\/uploads\/2026\/03\/Nevtelen-terv-69.png\" alt=\"\">\n            \n            \n            \n        <\/div>\n            <div class=\"infobox-content\">\n                    <div class=\"infobox-title-section\">\n                <h4 class=\"title\">6D(6C+M8 g\u00f6mbcsap)<\/h4>            <\/div>\n                    <div class=\"infobox-button\">\n            <a class=\"eael-infobox-button\" href=\"https:\/\/moliton.hu\/en\/2c\/\">\n                                                <span class=\"infobox-button-text\">Discover<\/span>\n                            <\/a>\n        <\/div>\n            <\/div>\n            <\/div>\n\n\t\t\t\t\t\t<\/div>\n\t\t\t\t<\/div>\n\t\t<div class=\"elementor-element elementor-element-0531cce e-con-full e-flex e-con e-child\" data-id=\"0531cce\" data-element_type=\"container\" data-e-type=\"container\">\n\t\t\t\t<div class=\"elementor-element elementor-element-243d12c eael-infobox-content-align--left eael-infobox-shape-square eael-infobox-hover-img-shape-square elementor-invisible elementor-widget elementor-widget-eael-info-box\" data-id=\"243d12c\" data-element_type=\"widget\" data-e-type=\"widget\" data-settings=\"{&quot;_animation&quot;:&quot;fadeInUp&quot;}\" data-widget_type=\"eael-info-box.default\">\n\t\t\t\t\t        <div class=\"eael-infobox icon-on-top\">\n\t            <div class=\"infobox-icon\">\n\n                            <img decoding=\"async\" src=\"https:\/\/moliton.hu\/wp-content\/uploads\/2026\/03\/Nevtelen-terv-66.png\" alt=\"\">\n            \n            \n            \n        <\/div>\n            <div class=\"infobox-content\">\n                    <div class=\"infobox-title-section\">\n                <h4 class=\"title\">6W(6C+M6 g\u00f6mbcsap)<\/h4>            <\/div>\n                    <div class=\"infobox-button\">\n            <a class=\"eael-infobox-button\" href=\"https:\/\/moliton.hu\/en\/2r\/\">\n                                                <span class=\"infobox-button-text\">Discover<\/span>\n                            <\/a>\n        <\/div>\n            <\/div>\n            <\/div>\n\n\t\t\t\t\t\t<\/div>\n\t\t\t\t<\/div>\n\t\t\t\t<\/div>\n\t\t<div class=\"elementor-element elementor-element-ff4ce3c e-con-full e-flex e-con e-child\" data-id=\"ff4ce3c\" data-element_type=\"container\" data-e-type=\"container\">\n\t\t<div class=\"elementor-element elementor-element-f5a8f5c e-con-full e-flex e-con e-child\" data-id=\"f5a8f5c\" data-element_type=\"container\" data-e-type=\"container\">\n\t\t\t\t<div class=\"elementor-element elementor-element-d5c97e4 eael-infobox-content-align--left eael-infobox-shape-square eael-infobox-hover-img-shape-square elementor-invisible elementor-widget elementor-widget-eael-info-box\" data-id=\"d5c97e4\" data-element_type=\"widget\" data-e-type=\"widget\" data-settings=\"{&quot;_animation&quot;:&quot;fadeInUp&quot;}\" data-widget_type=\"eael-info-box.default\">\n\t\t\t\t\t        <div class=\"eael-infobox icon-on-top\">\n\t            <div class=\"infobox-icon\">\n\n                            <img decoding=\"async\" src=\"https:\/\/moliton.hu\/wp-content\/uploads\/2026\/03\/Nevtelen-terv-75.png\" alt=\"\">\n            \n            \n            \n        <\/div>\n            <div class=\"infobox-content\">\n                    <div class=\"infobox-title-section\">\n                <h4 class=\"title\">4A<\/h4>            <\/div>\n                    <div class=\"infobox-button\">\n            <a class=\"eael-infobox-button\" href=\"https:\/\/moliton.hu\/en\/2j\/\">\n                                                <span class=\"infobox-button-text\">Discover<\/span>\n                            <\/a>\n        <\/div>\n            <\/div>\n            <\/div>\n\n\t\t\t\t\t\t<\/div>\n\t\t\t\t<\/div>\n\t\t<div class=\"elementor-element elementor-element-ba700bc e-con-full e-flex e-con e-child\" data-id=\"ba700bc\" data-element_type=\"container\" data-e-type=\"container\">\n\t\t\t\t<div class=\"elementor-element elementor-element-ae723b7 eael-infobox-content-align--left eael-infobox-shape-square eael-infobox-hover-img-shape-square elementor-invisible elementor-widget elementor-widget-eael-info-box\" data-id=\"ae723b7\" data-element_type=\"widget\" data-e-type=\"widget\" data-settings=\"{&quot;_animation&quot;:&quot;fadeInUp&quot;}\" data-widget_type=\"eael-info-box.default\">\n\t\t\t\t\t        <div class=\"eael-infobox icon-on-top\">\n\t            <div class=\"infobox-icon\">\n\n                            <img decoding=\"async\" src=\"https:\/\/moliton.hu\/wp-content\/uploads\/2026\/03\/Nevtelen-terv-74.png\" alt=\"\">\n            \n            \n            \n        <\/div>\n            <div class=\"infobox-content\">\n                    <div class=\"infobox-title-section\">\n                <h4 class=\"title\">4B(4A+M8 g\u00f6mbcsap)<\/h4>            <\/div>\n                    <div class=\"infobox-button\">\n            <a class=\"eael-infobox-button\" href=\"https:\/\/moliton.hu\/en\/2c\/\">\n                                                <span class=\"infobox-button-text\">Discover<\/span>\n                            <\/a>\n        <\/div>\n            <\/div>\n            <\/div>\n\n\t\t\t\t\t\t<\/div>\n\t\t\t\t<\/div>\n\t\t<div class=\"elementor-element elementor-element-b9e1eda e-con-full e-flex e-con e-child\" data-id=\"b9e1eda\" data-element_type=\"container\" data-e-type=\"container\">\n\t\t\t\t<div class=\"elementor-element elementor-element-73c84f4 eael-infobox-content-align--left eael-infobox-shape-square eael-infobox-hover-img-shape-square elementor-invisible elementor-widget elementor-widget-eael-info-box\" data-id=\"73c84f4\" data-element_type=\"widget\" data-e-type=\"widget\" data-settings=\"{&quot;_animation&quot;:&quot;fadeInUp&quot;}\" data-widget_type=\"eael-info-box.default\">\n\t\t\t\t\t        <div class=\"eael-infobox icon-on-top\">\n\t            <div class=\"infobox-icon\">\n\n                            <img decoding=\"async\" src=\"https:\/\/moliton.hu\/wp-content\/uploads\/2026\/03\/Nevtelen-terv-73.png\" alt=\"\">\n            \n            \n            \n        <\/div>\n            <div class=\"infobox-content\">\n                    <div class=\"infobox-title-section\">\n                <h4 class=\"title\">4E<\/h4>            <\/div>\n                    <div class=\"infobox-button\">\n            <a class=\"eael-infobox-button\" href=\"https:\/\/moliton.hu\/en\/2r\/\">\n                                                <span class=\"infobox-button-text\">Discover<\/span>\n                            <\/a>\n        <\/div>\n            <\/div>\n            <\/div>\n\n\t\t\t\t\t\t<\/div>\n\t\t\t\t<\/div>\n\t\t\t\t<\/div>\n\t\t<div class=\"elementor-element elementor-element-69a2526 e-con-full e-flex e-con e-child\" data-id=\"69a2526\" data-element_type=\"container\" data-e-type=\"container\">\n\t\t<div class=\"elementor-element elementor-element-7a673ef e-con-full e-flex e-con e-child\" data-id=\"7a673ef\" data-element_type=\"container\" data-e-type=\"container\">\n\t\t\t\t<div class=\"elementor-element elementor-element-356c17b eael-infobox-content-align--left eael-infobox-shape-square eael-infobox-hover-img-shape-square elementor-invisible elementor-widget elementor-widget-eael-info-box\" data-id=\"356c17b\" data-element_type=\"widget\" data-e-type=\"widget\" data-settings=\"{&quot;_animation&quot;:&quot;fadeInUp&quot;}\" data-widget_type=\"eael-info-box.default\">\n\t\t\t\t\t        <div class=\"eael-infobox icon-on-top\">\n\t            <div class=\"infobox-icon\">\n\n                            <img decoding=\"async\" src=\"https:\/\/moliton.hu\/wp-content\/uploads\/2026\/03\/Nevtelen-terv-72.png\" alt=\"\">\n            \n            \n            \n        <\/div>\n            <div class=\"infobox-content\">\n                    <div class=\"infobox-title-section\">\n                <h4 class=\"title\">4F(4E+M10 g\u00f6mbcsap)<\/h4>            <\/div>\n                    <div class=\"infobox-button\">\n            <a class=\"eael-infobox-button\" href=\"https:\/\/moliton.hu\/en\/2j\/\">\n                                                <span class=\"infobox-button-text\">Discover<\/span>\n                            <\/a>\n        <\/div>\n            <\/div>\n            <\/div>\n\n\t\t\t\t\t\t<\/div>\n\t\t\t\t<\/div>\n\t\t<div class=\"elementor-element elementor-element-f815707 e-con-full e-flex e-con e-child\" data-id=\"f815707\" data-element_type=\"container\" data-e-type=\"container\">\n\t\t\t\t<\/div>\n\t\t<div class=\"elementor-element elementor-element-4d1fc02 e-con-full e-flex e-con e-child\" data-id=\"4d1fc02\" data-element_type=\"container\" data-e-type=\"container\">\n\t\t\t\t<\/div>\n\t\t\t\t<\/div>\n\t\t\t\t<\/div>\n\t\t\t\t\t<\/div>\n\t\t\t\t<\/div>\n\t\t\t\t<\/div>","protected":false},"excerpt":{"rendered":"<p>6E Megtekintem 6F(6E+M6 g\u00f6mbcsap) Megtekintem 4G(6E+M5 g\u00f6mbcsap) Megtekintem 6C Megtekintem 6D(6C+M8 g\u00f6mbcsap) Megtekintem 6W(6C+M6 g\u00f6mbcsap) Megtekintem 4A Megtekintem 4B(4A+M8 g\u00f6mbcsap) Megtekintem 4E Megtekintem 4F(4E+M10 g\u00f6mbcsap) Megtekintem<\/p>","protected":false},"author":1,"featured_media":0,"parent":0,"menu_order":0,"comment_status":"closed","ping_status":"closed","template":"elementor_header_footer","meta":{"footnotes":""},"class_list":["post-1105","page","type-page","status-publish","hentry"],"yoast_head":"<!-- This site is optimized with the Yoast SEO Premium plugin v27.4 (Yoast SEO v27.4) - https:\/\/yoast.com\/product\/yoast-seo-premium-wordpress\/ -->\n<title>F\u00e9m g\u00f6mbcsukl\u00f3k - Moliton<\/title>\n<meta name=\"description\" content=\"G\u00e1zrug\u00f3 v\u00e9gcsatlakoz\u00f3 t\u00edpusok sz\u00e9les v\u00e1laszt\u00e9kban: 6E, 6C, 4A szemes v\u00e9gek \u00e9s g\u00f6mbcsukl\u00f3s csatlakoz\u00f3k (M6, M8, M10).\" \/>\n<meta name=\"robots\" content=\"index, follow, max-snippet:-1, max-image-preview:large, max-video-preview:-1\" \/>\n<link rel=\"canonical\" href=\"https:\/\/moliton.hu\/en\/fem-gombcsuklok\/\" \/>\n<meta property=\"og:locale\" content=\"en_US\" \/>\n<meta property=\"og:type\" content=\"article\" \/>\n<meta property=\"og:title\" content=\"F\u00e9m g\u00f6mbcsukl\u00f3k\" \/>\n<meta property=\"og:description\" content=\"G\u00e1zrug\u00f3 v\u00e9gcsatlakoz\u00f3 t\u00edpusok sz\u00e9les v\u00e1laszt\u00e9kban: 6E, 6C, 4A szemes v\u00e9gek \u00e9s g\u00f6mbcsukl\u00f3s csatlakoz\u00f3k (M6, M8, M10).\" \/>\n<meta property=\"og:url\" content=\"https:\/\/moliton.hu\/en\/fem-gombcsuklok\/\" \/>\n<meta property=\"og:site_name\" content=\"Moliton\" \/>\n<meta property=\"article:modified_time\" content=\"2026-04-15T08:04:45+00:00\" \/>\n<meta property=\"og:image\" content=\"https:\/\/moliton.hu\/wp-content\/uploads\/2026\/03\/Nevtelen-terv-70.png\" \/>\n<meta name=\"twitter:card\" content=\"summary_large_image\" \/>\n<meta name=\"twitter:label1\" content=\"Est. reading time\" \/>\n\t<meta name=\"twitter:data1\" content=\"3 minutes\" \/>\n<script type=\"application\/ld+json\" class=\"yoast-schema-graph\">{\"@context\":\"https:\\\/\\\/schema.org\",\"@graph\":[{\"@type\":\"WebPage\",\"@id\":\"https:\\\/\\\/moliton.hu\\\/fem-gombcsuklok\\\/\",\"url\":\"https:\\\/\\\/moliton.hu\\\/fem-gombcsuklok\\\/\",\"name\":\"F\u00e9m g\u00f6mbcsukl\u00f3k - Moliton\",\"isPartOf\":{\"@id\":\"https:\\\/\\\/moliton.hu\\\/#website\"},\"primaryImageOfPage\":{\"@id\":\"https:\\\/\\\/moliton.hu\\\/fem-gombcsuklok\\\/#primaryimage\"},\"image\":{\"@id\":\"https:\\\/\\\/moliton.hu\\\/fem-gombcsuklok\\\/#primaryimage\"},\"thumbnailUrl\":\"https:\\\/\\\/moliton.hu\\\/wp-content\\\/uploads\\\/2026\\\/03\\\/Nevtelen-terv-70.png\",\"datePublished\":\"2026-03-20T10:57:44+00:00\",\"dateModified\":\"2026-04-15T08:04:45+00:00\",\"description\":\"G\u00e1zrug\u00f3 v\u00e9gcsatlakoz\u00f3 t\u00edpusok sz\u00e9les v\u00e1laszt\u00e9kban: 6E, 6C, 4A szemes v\u00e9gek \u00e9s g\u00f6mbcsukl\u00f3s csatlakoz\u00f3k (M6, M8, M10).\",\"breadcrumb\":{\"@id\":\"https:\\\/\\\/moliton.hu\\\/fem-gombcsuklok\\\/#breadcrumb\"},\"inLanguage\":\"en-US\",\"potentialAction\":[{\"@type\":\"ReadAction\",\"target\":[\"https:\\\/\\\/moliton.hu\\\/fem-gombcsuklok\\\/\"]}]},{\"@type\":\"ImageObject\",\"inLanguage\":\"en-US\",\"@id\":\"https:\\\/\\\/moliton.hu\\\/fem-gombcsuklok\\\/#primaryimage\",\"url\":\"https:\\\/\\\/moliton.hu\\\/wp-content\\\/uploads\\\/2026\\\/03\\\/Nevtelen-terv-70.png\",\"contentUrl\":\"https:\\\/\\\/moliton.hu\\\/wp-content\\\/uploads\\\/2026\\\/03\\\/Nevtelen-terv-70.png\"},{\"@type\":\"BreadcrumbList\",\"@id\":\"https:\\\/\\\/moliton.hu\\\/fem-gombcsuklok\\\/#breadcrumb\",\"itemListElement\":[{\"@type\":\"ListItem\",\"position\":1,\"name\":\"Home\",\"item\":\"https:\\\/\\\/moliton.hu\\\/en\\\/\"},{\"@type\":\"ListItem\",\"position\":2,\"name\":\"F\u00e9m g\u00f6mbcsukl\u00f3k\"}]},{\"@type\":\"WebSite\",\"@id\":\"https:\\\/\\\/moliton.hu\\\/#website\",\"url\":\"https:\\\/\\\/moliton.hu\\\/\",\"name\":\"Moliton\",\"description\":\"30 \u00e9ve a lakoss\u00e1g \u00e9s az ipar szolg\u00e1lat\u00e1ban.\",\"publisher\":{\"@id\":\"https:\\\/\\\/moliton.hu\\\/#organization\"},\"potentialAction\":[{\"@type\":\"SearchAction\",\"target\":{\"@type\":\"EntryPoint\",\"urlTemplate\":\"https:\\\/\\\/moliton.hu\\\/?s={search_term_string}\"},\"query-input\":{\"@type\":\"PropertyValueSpecification\",\"valueRequired\":true,\"valueName\":\"search_term_string\"}}],\"inLanguage\":\"en-US\"},{\"@type\":\"Organization\",\"@id\":\"https:\\\/\\\/moliton.hu\\\/#organization\",\"name\":\"Moliton\",\"url\":\"https:\\\/\\\/moliton.hu\\\/\",\"logo\":{\"@type\":\"ImageObject\",\"inLanguage\":\"en-US\",\"@id\":\"https:\\\/\\\/moliton.hu\\\/#\\\/schema\\\/logo\\\/image\\\/\",\"url\":\"https:\\\/\\\/moliton.hu\\\/wp-content\\\/uploads\\\/2026\\\/03\\\/moliton-logo.png\",\"contentUrl\":\"https:\\\/\\\/moliton.hu\\\/wp-content\\\/uploads\\\/2026\\\/03\\\/moliton-logo.png\",\"width\":2048,\"height\":2048,\"caption\":\"Moliton\"},\"image\":{\"@id\":\"https:\\\/\\\/moliton.hu\\\/#\\\/schema\\\/logo\\\/image\\\/\"}}]}<\/script>\n<!-- \/ Yoast SEO Premium plugin. -->","yoast_head_json":{"title":"F\u00e9m g\u00f6mbcsukl\u00f3k - Moliton","description":"G\u00e1zrug\u00f3 v\u00e9gcsatlakoz\u00f3 t\u00edpusok sz\u00e9les v\u00e1laszt\u00e9kban: 6E, 6C, 4A szemes v\u00e9gek \u00e9s g\u00f6mbcsukl\u00f3s csatlakoz\u00f3k (M6, M8, M10).","robots":{"index":"index","follow":"follow","max-snippet":"max-snippet:-1","max-image-preview":"max-image-preview:large","max-video-preview":"max-video-preview:-1"},"canonical":"https:\/\/moliton.hu\/en\/fem-gombcsuklok\/","og_locale":"en_US","og_type":"article","og_title":"F\u00e9m g\u00f6mbcsukl\u00f3k","og_description":"G\u00e1zrug\u00f3 v\u00e9gcsatlakoz\u00f3 t\u00edpusok sz\u00e9les v\u00e1laszt\u00e9kban: 6E, 6C, 4A szemes v\u00e9gek \u00e9s g\u00f6mbcsukl\u00f3s csatlakoz\u00f3k (M6, M8, M10).","og_url":"https:\/\/moliton.hu\/en\/fem-gombcsuklok\/","og_site_name":"Moliton","article_modified_time":"2026-04-15T08:04:45+00:00","og_image":[{"url":"https:\/\/moliton.hu\/wp-content\/uploads\/2026\/03\/Nevtelen-terv-70.png","type":"","width":"","height":""}],"twitter_card":"summary_large_image","twitter_misc":{"Est. reading time":"3 minutes"},"schema":{"@context":"https:\/\/schema.org","@graph":[{"@type":"WebPage","@id":"https:\/\/moliton.hu\/fem-gombcsuklok\/","url":"https:\/\/moliton.hu\/fem-gombcsuklok\/","name":"F\u00e9m g\u00f6mbcsukl\u00f3k - Moliton","isPartOf":{"@id":"https:\/\/moliton.hu\/#website"},"primaryImageOfPage":{"@id":"https:\/\/moliton.hu\/fem-gombcsuklok\/#primaryimage"},"image":{"@id":"https:\/\/moliton.hu\/fem-gombcsuklok\/#primaryimage"},"thumbnailUrl":"https:\/\/moliton.hu\/wp-content\/uploads\/2026\/03\/Nevtelen-terv-70.png","datePublished":"2026-03-20T10:57:44+00:00","dateModified":"2026-04-15T08:04:45+00:00","description":"G\u00e1zrug\u00f3 v\u00e9gcsatlakoz\u00f3 t\u00edpusok sz\u00e9les v\u00e1laszt\u00e9kban: 6E, 6C, 4A szemes v\u00e9gek \u00e9s g\u00f6mbcsukl\u00f3s csatlakoz\u00f3k (M6, M8, M10).","breadcrumb":{"@id":"https:\/\/moliton.hu\/fem-gombcsuklok\/#breadcrumb"},"inLanguage":"en-US","potentialAction":[{"@type":"ReadAction","target":["https:\/\/moliton.hu\/fem-gombcsuklok\/"]}]},{"@type":"ImageObject","inLanguage":"en-US","@id":"https:\/\/moliton.hu\/fem-gombcsuklok\/#primaryimage","url":"https:\/\/moliton.hu\/wp-content\/uploads\/2026\/03\/Nevtelen-terv-70.png","contentUrl":"https:\/\/moliton.hu\/wp-content\/uploads\/2026\/03\/Nevtelen-terv-70.png"},{"@type":"BreadcrumbList","@id":"https:\/\/moliton.hu\/fem-gombcsuklok\/#breadcrumb","itemListElement":[{"@type":"ListItem","position":1,"name":"Home","item":"https:\/\/moliton.hu\/en\/"},{"@type":"ListItem","position":2,"name":"F\u00e9m g\u00f6mbcsukl\u00f3k"}]},{"@type":"WebSite","@id":"https:\/\/moliton.hu\/#website","url":"https:\/\/moliton.hu\/","name":"Moliton","description":"30 \u00e9ve a lakoss\u00e1g \u00e9s az ipar szolg\u00e1lat\u00e1ban.","publisher":{"@id":"https:\/\/moliton.hu\/#organization"},"potentialAction":[{"@type":"SearchAction","target":{"@type":"EntryPoint","urlTemplate":"https:\/\/moliton.hu\/?s={search_term_string}"},"query-input":{"@type":"PropertyValueSpecification","valueRequired":true,"valueName":"search_term_string"}}],"inLanguage":"en-US"},{"@type":"Organization","@id":"https:\/\/moliton.hu\/#organization","name":"Moliton","url":"https:\/\/moliton.hu\/","logo":{"@type":"ImageObject","inLanguage":"en-US","@id":"https:\/\/moliton.hu\/#\/schema\/logo\/image\/","url":"https:\/\/moliton.hu\/wp-content\/uploads\/2026\/03\/moliton-logo.png","contentUrl":"https:\/\/moliton.hu\/wp-content\/uploads\/2026\/03\/moliton-logo.png","width":2048,"height":2048,"caption":"Moliton"},"image":{"@id":"https:\/\/moliton.hu\/#\/schema\/logo\/image\/"}}]}},"_links":{"self":[{"href":"https:\/\/moliton.hu\/en\/wp-json\/wp\/v2\/pages\/1105","targetHints":{"allow":["GET"]}}],"collection":[{"href":"https:\/\/moliton.hu\/en\/wp-json\/wp\/v2\/pages"}],"about":[{"href":"https:\/\/moliton.hu\/en\/wp-json\/wp\/v2\/types\/page"}],"author":[{"embeddable":true,"href":"https:\/\/moliton.hu\/en\/wp-json\/wp\/v2\/users\/1"}],"replies":[{"embeddable":true,"href":"https:\/\/moliton.hu\/en\/wp-json\/wp\/v2\/comments?post=1105"}],"version-history":[{"count":1,"href":"https:\/\/moliton.hu\/en\/wp-json\/wp\/v2\/pages\/1105\/revisions"}],"predecessor-version":[{"id":2311,"href":"https:\/\/moliton.hu\/en\/wp-json\/wp\/v2\/pages\/1105\/revisions\/2311"}],"wp:attachment":[{"href":"https:\/\/moliton.hu\/en\/wp-json\/wp\/v2\/media?parent=1105"}],"curies":[{"name":"wp","href":"https:\/\/api.w.org\/{rel}","templated":true}]}}