{"id":1150,"date":"2026-03-20T11:47:57","date_gmt":"2026-03-20T11:47:57","guid":{"rendered":"https:\/\/teszt2.invictum.hu\/?page_id=1150"},"modified":"2026-04-15T08:54:52","modified_gmt":"2026-04-15T08:54:52","slug":"villas-csatlakozok","status":"publish","type":"page","link":"https:\/\/moliton.hu\/en\/villas-csatlakozok\/","title":{"rendered":"Clevis Joints"},"content":{"rendered":"<div data-elementor-type=\"wp-page\" data-elementor-id=\"1150\" class=\"elementor elementor-1150\" data-elementor-post-type=\"page\">\n\t\t\t\t<div class=\"elementor-element elementor-element-f067951 e-flex e-con-boxed e-con e-parent\" data-id=\"f067951\" data-element_type=\"container\" data-e-type=\"container\">\n\t\t\t\t\t<div class=\"e-con-inner\">\n\t\t<div class=\"elementor-element elementor-element-339e89f e-con-full e-flex e-con e-child\" data-id=\"339e89f\" data-element_type=\"container\" data-e-type=\"container\">\n\t\t<div class=\"elementor-element elementor-element-831baf8 e-con-full e-flex e-con e-child\" data-id=\"831baf8\" data-element_type=\"container\" data-e-type=\"container\">\n\t\t<div class=\"elementor-element elementor-element-b2ab754 e-con-full e-flex e-con e-child\" data-id=\"b2ab754\" data-element_type=\"container\" data-e-type=\"container\">\n\t\t\t\t<div class=\"elementor-element elementor-element-a64c971 eael-infobox-content-align--left eael-infobox-shape-square eael-infobox-hover-img-shape-square elementor-invisible elementor-widget elementor-widget-eael-info-box\" data-id=\"a64c971\" data-element_type=\"widget\" data-e-type=\"widget\" data-settings=\"{&quot;_animation&quot;:&quot;fadeInUp&quot;}\" data-widget_type=\"eael-info-box.default\">\n\t\t\t\t\t        <div class=\"eael-infobox icon-on-top\">\n\t            <div class=\"infobox-icon\">\n\n                            <img decoding=\"async\" src=\"https:\/\/moliton.hu\/wp-content\/uploads\/2026\/03\/Nevtelen-terv-89.png\" alt=\"\">\n            \n            \n            \n        <\/div>\n            <div class=\"infobox-content\">\n                    <div class=\"infobox-title-section\">\n                <h3 class=\"title\">3A<\/h3>            <\/div>\n            <div><p>Csappal egy\u00fctt = 3B<\/p><\/div>        <div class=\"infobox-button\">\n            <a class=\"eael-infobox-button\" href=\"https:\/\/moliton.hu\/en\/2t\/\">\n                                                <span class=\"infobox-button-text\">Discover<\/span>\n                            <\/a>\n        <\/div>\n            <\/div>\n            <\/div>\n\n\t\t\t\t\t\t<\/div>\n\t\t\t\t<\/div>\n\t\t<div class=\"elementor-element elementor-element-b3ab9b8 e-con-full e-flex e-con e-child\" data-id=\"b3ab9b8\" data-element_type=\"container\" data-e-type=\"container\">\n\t\t\t\t<div class=\"elementor-element elementor-element-96e37ac eael-infobox-content-align--left eael-infobox-shape-square eael-infobox-hover-img-shape-square elementor-invisible elementor-widget elementor-widget-eael-info-box\" data-id=\"96e37ac\" data-element_type=\"widget\" data-e-type=\"widget\" data-settings=\"{&quot;_animation&quot;:&quot;fadeInUp&quot;}\" data-widget_type=\"eael-info-box.default\">\n\t\t\t\t\t        <div class=\"eael-infobox icon-on-top\">\n\t            <div class=\"infobox-icon\">\n\n                            <img decoding=\"async\" src=\"https:\/\/moliton.hu\/wp-content\/uploads\/2026\/03\/Nevtelen-terv-90.png\" alt=\"\">\n            \n            \n            \n        <\/div>\n            <div class=\"infobox-content\">\n                    <div class=\"infobox-title-section\">\n                <h4 class=\"title\">3C<\/h4>            <\/div>\n            <div><p>Csappal egy\u00fctt = 3D<\/p><\/div>        <div class=\"infobox-button\">\n            <a class=\"eael-infobox-button\" href=\"https:\/\/moliton.hu\/en\/2f\/\">\n                                                <span class=\"infobox-button-text\">Discover<\/span>\n                            <\/a>\n        <\/div>\n            <\/div>\n            <\/div>\n\n\t\t\t\t\t\t<\/div>\n\t\t\t\t<\/div>\n\t\t\t\t<\/div>\n\t\t<div class=\"elementor-element elementor-element-5d1e2ba e-con-full e-flex e-con e-child\" data-id=\"5d1e2ba\" data-element_type=\"container\" data-e-type=\"container\">\n\t\t<div class=\"elementor-element elementor-element-45ea52a e-con-full e-flex e-con e-child\" data-id=\"45ea52a\" data-element_type=\"container\" data-e-type=\"container\">\n\t\t\t\t<div class=\"elementor-element elementor-element-609fa30 eael-infobox-content-align--left eael-infobox-shape-square eael-infobox-hover-img-shape-square elementor-invisible elementor-widget elementor-widget-eael-info-box\" data-id=\"609fa30\" data-element_type=\"widget\" data-e-type=\"widget\" data-settings=\"{&quot;_animation&quot;:&quot;fadeInUp&quot;}\" data-widget_type=\"eael-info-box.default\">\n\t\t\t\t\t        <div class=\"eael-infobox icon-on-top\">\n\t            <div class=\"infobox-icon\">\n\n                            <img decoding=\"async\" src=\"https:\/\/moliton.hu\/wp-content\/uploads\/2026\/03\/Nevtelen-terv-92.png\" alt=\"\">\n            \n            \n            \n        <\/div>\n            <div class=\"infobox-content\">\n                    <div class=\"infobox-title-section\">\n                <h4 class=\"title\">3G<\/h4>            <\/div>\n            <div><p>Csappal egy\u00fctt = 3H<\/p><\/div>        <div class=\"infobox-button\">\n            <a class=\"eael-infobox-button\" href=\"https:\/\/moliton.hu\/en\/2j\/\">\n                                                <span class=\"infobox-button-text\">Discover<\/span>\n                            <\/a>\n        <\/div>\n            <\/div>\n            <\/div>\n\n\t\t\t\t\t\t<\/div>\n\t\t\t\t<\/div>\n\t\t<div class=\"elementor-element elementor-element-41f30a2 e-con-full e-flex e-con e-child\" data-id=\"41f30a2\" data-element_type=\"container\" data-e-type=\"container\">\n\t\t\t\t<div class=\"elementor-element elementor-element-468eb02 eael-infobox-content-align--left eael-infobox-shape-square eael-infobox-hover-img-shape-square elementor-invisible elementor-widget elementor-widget-eael-info-box\" data-id=\"468eb02\" data-element_type=\"widget\" data-e-type=\"widget\" data-settings=\"{&quot;_animation&quot;:&quot;fadeInUp&quot;}\" data-widget_type=\"eael-info-box.default\">\n\t\t\t\t\t        <div class=\"eael-infobox icon-on-top\">\n\t            <div class=\"infobox-icon\">\n\n                            <img decoding=\"async\" src=\"https:\/\/moliton.hu\/wp-content\/uploads\/2026\/03\/Nevtelen-terv-91.png\" alt=\"\">\n            \n            \n            \n        <\/div>\n            <div class=\"infobox-content\">\n                    <div class=\"infobox-title-section\">\n                <h4 class=\"title\">3E<\/h4>            <\/div>\n            <div><p>Csappal egy\u00fctt = 3F<\/p><\/div>        <div class=\"infobox-button\">\n            <a class=\"eael-infobox-button\" href=\"https:\/\/moliton.hu\/en\/2g\/\">\n                                                <span class=\"infobox-button-text\">Discover<\/span>\n                            <\/a>\n        <\/div>\n            <\/div>\n            <\/div>\n\n\t\t\t\t\t\t<\/div>\n\t\t\t\t<\/div>\n\t\t\t\t<\/div>\n\t\t\t\t<\/div>\n\t\t\t\t\t<\/div>\n\t\t\t\t<\/div>\n\t\t\t\t<\/div>","protected":false},"excerpt":{"rendered":"<p>3A Csappal egy\u00fctt = 3B Megtekintem 3C Csappal egy\u00fctt = 3D Megtekintem 3G Csappal egy\u00fctt = 3H Megtekintem 3E Csappal egy\u00fctt = 3F Megtekintem<\/p>","protected":false},"author":1,"featured_media":0,"parent":0,"menu_order":0,"comment_status":"closed","ping_status":"closed","template":"elementor_header_footer","meta":{"footnotes":""},"class_list":["post-1150","page","type-page","status-publish","hentry"],"yoast_head":"<!-- This site is optimized with the Yoast SEO Premium plugin v27.4 (Yoast SEO v27.4) - https:\/\/yoast.com\/product\/yoast-seo-premium-wordpress\/ -->\n<title>Vill\u00e1s csatlakoz\u00f3k - Moliton<\/title>\n<meta name=\"description\" content=\"G\u00e1zrug\u00f3 vill\u00e1s csatlakoz\u00f3 (villa) t\u00edpusok: 3A, 3C, 3G \u00e9s 3E sz\u00e9ri\u00e1k csappal vagy an\u00e9lk\u00fcl. Robusztus ac\u00e9l kivitel ipari g\u00e9pekhez \u00e9s j\u00e1rm\u0171vekhez. Tekintse meg k\u00edn\u00e1latunkat!\" \/>\n<meta name=\"robots\" content=\"index, follow, max-snippet:-1, max-image-preview:large, max-video-preview:-1\" \/>\n<link rel=\"canonical\" href=\"https:\/\/moliton.hu\/en\/villas-csatlakozok\/\" \/>\n<meta property=\"og:locale\" content=\"en_US\" \/>\n<meta property=\"og:type\" content=\"article\" \/>\n<meta property=\"og:title\" content=\"Vill\u00e1s csatlakoz\u00f3k\" \/>\n<meta property=\"og:description\" content=\"G\u00e1zrug\u00f3 vill\u00e1s csatlakoz\u00f3 (villa) t\u00edpusok: 3A, 3C, 3G \u00e9s 3E sz\u00e9ri\u00e1k csappal vagy an\u00e9lk\u00fcl. Robusztus ac\u00e9l kivitel ipari g\u00e9pekhez \u00e9s j\u00e1rm\u0171vekhez. Tekintse meg k\u00edn\u00e1latunkat!\" \/>\n<meta property=\"og:url\" content=\"https:\/\/moliton.hu\/en\/villas-csatlakozok\/\" \/>\n<meta property=\"og:site_name\" content=\"Moliton\" \/>\n<meta property=\"article:modified_time\" content=\"2026-04-15T08:54:52+00:00\" \/>\n<meta property=\"og:image\" content=\"https:\/\/moliton.hu\/wp-content\/uploads\/2026\/03\/Nevtelen-terv-89.png\" \/>\n<meta name=\"twitter:card\" content=\"summary_large_image\" \/>\n<meta name=\"twitter:label1\" content=\"Est. reading time\" \/>\n\t<meta name=\"twitter:data1\" content=\"1 minute\" \/>\n<script type=\"application\/ld+json\" class=\"yoast-schema-graph\">{\"@context\":\"https:\\\/\\\/schema.org\",\"@graph\":[{\"@type\":\"WebPage\",\"@id\":\"https:\\\/\\\/moliton.hu\\\/villas-csatlakozok\\\/\",\"url\":\"https:\\\/\\\/moliton.hu\\\/villas-csatlakozok\\\/\",\"name\":\"Vill\u00e1s csatlakoz\u00f3k - Moliton\",\"isPartOf\":{\"@id\":\"https:\\\/\\\/moliton.hu\\\/#website\"},\"primaryImageOfPage\":{\"@id\":\"https:\\\/\\\/moliton.hu\\\/villas-csatlakozok\\\/#primaryimage\"},\"image\":{\"@id\":\"https:\\\/\\\/moliton.hu\\\/villas-csatlakozok\\\/#primaryimage\"},\"thumbnailUrl\":\"https:\\\/\\\/moliton.hu\\\/wp-content\\\/uploads\\\/2026\\\/03\\\/Nevtelen-terv-89.png\",\"datePublished\":\"2026-03-20T11:47:57+00:00\",\"dateModified\":\"2026-04-15T08:54:52+00:00\",\"description\":\"G\u00e1zrug\u00f3 vill\u00e1s csatlakoz\u00f3 (villa) t\u00edpusok: 3A, 3C, 3G \u00e9s 3E sz\u00e9ri\u00e1k csappal vagy an\u00e9lk\u00fcl. Robusztus ac\u00e9l kivitel ipari g\u00e9pekhez \u00e9s j\u00e1rm\u0171vekhez. Tekintse meg k\u00edn\u00e1latunkat!\",\"breadcrumb\":{\"@id\":\"https:\\\/\\\/moliton.hu\\\/villas-csatlakozok\\\/#breadcrumb\"},\"inLanguage\":\"en-US\",\"potentialAction\":[{\"@type\":\"ReadAction\",\"target\":[\"https:\\\/\\\/moliton.hu\\\/villas-csatlakozok\\\/\"]}]},{\"@type\":\"ImageObject\",\"inLanguage\":\"en-US\",\"@id\":\"https:\\\/\\\/moliton.hu\\\/villas-csatlakozok\\\/#primaryimage\",\"url\":\"https:\\\/\\\/moliton.hu\\\/wp-content\\\/uploads\\\/2026\\\/03\\\/Nevtelen-terv-89.png\",\"contentUrl\":\"https:\\\/\\\/moliton.hu\\\/wp-content\\\/uploads\\\/2026\\\/03\\\/Nevtelen-terv-89.png\"},{\"@type\":\"BreadcrumbList\",\"@id\":\"https:\\\/\\\/moliton.hu\\\/villas-csatlakozok\\\/#breadcrumb\",\"itemListElement\":[{\"@type\":\"ListItem\",\"position\":1,\"name\":\"Home\",\"item\":\"https:\\\/\\\/moliton.hu\\\/en\\\/\"},{\"@type\":\"ListItem\",\"position\":2,\"name\":\"Vill\u00e1s csatlakoz\u00f3k\"}]},{\"@type\":\"WebSite\",\"@id\":\"https:\\\/\\\/moliton.hu\\\/#website\",\"url\":\"https:\\\/\\\/moliton.hu\\\/\",\"name\":\"Moliton\",\"description\":\"30 \u00e9ve a lakoss\u00e1g \u00e9s az ipar szolg\u00e1lat\u00e1ban.\",\"publisher\":{\"@id\":\"https:\\\/\\\/moliton.hu\\\/#organization\"},\"potentialAction\":[{\"@type\":\"SearchAction\",\"target\":{\"@type\":\"EntryPoint\",\"urlTemplate\":\"https:\\\/\\\/moliton.hu\\\/?s={search_term_string}\"},\"query-input\":{\"@type\":\"PropertyValueSpecification\",\"valueRequired\":true,\"valueName\":\"search_term_string\"}}],\"inLanguage\":\"en-US\"},{\"@type\":\"Organization\",\"@id\":\"https:\\\/\\\/moliton.hu\\\/#organization\",\"name\":\"Moliton\",\"url\":\"https:\\\/\\\/moliton.hu\\\/\",\"logo\":{\"@type\":\"ImageObject\",\"inLanguage\":\"en-US\",\"@id\":\"https:\\\/\\\/moliton.hu\\\/#\\\/schema\\\/logo\\\/image\\\/\",\"url\":\"https:\\\/\\\/moliton.hu\\\/wp-content\\\/uploads\\\/2026\\\/03\\\/moliton-logo.png\",\"contentUrl\":\"https:\\\/\\\/moliton.hu\\\/wp-content\\\/uploads\\\/2026\\\/03\\\/moliton-logo.png\",\"width\":2048,\"height\":2048,\"caption\":\"Moliton\"},\"image\":{\"@id\":\"https:\\\/\\\/moliton.hu\\\/#\\\/schema\\\/logo\\\/image\\\/\"}}]}<\/script>\n<!-- \/ Yoast SEO Premium plugin. -->","yoast_head_json":{"title":"Vill\u00e1s csatlakoz\u00f3k - Moliton","description":"G\u00e1zrug\u00f3 vill\u00e1s csatlakoz\u00f3 (villa) t\u00edpusok: 3A, 3C, 3G \u00e9s 3E sz\u00e9ri\u00e1k csappal vagy an\u00e9lk\u00fcl. Robusztus ac\u00e9l kivitel ipari g\u00e9pekhez \u00e9s j\u00e1rm\u0171vekhez. Tekintse meg k\u00edn\u00e1latunkat!","robots":{"index":"index","follow":"follow","max-snippet":"max-snippet:-1","max-image-preview":"max-image-preview:large","max-video-preview":"max-video-preview:-1"},"canonical":"https:\/\/moliton.hu\/en\/villas-csatlakozok\/","og_locale":"en_US","og_type":"article","og_title":"Vill\u00e1s csatlakoz\u00f3k","og_description":"G\u00e1zrug\u00f3 vill\u00e1s csatlakoz\u00f3 (villa) t\u00edpusok: 3A, 3C, 3G \u00e9s 3E sz\u00e9ri\u00e1k csappal vagy an\u00e9lk\u00fcl. Robusztus ac\u00e9l kivitel ipari g\u00e9pekhez \u00e9s j\u00e1rm\u0171vekhez. Tekintse meg k\u00edn\u00e1latunkat!","og_url":"https:\/\/moliton.hu\/en\/villas-csatlakozok\/","og_site_name":"Moliton","article_modified_time":"2026-04-15T08:54:52+00:00","og_image":[{"url":"https:\/\/moliton.hu\/wp-content\/uploads\/2026\/03\/Nevtelen-terv-89.png","type":"","width":"","height":""}],"twitter_card":"summary_large_image","twitter_misc":{"Est. reading time":"1 minute"},"schema":{"@context":"https:\/\/schema.org","@graph":[{"@type":"WebPage","@id":"https:\/\/moliton.hu\/villas-csatlakozok\/","url":"https:\/\/moliton.hu\/villas-csatlakozok\/","name":"Vill\u00e1s csatlakoz\u00f3k - Moliton","isPartOf":{"@id":"https:\/\/moliton.hu\/#website"},"primaryImageOfPage":{"@id":"https:\/\/moliton.hu\/villas-csatlakozok\/#primaryimage"},"image":{"@id":"https:\/\/moliton.hu\/villas-csatlakozok\/#primaryimage"},"thumbnailUrl":"https:\/\/moliton.hu\/wp-content\/uploads\/2026\/03\/Nevtelen-terv-89.png","datePublished":"2026-03-20T11:47:57+00:00","dateModified":"2026-04-15T08:54:52+00:00","description":"G\u00e1zrug\u00f3 vill\u00e1s csatlakoz\u00f3 (villa) t\u00edpusok: 3A, 3C, 3G \u00e9s 3E sz\u00e9ri\u00e1k csappal vagy an\u00e9lk\u00fcl. Robusztus ac\u00e9l kivitel ipari g\u00e9pekhez \u00e9s j\u00e1rm\u0171vekhez. Tekintse meg k\u00edn\u00e1latunkat!","breadcrumb":{"@id":"https:\/\/moliton.hu\/villas-csatlakozok\/#breadcrumb"},"inLanguage":"en-US","potentialAction":[{"@type":"ReadAction","target":["https:\/\/moliton.hu\/villas-csatlakozok\/"]}]},{"@type":"ImageObject","inLanguage":"en-US","@id":"https:\/\/moliton.hu\/villas-csatlakozok\/#primaryimage","url":"https:\/\/moliton.hu\/wp-content\/uploads\/2026\/03\/Nevtelen-terv-89.png","contentUrl":"https:\/\/moliton.hu\/wp-content\/uploads\/2026\/03\/Nevtelen-terv-89.png"},{"@type":"BreadcrumbList","@id":"https:\/\/moliton.hu\/villas-csatlakozok\/#breadcrumb","itemListElement":[{"@type":"ListItem","position":1,"name":"Home","item":"https:\/\/moliton.hu\/en\/"},{"@type":"ListItem","position":2,"name":"Vill\u00e1s csatlakoz\u00f3k"}]},{"@type":"WebSite","@id":"https:\/\/moliton.hu\/#website","url":"https:\/\/moliton.hu\/","name":"Moliton","description":"30 \u00e9ve a lakoss\u00e1g \u00e9s az ipar szolg\u00e1lat\u00e1ban.","publisher":{"@id":"https:\/\/moliton.hu\/#organization"},"potentialAction":[{"@type":"SearchAction","target":{"@type":"EntryPoint","urlTemplate":"https:\/\/moliton.hu\/?s={search_term_string}"},"query-input":{"@type":"PropertyValueSpecification","valueRequired":true,"valueName":"search_term_string"}}],"inLanguage":"en-US"},{"@type":"Organization","@id":"https:\/\/moliton.hu\/#organization","name":"Moliton","url":"https:\/\/moliton.hu\/","logo":{"@type":"ImageObject","inLanguage":"en-US","@id":"https:\/\/moliton.hu\/#\/schema\/logo\/image\/","url":"https:\/\/moliton.hu\/wp-content\/uploads\/2026\/03\/moliton-logo.png","contentUrl":"https:\/\/moliton.hu\/wp-content\/uploads\/2026\/03\/moliton-logo.png","width":2048,"height":2048,"caption":"Moliton"},"image":{"@id":"https:\/\/moliton.hu\/#\/schema\/logo\/image\/"}}]}},"_links":{"self":[{"href":"https:\/\/moliton.hu\/en\/wp-json\/wp\/v2\/pages\/1150","targetHints":{"allow":["GET"]}}],"collection":[{"href":"https:\/\/moliton.hu\/en\/wp-json\/wp\/v2\/pages"}],"about":[{"href":"https:\/\/moliton.hu\/en\/wp-json\/wp\/v2\/types\/page"}],"author":[{"embeddable":true,"href":"https:\/\/moliton.hu\/en\/wp-json\/wp\/v2\/users\/1"}],"replies":[{"embeddable":true,"href":"https:\/\/moliton.hu\/en\/wp-json\/wp\/v2\/comments?post=1150"}],"version-history":[{"count":1,"href":"https:\/\/moliton.hu\/en\/wp-json\/wp\/v2\/pages\/1150\/revisions"}],"predecessor-version":[{"id":2369,"href":"https:\/\/moliton.hu\/en\/wp-json\/wp\/v2\/pages\/1150\/revisions\/2369"}],"wp:attachment":[{"href":"https:\/\/moliton.hu\/en\/wp-json\/wp\/v2\/media?parent=1150"}],"curies":[{"name":"wp","href":"https:\/\/api.w.org\/{rel}","templated":true}]}}