{"id":1190,"date":"2026-03-20T12:39:39","date_gmt":"2026-03-20T12:39:39","guid":{"rendered":"https:\/\/teszt2.invictum.hu\/?page_id=1190"},"modified":"2026-04-15T08:33:47","modified_gmt":"2026-04-15T08:33:47","slug":"kioldofejek","status":"publish","type":"page","link":"https:\/\/moliton.hu\/en\/kioldofejek\/","title":{"rendered":"Kiold\u00f3fejek"},"content":{"rendered":"<div data-elementor-type=\"wp-page\" data-elementor-id=\"1190\" class=\"elementor elementor-1190\" data-elementor-post-type=\"page\">\n\t\t\t\t<div class=\"elementor-element elementor-element-a296e95 e-flex e-con-boxed e-con e-parent\" data-id=\"a296e95\" data-element_type=\"container\" data-e-type=\"container\">\n\t\t\t\t\t<div class=\"e-con-inner\">\n\t\t<div class=\"elementor-element elementor-element-578d975 e-con-full e-flex e-con e-child\" data-id=\"578d975\" data-element_type=\"container\" data-e-type=\"container\">\n\t\t<div class=\"elementor-element elementor-element-d4ec82b e-con-full e-flex e-con e-child\" data-id=\"d4ec82b\" data-element_type=\"container\" data-e-type=\"container\">\n\t\t<div class=\"elementor-element elementor-element-1810653 e-con-full e-flex e-con e-child\" data-id=\"1810653\" data-element_type=\"container\" data-e-type=\"container\">\n\t\t\t\t<div class=\"elementor-element elementor-element-a294a34 eael-infobox-content-align--left eael-infobox-shape-square eael-infobox-hover-img-shape-square elementor-invisible elementor-widget elementor-widget-eael-info-box\" data-id=\"a294a34\" data-element_type=\"widget\" data-e-type=\"widget\" data-settings=\"{&quot;_animation&quot;:&quot;fadeInUp&quot;}\" data-widget_type=\"eael-info-box.default\">\n\t\t\t\t\t        <div class=\"eael-infobox icon-on-top\">\n\t            <div class=\"infobox-icon\">\n\n                            <img decoding=\"async\" src=\"https:\/\/moliton.hu\/wp-content\/uploads\/2026\/03\/Nevtelen-terv-2026-03-20T134329.520.png\" alt=\"\">\n            \n            \n            \n        <\/div>\n            <div class=\"infobox-content\">\n                    <div class=\"infobox-title-section\">\n                <h3 class=\"title\">Szemes kiold\u00f3fej<\/h3>            <\/div>\n                    <div class=\"infobox-button\">\n            <a class=\"eael-infobox-button\" href=\"https:\/\/moliton.hu\/en\/2t\/\">\n                                                <span class=\"infobox-button-text\">Discover<\/span>\n                            <\/a>\n        <\/div>\n            <\/div>\n            <\/div>\n\n\t\t\t\t\t\t<\/div>\n\t\t\t\t<\/div>\n\t\t<div class=\"elementor-element elementor-element-a602933 e-con-full e-flex e-con e-child\" data-id=\"a602933\" data-element_type=\"container\" data-e-type=\"container\">\n\t\t\t\t<div class=\"elementor-element elementor-element-2a1719c eael-infobox-content-align--left eael-infobox-shape-square eael-infobox-hover-img-shape-square elementor-invisible elementor-widget elementor-widget-eael-info-box\" data-id=\"2a1719c\" data-element_type=\"widget\" data-e-type=\"widget\" data-settings=\"{&quot;_animation&quot;:&quot;fadeInUp&quot;}\" data-widget_type=\"eael-info-box.default\">\n\t\t\t\t\t        <div class=\"eael-infobox icon-on-top\">\n\t            <div class=\"infobox-icon\">\n\n                            <img decoding=\"async\" src=\"https:\/\/moliton.hu\/wp-content\/uploads\/2026\/03\/Nevtelen-terv-2026-03-20T134241.069.png\" alt=\"\">\n            \n            \n            \n        <\/div>\n            <div class=\"infobox-content\">\n                    <div class=\"infobox-title-section\">\n                <h4 class=\"title\">Vill\u00e1s kiold\u00f3fej<\/h4>            <\/div>\n                    <div class=\"infobox-button\">\n            <a class=\"eael-infobox-button\" href=\"https:\/\/moliton.hu\/en\/2f\/\">\n                                                <span class=\"infobox-button-text\">Discover<\/span>\n                            <\/a>\n        <\/div>\n            <\/div>\n            <\/div>\n\n\t\t\t\t\t\t<\/div>\n\t\t\t\t<\/div>\n\t\t\t\t<\/div>\n\t\t\t\t<\/div>\n\t\t\t\t\t<\/div>\n\t\t\t\t<\/div>\n\t\t\t\t<\/div>","protected":false},"excerpt":{"rendered":"<p>Szemes kiold\u00f3fej Megtekintem Vill\u00e1s kiold\u00f3fej Megtekintem<\/p>","protected":false},"author":1,"featured_media":0,"parent":0,"menu_order":0,"comment_status":"closed","ping_status":"closed","template":"elementor_header_footer","meta":{"footnotes":""},"class_list":["post-1190","page","type-page","status-publish","hentry"],"yoast_head":"<!-- This site is optimized with the Yoast SEO Premium plugin v27.4 (Yoast SEO v27.4) - https:\/\/yoast.com\/product\/yoast-seo-premium-wordpress\/ -->\n<title>Kiold\u00f3fejek - Moliton<\/title>\n<meta name=\"description\" content=\"Kiold\u00f3fej blokkolhat\u00f3 g\u00e1zrug\u00f3hoz: szemes \u00e9s vill\u00e1s t\u00edpusok a prec\u00edz m\u0171k\u00f6dtet\u00e9s\u00e9rt. Ismerje meg v\u00e1laszt\u00e9kunkat, a be\u00e9p\u00edt\u00e9si m\u00f3dokat \u00e9s a k\u00e9nyelmi funkci\u00f3kat!\" \/>\n<meta name=\"robots\" content=\"index, follow, max-snippet:-1, max-image-preview:large, max-video-preview:-1\" \/>\n<link rel=\"canonical\" href=\"https:\/\/moliton.hu\/en\/kioldofejek\/\" \/>\n<meta property=\"og:locale\" content=\"en_US\" \/>\n<meta property=\"og:type\" content=\"article\" \/>\n<meta property=\"og:title\" content=\"Kiold\u00f3fejek\" \/>\n<meta property=\"og:description\" content=\"Kiold\u00f3fej blokkolhat\u00f3 g\u00e1zrug\u00f3hoz: szemes \u00e9s vill\u00e1s t\u00edpusok a prec\u00edz m\u0171k\u00f6dtet\u00e9s\u00e9rt. Ismerje meg v\u00e1laszt\u00e9kunkat, a be\u00e9p\u00edt\u00e9si m\u00f3dokat \u00e9s a k\u00e9nyelmi funkci\u00f3kat!\" \/>\n<meta property=\"og:url\" content=\"https:\/\/moliton.hu\/en\/kioldofejek\/\" \/>\n<meta property=\"og:site_name\" content=\"Moliton\" \/>\n<meta property=\"article:modified_time\" content=\"2026-04-15T08:33:47+00:00\" \/>\n<meta property=\"og:image\" content=\"https:\/\/moliton.hu\/wp-content\/uploads\/2026\/03\/Nevtelen-terv-2026-03-20T134329.520.png\" \/>\n<meta name=\"twitter:card\" content=\"summary_large_image\" \/>\n<meta name=\"twitter:label1\" content=\"Est. reading time\" \/>\n\t<meta name=\"twitter:data1\" content=\"1 minute\" \/>\n<script type=\"application\/ld+json\" class=\"yoast-schema-graph\">{\"@context\":\"https:\\\/\\\/schema.org\",\"@graph\":[{\"@type\":\"WebPage\",\"@id\":\"https:\\\/\\\/moliton.hu\\\/kioldofejek\\\/\",\"url\":\"https:\\\/\\\/moliton.hu\\\/kioldofejek\\\/\",\"name\":\"Kiold\u00f3fejek - Moliton\",\"isPartOf\":{\"@id\":\"https:\\\/\\\/moliton.hu\\\/#website\"},\"primaryImageOfPage\":{\"@id\":\"https:\\\/\\\/moliton.hu\\\/kioldofejek\\\/#primaryimage\"},\"image\":{\"@id\":\"https:\\\/\\\/moliton.hu\\\/kioldofejek\\\/#primaryimage\"},\"thumbnailUrl\":\"https:\\\/\\\/moliton.hu\\\/wp-content\\\/uploads\\\/2026\\\/03\\\/Nevtelen-terv-2026-03-20T134329.520.png\",\"datePublished\":\"2026-03-20T12:39:39+00:00\",\"dateModified\":\"2026-04-15T08:33:47+00:00\",\"description\":\"Kiold\u00f3fej blokkolhat\u00f3 g\u00e1zrug\u00f3hoz: szemes \u00e9s vill\u00e1s t\u00edpusok a prec\u00edz m\u0171k\u00f6dtet\u00e9s\u00e9rt. Ismerje meg v\u00e1laszt\u00e9kunkat, a be\u00e9p\u00edt\u00e9si m\u00f3dokat \u00e9s a k\u00e9nyelmi funkci\u00f3kat!\",\"breadcrumb\":{\"@id\":\"https:\\\/\\\/moliton.hu\\\/kioldofejek\\\/#breadcrumb\"},\"inLanguage\":\"en-US\",\"potentialAction\":[{\"@type\":\"ReadAction\",\"target\":[\"https:\\\/\\\/moliton.hu\\\/kioldofejek\\\/\"]}]},{\"@type\":\"ImageObject\",\"inLanguage\":\"en-US\",\"@id\":\"https:\\\/\\\/moliton.hu\\\/kioldofejek\\\/#primaryimage\",\"url\":\"https:\\\/\\\/moliton.hu\\\/wp-content\\\/uploads\\\/2026\\\/03\\\/Nevtelen-terv-2026-03-20T134329.520.png\",\"contentUrl\":\"https:\\\/\\\/moliton.hu\\\/wp-content\\\/uploads\\\/2026\\\/03\\\/Nevtelen-terv-2026-03-20T134329.520.png\"},{\"@type\":\"BreadcrumbList\",\"@id\":\"https:\\\/\\\/moliton.hu\\\/kioldofejek\\\/#breadcrumb\",\"itemListElement\":[{\"@type\":\"ListItem\",\"position\":1,\"name\":\"Home\",\"item\":\"https:\\\/\\\/moliton.hu\\\/en\\\/\"},{\"@type\":\"ListItem\",\"position\":2,\"name\":\"Kiold\u00f3fejek\"}]},{\"@type\":\"WebSite\",\"@id\":\"https:\\\/\\\/moliton.hu\\\/#website\",\"url\":\"https:\\\/\\\/moliton.hu\\\/\",\"name\":\"Moliton\",\"description\":\"30 \u00e9ve a lakoss\u00e1g \u00e9s az ipar szolg\u00e1lat\u00e1ban.\",\"publisher\":{\"@id\":\"https:\\\/\\\/moliton.hu\\\/#organization\"},\"potentialAction\":[{\"@type\":\"SearchAction\",\"target\":{\"@type\":\"EntryPoint\",\"urlTemplate\":\"https:\\\/\\\/moliton.hu\\\/?s={search_term_string}\"},\"query-input\":{\"@type\":\"PropertyValueSpecification\",\"valueRequired\":true,\"valueName\":\"search_term_string\"}}],\"inLanguage\":\"en-US\"},{\"@type\":\"Organization\",\"@id\":\"https:\\\/\\\/moliton.hu\\\/#organization\",\"name\":\"Moliton\",\"url\":\"https:\\\/\\\/moliton.hu\\\/\",\"logo\":{\"@type\":\"ImageObject\",\"inLanguage\":\"en-US\",\"@id\":\"https:\\\/\\\/moliton.hu\\\/#\\\/schema\\\/logo\\\/image\\\/\",\"url\":\"https:\\\/\\\/moliton.hu\\\/wp-content\\\/uploads\\\/2026\\\/03\\\/moliton-logo.png\",\"contentUrl\":\"https:\\\/\\\/moliton.hu\\\/wp-content\\\/uploads\\\/2026\\\/03\\\/moliton-logo.png\",\"width\":2048,\"height\":2048,\"caption\":\"Moliton\"},\"image\":{\"@id\":\"https:\\\/\\\/moliton.hu\\\/#\\\/schema\\\/logo\\\/image\\\/\"}}]}<\/script>\n<!-- \/ Yoast SEO Premium plugin. -->","yoast_head_json":{"title":"Kiold\u00f3fejek - Moliton","description":"Kiold\u00f3fej blokkolhat\u00f3 g\u00e1zrug\u00f3hoz: szemes \u00e9s vill\u00e1s t\u00edpusok a prec\u00edz m\u0171k\u00f6dtet\u00e9s\u00e9rt. Ismerje meg v\u00e1laszt\u00e9kunkat, a be\u00e9p\u00edt\u00e9si m\u00f3dokat \u00e9s a k\u00e9nyelmi funkci\u00f3kat!","robots":{"index":"index","follow":"follow","max-snippet":"max-snippet:-1","max-image-preview":"max-image-preview:large","max-video-preview":"max-video-preview:-1"},"canonical":"https:\/\/moliton.hu\/en\/kioldofejek\/","og_locale":"en_US","og_type":"article","og_title":"Kiold\u00f3fejek","og_description":"Kiold\u00f3fej blokkolhat\u00f3 g\u00e1zrug\u00f3hoz: szemes \u00e9s vill\u00e1s t\u00edpusok a prec\u00edz m\u0171k\u00f6dtet\u00e9s\u00e9rt. Ismerje meg v\u00e1laszt\u00e9kunkat, a be\u00e9p\u00edt\u00e9si m\u00f3dokat \u00e9s a k\u00e9nyelmi funkci\u00f3kat!","og_url":"https:\/\/moliton.hu\/en\/kioldofejek\/","og_site_name":"Moliton","article_modified_time":"2026-04-15T08:33:47+00:00","og_image":[{"url":"https:\/\/moliton.hu\/wp-content\/uploads\/2026\/03\/Nevtelen-terv-2026-03-20T134329.520.png","type":"","width":"","height":""}],"twitter_card":"summary_large_image","twitter_misc":{"Est. reading time":"1 minute"},"schema":{"@context":"https:\/\/schema.org","@graph":[{"@type":"WebPage","@id":"https:\/\/moliton.hu\/kioldofejek\/","url":"https:\/\/moliton.hu\/kioldofejek\/","name":"Kiold\u00f3fejek - Moliton","isPartOf":{"@id":"https:\/\/moliton.hu\/#website"},"primaryImageOfPage":{"@id":"https:\/\/moliton.hu\/kioldofejek\/#primaryimage"},"image":{"@id":"https:\/\/moliton.hu\/kioldofejek\/#primaryimage"},"thumbnailUrl":"https:\/\/moliton.hu\/wp-content\/uploads\/2026\/03\/Nevtelen-terv-2026-03-20T134329.520.png","datePublished":"2026-03-20T12:39:39+00:00","dateModified":"2026-04-15T08:33:47+00:00","description":"Kiold\u00f3fej blokkolhat\u00f3 g\u00e1zrug\u00f3hoz: szemes \u00e9s vill\u00e1s t\u00edpusok a prec\u00edz m\u0171k\u00f6dtet\u00e9s\u00e9rt. Ismerje meg v\u00e1laszt\u00e9kunkat, a be\u00e9p\u00edt\u00e9si m\u00f3dokat \u00e9s a k\u00e9nyelmi funkci\u00f3kat!","breadcrumb":{"@id":"https:\/\/moliton.hu\/kioldofejek\/#breadcrumb"},"inLanguage":"en-US","potentialAction":[{"@type":"ReadAction","target":["https:\/\/moliton.hu\/kioldofejek\/"]}]},{"@type":"ImageObject","inLanguage":"en-US","@id":"https:\/\/moliton.hu\/kioldofejek\/#primaryimage","url":"https:\/\/moliton.hu\/wp-content\/uploads\/2026\/03\/Nevtelen-terv-2026-03-20T134329.520.png","contentUrl":"https:\/\/moliton.hu\/wp-content\/uploads\/2026\/03\/Nevtelen-terv-2026-03-20T134329.520.png"},{"@type":"BreadcrumbList","@id":"https:\/\/moliton.hu\/kioldofejek\/#breadcrumb","itemListElement":[{"@type":"ListItem","position":1,"name":"Home","item":"https:\/\/moliton.hu\/en\/"},{"@type":"ListItem","position":2,"name":"Kiold\u00f3fejek"}]},{"@type":"WebSite","@id":"https:\/\/moliton.hu\/#website","url":"https:\/\/moliton.hu\/","name":"Moliton","description":"30 \u00e9ve a lakoss\u00e1g \u00e9s az ipar szolg\u00e1lat\u00e1ban.","publisher":{"@id":"https:\/\/moliton.hu\/#organization"},"potentialAction":[{"@type":"SearchAction","target":{"@type":"EntryPoint","urlTemplate":"https:\/\/moliton.hu\/?s={search_term_string}"},"query-input":{"@type":"PropertyValueSpecification","valueRequired":true,"valueName":"search_term_string"}}],"inLanguage":"en-US"},{"@type":"Organization","@id":"https:\/\/moliton.hu\/#organization","name":"Moliton","url":"https:\/\/moliton.hu\/","logo":{"@type":"ImageObject","inLanguage":"en-US","@id":"https:\/\/moliton.hu\/#\/schema\/logo\/image\/","url":"https:\/\/moliton.hu\/wp-content\/uploads\/2026\/03\/moliton-logo.png","contentUrl":"https:\/\/moliton.hu\/wp-content\/uploads\/2026\/03\/moliton-logo.png","width":2048,"height":2048,"caption":"Moliton"},"image":{"@id":"https:\/\/moliton.hu\/#\/schema\/logo\/image\/"}}]}},"_links":{"self":[{"href":"https:\/\/moliton.hu\/en\/wp-json\/wp\/v2\/pages\/1190","targetHints":{"allow":["GET"]}}],"collection":[{"href":"https:\/\/moliton.hu\/en\/wp-json\/wp\/v2\/pages"}],"about":[{"href":"https:\/\/moliton.hu\/en\/wp-json\/wp\/v2\/types\/page"}],"author":[{"embeddable":true,"href":"https:\/\/moliton.hu\/en\/wp-json\/wp\/v2\/users\/1"}],"replies":[{"embeddable":true,"href":"https:\/\/moliton.hu\/en\/wp-json\/wp\/v2\/comments?post=1190"}],"version-history":[{"count":1,"href":"https:\/\/moliton.hu\/en\/wp-json\/wp\/v2\/pages\/1190\/revisions"}],"predecessor-version":[{"id":2336,"href":"https:\/\/moliton.hu\/en\/wp-json\/wp\/v2\/pages\/1190\/revisions\/2336"}],"wp:attachment":[{"href":"https:\/\/moliton.hu\/en\/wp-json\/wp\/v2\/media?parent=1190"}],"curies":[{"name":"wp","href":"https:\/\/api.w.org\/{rel}","templated":true}]}}