{"id":395,"date":"2026-03-17T09:30:21","date_gmt":"2026-03-17T09:30:21","guid":{"rendered":"https:\/\/teszt2.invictum.hu\/?page_id=395"},"modified":"2026-04-15T07:52:08","modified_gmt":"2026-04-15T07:52:08","slug":"blokkolhato-gazrugok","status":"publish","type":"page","link":"https:\/\/moliton.hu\/en\/blokkolhato-gazrugok\/","title":{"rendered":"Blokkolhat\u00f3 g\u00e1zrug\u00f3k"},"content":{"rendered":"\t\t<div data-elementor-type=\"wp-page\" data-elementor-id=\"395\" class=\"elementor elementor-395\" data-elementor-post-type=\"page\">\n\t\t\t\t<div class=\"elementor-element elementor-element-48615396 e-flex e-con-boxed e-con e-parent\" data-id=\"48615396\" data-element_type=\"container\" data-e-type=\"container\">\n\t\t\t\t\t<div class=\"e-con-inner\">\n\t\t<div class=\"elementor-element elementor-element-5afbda9e e-con-full e-flex e-con e-child\" data-id=\"5afbda9e\" data-element_type=\"container\" data-e-type=\"container\">\n\t\t\t\t<div class=\"elementor-element elementor-element-3fb91b48 elementor-widget elementor-widget-heading\" data-id=\"3fb91b48\" data-element_type=\"widget\" data-e-type=\"widget\" data-widget_type=\"heading.default\">\n\t\t\t\t\t<h2 class=\"elementor-heading-title elementor-size-default\">MP, MKBN rug\u00f3z\u00f3an blokkolhat\u00f3 g\u00e1zrug\u00f3<\/h2>\t\t\t\t<\/div>\n\t\t\t\t<div class=\"elementor-element elementor-element-59eec77 elementor-widget elementor-widget-image\" data-id=\"59eec77\" data-element_type=\"widget\" data-e-type=\"widget\" data-widget_type=\"image.default\">\n\t\t\t\t\t\t\t\t\t\t\t\t\t\t\t<img fetchpriority=\"high\" decoding=\"async\" width=\"800\" height=\"100\" src=\"https:\/\/moliton.hu\/wp-content\/uploads\/2026\/03\/MKBweb-rklfo77mf8n8jwh1dksbyqser800bdv28jhgd1hd5o-1024x128.png\" class=\"attachment-large size-large wp-image-400\" alt=\"\" srcset=\"https:\/\/moliton.hu\/wp-content\/uploads\/2026\/03\/MKBweb-rklfo77mf8n8jwh1dksbyqser800bdv28jhgd1hd5o-1024x128.png 1024w, https:\/\/moliton.hu\/wp-content\/uploads\/2026\/03\/MKBweb-rklfo77mf8n8jwh1dksbyqser800bdv28jhgd1hd5o-600x75.png 600w, https:\/\/moliton.hu\/wp-content\/uploads\/2026\/03\/MKBweb-rklfo77mf8n8jwh1dksbyqser800bdv28jhgd1hd5o-300x38.png 300w, https:\/\/moliton.hu\/wp-content\/uploads\/2026\/03\/MKBweb-rklfo77mf8n8jwh1dksbyqser800bdv28jhgd1hd5o-768x96.png 768w, https:\/\/moliton.hu\/wp-content\/uploads\/2026\/03\/MKBweb-rklfo77mf8n8jwh1dksbyqser800bdv28jhgd1hd5o.png 1200w\" sizes=\"(max-width: 800px) 100vw, 800px\" \/>\t\t\t\t\t\t\t\t\t\t\t\t\t\t\t<\/div>\n\t\t\t\t<div class=\"elementor-element elementor-element-769bcb50 elementor-align-center elementor-widget elementor-widget-button\" data-id=\"769bcb50\" data-element_type=\"widget\" data-e-type=\"widget\" data-widget_type=\"button.default\">\n\t\t\t\t\t\t\t\t\t\t<a class=\"elementor-button elementor-button-link elementor-size-sm\" href=\"https:\/\/moliton.hu\/konfigurator\/\">\n\t\t\t\t\t\t<span class=\"elementor-button-content-wrapper\">\n\t\t\t\t\t\t\t\t\t<span class=\"elementor-button-text\">\u00d6ssze\u00e1ll\u00edtom<\/span>\n\t\t\t\t\t<\/span>\n\t\t\t\t\t<\/a>\n\t\t\t\t\t\t\t\t<\/div>\n\t\t\t\t<div class=\"elementor-element elementor-element-6f8403bf elementor-widget elementor-widget-text-editor\" data-id=\"6f8403bf\" data-element_type=\"widget\" data-e-type=\"widget\" data-widget_type=\"text-editor.default\">\n\t\t\t\t\t\t\t\t\t<div class=\"elementor-element elementor-element-27bb342 e-flex e-con-boxed e-con e-parent e-lazyloaded\" data-id=\"27bb342\" data-element_type=\"container\"><div class=\"e-con-inner\"><div class=\"elementor-element elementor-element-bc7d378 elementor-widget-mobile__width-initial elementor-widget elementor-widget-text-editor\" data-id=\"bc7d378\" data-element_type=\"widget\" data-widget_type=\"text-editor.default\"><div class=\"elementor-widget-container\"><div class=\"elementor-element elementor-element-27bb342 e-flex e-con-boxed e-con e-parent e-lazyloaded\" data-id=\"27bb342\" data-element_type=\"container\"><div class=\"e-con-inner\"><div class=\"elementor-element elementor-element-bc7d378 elementor-widget-mobile__width-initial elementor-widget elementor-widget-text-editor\" data-id=\"bc7d378\" data-element_type=\"widget\" data-widget_type=\"text-editor.default\"><div class=\"elementor-widget-container\"><p data-path-to-node=\"4,0\">A\u00a0<b data-path-to-node=\"9\" data-index-in-node=\"2\">blokkolhat\u00f3 g\u00e1zrug\u00f3<\/b>\u00a0abban k\u00fcl\u00f6nb\u00f6zik a standard v\u00e1ltozatt\u00f3l, hogy a dugatty\u00faban egy be\u00e9p\u00edtett szelep tal\u00e1lhat\u00f3. Ez a szelep alapesetben z\u00e1rt, m\u0171k\u00f6dtet\u00e9s\u00e9t a dugatty\u00far\u00fadban kivezetett rudazattal v\u00e9gezhetj\u00fck (5. \u00e1bra). Nyitott \u00e1ll\u00e1sban az alkatr\u00e9sz a hagyom\u00e1nyos g\u00e1zrug\u00f3knak megfelel\u0151en m\u0171k\u00f6dik.<\/p><p data-path-to-node=\"4,1\">Ha a dugatty\u00fa egy adott helyzet\u00e9ben z\u00e1rjuk a szelepet, az megakad\u00e1lyozza a g\u00e1z \u00e1t\u00e1raml\u00e1s\u00e1t. Ennek eredm\u00e9nyek\u00e9nt a dugatty\u00fa minim\u00e1lis elmozdul\u00e1sa ut\u00e1n er\u0151egyens\u00faly alakul ki, \u00edgy az az adott helyen r\u00f6gz\u00fcl. Mivel a dugatty\u00fa mindk\u00e9t oldal\u00e1n \u00f6sszenyomhat\u00f3 g\u00e1z van, ez a\u00a0<b data-path-to-node=\"10\" data-index-in-node=\"266\">blokkolhat\u00f3 g\u00e1zrug\u00f3<\/b>\u00a0rugalmas r\u00f6gz\u00edt\u00e9st biztos\u00edt.<\/p><div class=\"content-image ng-scope\"><img decoding=\"async\" src=\"https:\/\/teszt.invictum.hu\/userfiles\/figure\/abra_rugob_1.jpg\" alt=\"\" \/><a href=\"https:\/\/moliton.hu\/wp-content\/uploads\/2026\/03\/MP-reszei-920x369-1.png\"><img decoding=\"async\" class=\"aligncenter wp-image-448 size-full\" src=\"https:\/\/moliton.hu\/wp-content\/uploads\/2026\/03\/MP-reszei-920x369-1.png\" sizes=\"(max-width: 920px) 100vw, 920px\" srcset=\"https:\/\/moliton.hu\/wp-content\/uploads\/2026\/03\/MP-reszei-920x369-1.png 920w, https:\/\/moliton.hu\/wp-content\/uploads\/2026\/03\/MP-reszei-920x369-1-600x241.png 600w, https:\/\/moliton.hu\/wp-content\/uploads\/2026\/03\/MP-reszei-920x369-1-300x120.png 300w, https:\/\/moliton.hu\/wp-content\/uploads\/2026\/03\/MP-reszei-920x369-1-768x308.png 768w\" alt=\"\" width=\"920\" height=\"369\" \/><\/a><br \/>5. \u00e1bra \u2013 A rug\u00f3z\u00f3an blokkolhat\u00f3 f\u0151bb szerkezeti r\u00e9szei<\/div><div class=\"content-image ng-scope\"><p><img decoding=\"async\" src=\"https:\/\/teszt.invictum.hu\/userfiles\/figure\/abra_rugob_2.jpg\" alt=\"\" \/><\/p><\/div><h3 class=\"ng-scope\">Jel\u00f6l\u00e9s:<\/h3><p class=\"ng-scope\"><strong>MP10-3-1U2R-800-100-300<\/strong><br \/><strong>MP10\/28-3-1U2R-800-100-300<\/strong><\/p><ul class=\"ng-scope\"><li><strong>MP<\/strong>\u00a0\u2013 rug\u00f3z\u00f3an blokkolhat\u00f3 (a t\u00f6bbi jel\u00f6l\u00e9st l\u00e1sd a standard g\u00e1zrug\u00f3kn\u00e1l)<\/li><li><strong>10\/28<\/strong>\u00a0\u2013 10mm-es r\u00fad\u00e1tm\u00e9r\u0151vel, de a norm\u00e1l 23mm-es helyett 28mm-es cs\u0151\u00e1tm\u00e9r\u0151vel.<\/li><\/ul><p class=\"ng-scope\">Rug\u00f3z\u00f3an blokkolhat\u00f3 csak 10-es r\u00fad\u00e1tm\u00e9r\u0151vel, csak 3-as csillap\u00edt\u00e1ssal \u00e9s csak 2R (M10x1 menet 20mm hosszon) r\u00fadcsatlakoz\u00e1ssal k\u00e9sz\u00edt\u00fcnk.<\/p><h3 class=\"ng-scope\">Rug\u00f3z\u00f3an blokkolhat\u00f3 g\u00e1zrug\u00f3k m\u00e9retv\u00e1laszt\u00e9ka \u00e9s m\u0171szaki adatai:<\/h3><div class=\"content-image ng-scope\"><img decoding=\"async\" src=\"https:\/\/teszt.invictum.hu\/userfiles\/figure\/abra_rugob_3.jpg\" alt=\"\" \/><br \/>6. \u00e1bra \u2013 Rug\u00f3z\u00f3an blokkolhat\u00f3 m\u00e9retv\u00e1laszt\u00e9ka<\/div><table class=\"border ng-scope\"><tbody><tr><td>T\u00edpus<\/td><td>R\u00fad, d [mm]<\/td><td>Cs\u0151 k\u00fcls\u0151, D [mm]<\/td><td>A<\/td><td>Max. l\u00f6ket, L [mm]*<\/td><td>Kitol\u00f3er\u0151, [N]**<\/td><td>\u00a0<\/td><td>Rug\u00f3t\u00e9nyez\u0151, X<\/td><\/tr><tr><td>MP10<\/td><td>10<\/td><td>23<\/td><td>60+2L<\/td><td>400<\/td><td>130-1200<\/td><td>\u00a0<\/td><td>1,4<\/td><\/tr><tr><td>MP10\/28<\/td><td>10<\/td><td>28<\/td><td>60+2L<\/td><td>400<\/td><td>130-1200<\/td><td>\u00a0<\/td><td>1,21<\/td><\/tr><\/tbody><\/table><div class=\"clear ng-scope\">\u00a0<\/div><p class=\"ng-scope\">* 5mm-es l\u00e9pcs\u0151kben<br \/>** +20 C<sup>o<\/sup>-on m\u00e9rve<br \/>Lehets\u00e9ges csillap\u00edt\u00e1sok: 3.<\/p><p class=\"ng-scope\">\u00a0<\/p><\/div><\/div><\/div><\/div><div class=\"elementor-element elementor-element-ea63bd8 e-flex e-con-boxed e-con e-parent e-lazyloaded\" data-id=\"ea63bd8\" data-element_type=\"container\"><div class=\"e-con-inner\"><div class=\"elementor-element elementor-element-a82ae2c elementor-widget-divider--view-line elementor-widget elementor-widget-divider\" data-id=\"a82ae2c\" data-element_type=\"widget\" data-widget_type=\"divider.default\"><div class=\"elementor-widget-container\"><div class=\"elementor-divider\">\u00a0<\/div><\/div><\/div><div class=\"elementor-element elementor-element-a37c61f elementor-widget elementor-widget-text-editor\" data-id=\"a37c61f\" data-element_type=\"widget\" data-widget_type=\"text-editor.default\"><div class=\"elementor-widget-container\"><h3 class=\"ng-scope\">Kem\u00e9nyen blokkolhat\u00f3 g\u00e1zrug\u00f3k<\/h3><p class=\"ng-scope\">Ezekn\u00e9l a g\u00e1zrug\u00f3kn\u00e1l szint\u00e9n van egy szelep a dugatty\u00faban ami ugyan \u00fagy m\u0171k\u00f6dtethet\u0151 mint a rug\u00f3z\u00f3an blokkolhat\u00f3kn\u00e1l. A dugatty\u00fa itt g\u00e1z helyett olajt\u00e9rben helyezkedik el, amely olajteret egy seg\u00e9ddugatty\u00fa v\u00e1lasztja el a g\u00e1zt\u00e9rt\u0151l. Att\u00f3l f\u00fcgg\u0151en, hogy a g\u00e1zt\u00e9r hol tal\u00e1lhat\u00f3, megk\u00fcl\u00f6nb\u00f6ztet\u00fcnk h\u00faz\u00e1sra-, illetve nyom\u00e1sra kem\u00e9nyen blokkolhat\u00f3kat (7. \u00e1bra \u00e9s 8. \u00e1bra). Mindk\u00e9t esetben a dugatty\u00fa egyik oldal\u00e1n csak olajt\u00e9r tal\u00e1lhat\u00f3, ez\u00e9rt z\u00e1rt szelep\u00e1ll\u00e1sn\u00e1l a dugatty\u00fa ebbe az ir\u00e1nyba nem tud elmozdulni (kem\u00e9ny blokkol\u00e1s), ellenkez\u0151 ir\u00e1nyba pedig csak akkor, ha a k\u00fcls\u0151 er\u0151 a dugatty\u00fara hat\u00f3 g\u00e1znyom\u00f3er\u0151t fel\u00fclm\u00falja. A dugatty\u00fa a l\u00f6ket ment\u00e9n tetsz\u0151leges helyzetben blokkolhat\u00f3. Ha a szelep nyitva van, akkor a g\u00e1zrug\u00f3 a standard g\u00e1zrug\u00f3nak megfelel\u0151en m\u0171k\u00f6dik.<\/p><div class=\"content-image ng-scope\"><img decoding=\"async\" src=\"https:\/\/teszt.invictum.hu\/userfiles\/figure\/abra_kemenyb_1.jpg\" alt=\"\" \/><img decoding=\"async\" class=\"aligncenter size-full wp-image-5926\" src=\"https:\/\/teszt.invictum.hu\/wp-content\/uploads\/2024\/10\/MKB.png\" sizes=\"(max-width: 928px) 100vw, 928px\" srcset=\"https:\/\/teszt.invictum.hu\/wp-content\/uploads\/2024\/10\/MKB.png 928w, https:\/\/teszt.invictum.hu\/wp-content\/uploads\/2024\/10\/MKB-300x172.png 300w, https:\/\/teszt.invictum.hu\/wp-content\/uploads\/2024\/10\/MKB-768x441.png 768w, https:\/\/teszt.invictum.hu\/wp-content\/uploads\/2024\/10\/MKB-920x528.png 920w, https:\/\/teszt.invictum.hu\/wp-content\/uploads\/2024\/10\/MKB-575x330.png 575w, https:\/\/teszt.invictum.hu\/wp-content\/uploads\/2024\/10\/MKB-380x218.png 380w, https:\/\/teszt.invictum.hu\/wp-content\/uploads\/2024\/10\/MKB-800x459.png 800w\" alt=\"\" width=\"928\" height=\"533\" \/><br \/>7. \u00e1bra \u2013 H\u00faz\u00e1sra kem\u00e9nyen blokkolhat\u00f3<\/div><div class=\"content-image ng-scope\"><img decoding=\"async\" src=\"https:\/\/teszt.invictum.hu\/userfiles\/figure\/abra_kemenyb_2.jpg\" alt=\"\" \/><a href=\"https:\/\/teszt.invictum.hu\/wp-content\/uploads\/2024\/10\/MKBN.png\"><img loading=\"lazy\" decoding=\"async\" class=\"aligncenter wp-image-5924 size-full\" src=\"https:\/\/teszt.invictum.hu\/wp-content\/uploads\/2024\/10\/MKBN.png\" sizes=\"(max-width: 947px) 100vw, 947px\" srcset=\"https:\/\/teszt.invictum.hu\/wp-content\/uploads\/2024\/10\/MKBN.png 947w, https:\/\/teszt.invictum.hu\/wp-content\/uploads\/2024\/10\/MKBN-300x168.png 300w, https:\/\/teszt.invictum.hu\/wp-content\/uploads\/2024\/10\/MKBN-768x430.png 768w, https:\/\/teszt.invictum.hu\/wp-content\/uploads\/2024\/10\/MKBN-920x515.png 920w, https:\/\/teszt.invictum.hu\/wp-content\/uploads\/2024\/10\/MKBN-575x322.png 575w, https:\/\/teszt.invictum.hu\/wp-content\/uploads\/2024\/10\/MKBN-380x213.png 380w, https:\/\/teszt.invictum.hu\/wp-content\/uploads\/2024\/10\/MKBN-800x448.png 800w\" alt=\"\" width=\"947\" height=\"530\" \/><\/a><br \/>8. \u00e1bra \u2013 Nyom\u00e1sra kem\u00e9nyen blokkolhat\u00f3\u00a0<\/div><h3 class=\"ng-scope\">Jel\u00f6l\u00e9s:<\/h3><p class=\"ng-scope\"><strong>MKB-3-1U2R-800-100-300<\/strong><\/p><ul class=\"ng-scope\"><li><strong>MKB<\/strong> \u2013 h\u00faz\u00e1sra kem\u00e9nyen blokkolhat\u00f3\u00a0 (a t\u00f6bbi jel\u00f6l\u00e9st l\u00e1sd a standard g\u00e1zrug\u00f3kn\u00e1l)<\/li><li><strong>MKBN<\/strong> \u2013 nyom\u00e1sra kem\u00e9nyen blokkolhat\u00f3\u00a0 (a t\u00f6bbi jel\u00f6l\u00e9st l\u00e1sd a standard g\u00e1zrug\u00f3kn\u00e1l)<\/li><\/ul><p class=\"ng-scope\">Kem\u00e9nyen blokkolhat\u00f3 g\u00e1zrug\u00f3kat csak 10\/28mm-es cs\u0151-\/r\u00fad\u00e1tm\u00e9r\u0151vel, csak 3-as csillap\u00edt\u00e1ssal \u00e9s csak 2R (M10x1 menet 20mm hosszon) r\u00fadcsatlakoz\u00e1ssal k\u00e9sz\u00edt\u00fcnk.<\/p><h3 class=\"ng-scope\">Kem\u00e9nyen blokkolhat\u00f3 g\u00e1zrug\u00f3k m\u00e9retv\u00e1laszt\u00e9ka \u00e9s m\u0171szaki adatai:<\/h3><div class=\"content-image ng-scope\"><img decoding=\"async\" src=\"https:\/\/teszt.invictum.hu\/userfiles\/figure\/abra_rugob_3.jpg\" alt=\"\" \/><br \/>9. \u00e1bra \u2013 Kem\u00e9nyen blokkolhat\u00f3k m\u00e9retv\u00e1laszt\u00e9ka<\/div><table class=\"border ng-scope\"><tbody><tr><td rowspan=\"2\">T\u00edpus<\/td><td rowspan=\"2\">R\u00fad, d [mm]<\/td><td rowspan=\"2\">Cs\u0151 k\u00fcls\u0151, D [mm]<\/td><td rowspan=\"2\">Max. l\u00f6ket, L [mm]*<\/td><td rowspan=\"2\">Kitol\u00f3er\u0151, [N]**<\/td><td colspan=\"2\">Blokkol\u00f3er\u0151 [N]<\/td><td rowspan=\"2\">\u00a0<\/td><\/tr><tr><td>h\u00faz\u00e1sra<\/td><td>nyom\u00e1sra<\/td><\/tr><tr><td>MKB<\/td><td>10<\/td><td>28<\/td><td>300<\/td><td>130-800<\/td><td>max.<br \/>10 000<\/td><td>(6-8) F<sub>1<\/sub><\/td><td>\u00a0<\/td><\/tr><tr><td>MKBN<\/td><td>10<\/td><td>28<\/td><td>300<\/td><td>130-1200<\/td><td>(5-7) F<sub>1<\/sub><\/td><td>max.<br \/>10 000<\/td><td>\u00a0<\/td><\/tr><\/tbody><\/table><div class=\"clear ng-scope\">\u00a0<\/div><table class=\"border ng-scope\"><tbody><tr><td>T\u00edpus<\/td><td>Rug\u00f3t\u00e9nyez\u0151, X<\/td><td>A<\/td><\/tr><tr><td rowspan=\"3\">MKB<\/td><td>1,35<\/td><td>65+2,52L<\/td><\/tr><tr><td>1,5<\/td><td>65+2,37L<\/td><\/tr><tr><td>2,0<\/td><td>65+2,2L<\/td><\/tr><tr><td rowspan=\"3\">MKBN<\/td><td>1,35<\/td><td>69+2,81L<\/td><\/tr><tr><td>1,5<\/td><td>69+2,63L<\/td><\/tr><tr><td>2,0<\/td><td>69+2,42L<\/td><\/tr><\/tbody><\/table><div class=\"clear ng-scope\">\u00a0<\/div><p class=\"ng-scope\">* 5mm-es l\u00e9pcs\u0151kben<br \/>** +20 C<sup>o<\/sup>-on m\u00e9rve<br \/>Lehets\u00e9ges csillap\u00edt\u00e1sok: 3.<\/p><h3 class=\"ng-scope\">Kiold\u00f3fejek blokkolhat\u00f3 g\u00e1zrug\u00f3khoz<\/h3><p class=\"ng-scope\">Blokkolhat\u00f3 g\u00e1zrug\u00f3inkhoz rendelhet\u0151 kiold\u00f3fejek v\u00e1laszt\u00e9k\u00e1t a v\u00e9gcsatlakoz\u00f3k men\u00fcpontban tal\u00e1lja. A kiold\u00f3fejek egyar\u00e1nt haszn\u00e1lhat\u00f3ak a rug\u00f3z\u00f3an \u00e9s a kem\u00e9nyen blokkolhat\u00f3kn\u00e1l. Ha sz\u00fcks\u00e9g van kiold\u00f3fejre, a\u00a0<strong>g\u00e1zrug\u00f3 m\u00e9reteit<\/strong>\u00a0abban az esetben is\u00a0<strong>kiold\u00f3fej n\u00e9lk\u00fcl adja meg<\/strong>\u00a0(teh\u00e1t l\u00f6ket \u00e9s hossz a menett\u0151ig, \u00e9s 2R r\u00fadcsatlakoz\u00e1s) \u00e9s k\u00fcl\u00f6n jelezze az ig\u00e9nyelt kiold\u00f3fej t\u00edpus\u00e1t. Azonban\u00a0<strong>a szerkezeti hossz meg\u00e1llap\u00edt\u00e1sakor ne felejtsen el sz\u00e1molni a kiold\u00f3fej m\u00e9ret\u00e9vel!<\/strong><br \/>A karos kiold\u00f3fejekhez a kar \u00e9s gomb k\u00fcl\u00f6n t\u00e9telek! Ha \u00d6nnek sz\u00fcks\u00e9ge van kiold\u00f3karra \u00e9s m\u0171anyag gombra is, felt\u00e9tlen\u00fcl jelezze, egy\u00e9bk\u00e9nt csak a kiold\u00f3fejet k\u00fcldj\u00fck.<\/p><\/div><\/div><\/div><\/div><\/div><\/div><\/div><\/div>\t\t\t\t\t\t\t\t<\/div>\n\t\t\t\t<\/div>\n\t\t\t\t\t<\/div>\n\t\t\t\t<\/div>\n\t\t\t\t<\/div>\n\t\t","protected":false},"excerpt":{"rendered":"<p>MP, MKBN rug\u00f3z\u00f3an blokkolhat\u00f3 g\u00e1zrug\u00f3 \u00d6ssze\u00e1ll\u00edtom A\u00a0blokkolhat\u00f3 g\u00e1zrug\u00f3\u00a0abban k\u00fcl\u00f6nb\u00f6zik a standard v\u00e1ltozatt\u00f3l, hogy a dugatty\u00faban egy be\u00e9p\u00edtett szelep tal\u00e1lhat\u00f3. Ez a szelep alapesetben z\u00e1rt, m\u0171k\u00f6dtet\u00e9s\u00e9t a dugatty\u00far\u00fadban kivezetett rudazattal v\u00e9gezhetj\u00fck (5. \u00e1bra). Nyitott \u00e1ll\u00e1sban az alkatr\u00e9sz a hagyom\u00e1nyos g\u00e1zrug\u00f3knak megfelel\u0151en m\u0171k\u00f6dik. Ha a dugatty\u00fa egy adott helyzet\u00e9ben z\u00e1rjuk a szelepet, az megakad\u00e1lyozza a g\u00e1z \u00e1t\u00e1raml\u00e1s\u00e1t. [&hellip;]<\/p>\n","protected":false},"author":1,"featured_media":0,"parent":0,"menu_order":0,"comment_status":"closed","ping_status":"closed","template":"elementor_header_footer","meta":{"footnotes":""},"class_list":["post-395","page","type-page","status-publish","hentry"],"yoast_head":"<!-- This site is optimized with the Yoast SEO Premium plugin v27.4 (Yoast SEO v27.4) - https:\/\/yoast.com\/product\/yoast-seo-premium-wordpress\/ -->\n<title>Blokkolhat\u00f3 g\u00e1zrug\u00f3: MP, MKB \u00e9s MKBN t\u00edpusok le\u00edr\u00e1sa<\/title>\n<meta name=\"description\" content=\"Blokkolhat\u00f3 g\u00e1zrug\u00f3 v\u00e1laszt\u00e9kunkban megtal\u00e1lhat\u00f3 az MP rug\u00f3z\u00f3, valamint az MKB \u00e9s MKBN kem\u00e9nyen r\u00f6gz\u00edthet\u0151 t\u00edpus is.\" \/>\n<meta name=\"robots\" content=\"index, follow, max-snippet:-1, max-image-preview:large, max-video-preview:-1\" \/>\n<link rel=\"canonical\" href=\"https:\/\/moliton.hu\/en\/blokkolhato-gazrugok\/\" \/>\n<meta property=\"og:locale\" content=\"en_US\" \/>\n<meta property=\"og:type\" content=\"article\" \/>\n<meta property=\"og:title\" content=\"Blokkolhat\u00f3 g\u00e1zrug\u00f3k\" \/>\n<meta property=\"og:description\" content=\"Blokkolhat\u00f3 g\u00e1zrug\u00f3 v\u00e1laszt\u00e9kunkban megtal\u00e1lhat\u00f3 az MP rug\u00f3z\u00f3, valamint az MKB \u00e9s MKBN kem\u00e9nyen r\u00f6gz\u00edthet\u0151 t\u00edpus is.\" \/>\n<meta property=\"og:url\" content=\"https:\/\/moliton.hu\/en\/blokkolhato-gazrugok\/\" \/>\n<meta property=\"og:site_name\" content=\"Moliton\" \/>\n<meta property=\"article:modified_time\" content=\"2026-04-15T07:52:08+00:00\" \/>\n<meta property=\"og:image\" content=\"https:\/\/moliton.hu\/wp-content\/uploads\/2026\/03\/MKBweb-rklfo77mf8n8jwh1dksbyqser800bdv28jhgd1hd5o-1024x128.png\" \/>\n<meta name=\"twitter:card\" content=\"summary_large_image\" \/>\n<meta name=\"twitter:label1\" content=\"Est. reading time\" \/>\n\t<meta name=\"twitter:data1\" content=\"5 minutes\" \/>\n<script type=\"application\/ld+json\" class=\"yoast-schema-graph\">{\"@context\":\"https:\\\/\\\/schema.org\",\"@graph\":[{\"@type\":\"WebPage\",\"@id\":\"https:\\\/\\\/moliton.hu\\\/blokkolhato-gazrugok\\\/\",\"url\":\"https:\\\/\\\/moliton.hu\\\/blokkolhato-gazrugok\\\/\",\"name\":\"Blokkolhat\u00f3 g\u00e1zrug\u00f3: MP, MKB \u00e9s MKBN t\u00edpusok le\u00edr\u00e1sa\",\"isPartOf\":{\"@id\":\"https:\\\/\\\/moliton.hu\\\/#website\"},\"primaryImageOfPage\":{\"@id\":\"https:\\\/\\\/moliton.hu\\\/blokkolhato-gazrugok\\\/#primaryimage\"},\"image\":{\"@id\":\"https:\\\/\\\/moliton.hu\\\/blokkolhato-gazrugok\\\/#primaryimage\"},\"thumbnailUrl\":\"https:\\\/\\\/moliton.hu\\\/wp-content\\\/uploads\\\/2026\\\/03\\\/MKBweb-rklfo77mf8n8jwh1dksbyqser800bdv28jhgd1hd5o-1024x128.png\",\"datePublished\":\"2026-03-17T09:30:21+00:00\",\"dateModified\":\"2026-04-15T07:52:08+00:00\",\"description\":\"Blokkolhat\u00f3 g\u00e1zrug\u00f3 v\u00e1laszt\u00e9kunkban megtal\u00e1lhat\u00f3 az MP rug\u00f3z\u00f3, valamint az MKB \u00e9s MKBN kem\u00e9nyen r\u00f6gz\u00edthet\u0151 t\u00edpus is.\",\"breadcrumb\":{\"@id\":\"https:\\\/\\\/moliton.hu\\\/blokkolhato-gazrugok\\\/#breadcrumb\"},\"inLanguage\":\"en-US\",\"potentialAction\":[{\"@type\":\"ReadAction\",\"target\":[\"https:\\\/\\\/moliton.hu\\\/blokkolhato-gazrugok\\\/\"]}]},{\"@type\":\"ImageObject\",\"inLanguage\":\"en-US\",\"@id\":\"https:\\\/\\\/moliton.hu\\\/blokkolhato-gazrugok\\\/#primaryimage\",\"url\":\"https:\\\/\\\/moliton.hu\\\/wp-content\\\/uploads\\\/2026\\\/03\\\/MKBweb-rklfo77mf8n8jwh1dksbyqser800bdv28jhgd1hd5o-1024x128.png\",\"contentUrl\":\"https:\\\/\\\/moliton.hu\\\/wp-content\\\/uploads\\\/2026\\\/03\\\/MKBweb-rklfo77mf8n8jwh1dksbyqser800bdv28jhgd1hd5o-1024x128.png\"},{\"@type\":\"BreadcrumbList\",\"@id\":\"https:\\\/\\\/moliton.hu\\\/blokkolhato-gazrugok\\\/#breadcrumb\",\"itemListElement\":[{\"@type\":\"ListItem\",\"position\":1,\"name\":\"Home\",\"item\":\"https:\\\/\\\/moliton.hu\\\/en\\\/\"},{\"@type\":\"ListItem\",\"position\":2,\"name\":\"Blokkolhat\u00f3 g\u00e1zrug\u00f3k\"}]},{\"@type\":\"WebSite\",\"@id\":\"https:\\\/\\\/moliton.hu\\\/#website\",\"url\":\"https:\\\/\\\/moliton.hu\\\/\",\"name\":\"Moliton\",\"description\":\"30 \u00e9ve a lakoss\u00e1g \u00e9s az ipar szolg\u00e1lat\u00e1ban.\",\"publisher\":{\"@id\":\"https:\\\/\\\/moliton.hu\\\/#organization\"},\"potentialAction\":[{\"@type\":\"SearchAction\",\"target\":{\"@type\":\"EntryPoint\",\"urlTemplate\":\"https:\\\/\\\/moliton.hu\\\/?s={search_term_string}\"},\"query-input\":{\"@type\":\"PropertyValueSpecification\",\"valueRequired\":true,\"valueName\":\"search_term_string\"}}],\"inLanguage\":\"en-US\"},{\"@type\":\"Organization\",\"@id\":\"https:\\\/\\\/moliton.hu\\\/#organization\",\"name\":\"Moliton\",\"url\":\"https:\\\/\\\/moliton.hu\\\/\",\"logo\":{\"@type\":\"ImageObject\",\"inLanguage\":\"en-US\",\"@id\":\"https:\\\/\\\/moliton.hu\\\/#\\\/schema\\\/logo\\\/image\\\/\",\"url\":\"https:\\\/\\\/moliton.hu\\\/wp-content\\\/uploads\\\/2026\\\/03\\\/moliton-logo.png\",\"contentUrl\":\"https:\\\/\\\/moliton.hu\\\/wp-content\\\/uploads\\\/2026\\\/03\\\/moliton-logo.png\",\"width\":2048,\"height\":2048,\"caption\":\"Moliton\"},\"image\":{\"@id\":\"https:\\\/\\\/moliton.hu\\\/#\\\/schema\\\/logo\\\/image\\\/\"}}]}<\/script>\n<!-- \/ Yoast SEO Premium plugin. -->","yoast_head_json":{"title":"Blokkolhat\u00f3 g\u00e1zrug\u00f3: MP, MKB \u00e9s MKBN t\u00edpusok le\u00edr\u00e1sa","description":"Blokkolhat\u00f3 g\u00e1zrug\u00f3 v\u00e1laszt\u00e9kunkban megtal\u00e1lhat\u00f3 az MP rug\u00f3z\u00f3, valamint az MKB \u00e9s MKBN kem\u00e9nyen r\u00f6gz\u00edthet\u0151 t\u00edpus is.","robots":{"index":"index","follow":"follow","max-snippet":"max-snippet:-1","max-image-preview":"max-image-preview:large","max-video-preview":"max-video-preview:-1"},"canonical":"https:\/\/moliton.hu\/en\/blokkolhato-gazrugok\/","og_locale":"en_US","og_type":"article","og_title":"Blokkolhat\u00f3 g\u00e1zrug\u00f3k","og_description":"Blokkolhat\u00f3 g\u00e1zrug\u00f3 v\u00e1laszt\u00e9kunkban megtal\u00e1lhat\u00f3 az MP rug\u00f3z\u00f3, valamint az MKB \u00e9s MKBN kem\u00e9nyen r\u00f6gz\u00edthet\u0151 t\u00edpus is.","og_url":"https:\/\/moliton.hu\/en\/blokkolhato-gazrugok\/","og_site_name":"Moliton","article_modified_time":"2026-04-15T07:52:08+00:00","og_image":[{"url":"https:\/\/moliton.hu\/wp-content\/uploads\/2026\/03\/MKBweb-rklfo77mf8n8jwh1dksbyqser800bdv28jhgd1hd5o-1024x128.png","type":"","width":"","height":""}],"twitter_card":"summary_large_image","twitter_misc":{"Est. reading time":"5 minutes"},"schema":{"@context":"https:\/\/schema.org","@graph":[{"@type":"WebPage","@id":"https:\/\/moliton.hu\/blokkolhato-gazrugok\/","url":"https:\/\/moliton.hu\/blokkolhato-gazrugok\/","name":"Blokkolhat\u00f3 g\u00e1zrug\u00f3: MP, MKB \u00e9s MKBN t\u00edpusok le\u00edr\u00e1sa","isPartOf":{"@id":"https:\/\/moliton.hu\/#website"},"primaryImageOfPage":{"@id":"https:\/\/moliton.hu\/blokkolhato-gazrugok\/#primaryimage"},"image":{"@id":"https:\/\/moliton.hu\/blokkolhato-gazrugok\/#primaryimage"},"thumbnailUrl":"https:\/\/moliton.hu\/wp-content\/uploads\/2026\/03\/MKBweb-rklfo77mf8n8jwh1dksbyqser800bdv28jhgd1hd5o-1024x128.png","datePublished":"2026-03-17T09:30:21+00:00","dateModified":"2026-04-15T07:52:08+00:00","description":"Blokkolhat\u00f3 g\u00e1zrug\u00f3 v\u00e1laszt\u00e9kunkban megtal\u00e1lhat\u00f3 az MP rug\u00f3z\u00f3, valamint az MKB \u00e9s MKBN kem\u00e9nyen r\u00f6gz\u00edthet\u0151 t\u00edpus is.","breadcrumb":{"@id":"https:\/\/moliton.hu\/blokkolhato-gazrugok\/#breadcrumb"},"inLanguage":"en-US","potentialAction":[{"@type":"ReadAction","target":["https:\/\/moliton.hu\/blokkolhato-gazrugok\/"]}]},{"@type":"ImageObject","inLanguage":"en-US","@id":"https:\/\/moliton.hu\/blokkolhato-gazrugok\/#primaryimage","url":"https:\/\/moliton.hu\/wp-content\/uploads\/2026\/03\/MKBweb-rklfo77mf8n8jwh1dksbyqser800bdv28jhgd1hd5o-1024x128.png","contentUrl":"https:\/\/moliton.hu\/wp-content\/uploads\/2026\/03\/MKBweb-rklfo77mf8n8jwh1dksbyqser800bdv28jhgd1hd5o-1024x128.png"},{"@type":"BreadcrumbList","@id":"https:\/\/moliton.hu\/blokkolhato-gazrugok\/#breadcrumb","itemListElement":[{"@type":"ListItem","position":1,"name":"Home","item":"https:\/\/moliton.hu\/en\/"},{"@type":"ListItem","position":2,"name":"Blokkolhat\u00f3 g\u00e1zrug\u00f3k"}]},{"@type":"WebSite","@id":"https:\/\/moliton.hu\/#website","url":"https:\/\/moliton.hu\/","name":"Moliton","description":"30 \u00e9ve a lakoss\u00e1g \u00e9s az ipar szolg\u00e1lat\u00e1ban.","publisher":{"@id":"https:\/\/moliton.hu\/#organization"},"potentialAction":[{"@type":"SearchAction","target":{"@type":"EntryPoint","urlTemplate":"https:\/\/moliton.hu\/?s={search_term_string}"},"query-input":{"@type":"PropertyValueSpecification","valueRequired":true,"valueName":"search_term_string"}}],"inLanguage":"en-US"},{"@type":"Organization","@id":"https:\/\/moliton.hu\/#organization","name":"Moliton","url":"https:\/\/moliton.hu\/","logo":{"@type":"ImageObject","inLanguage":"en-US","@id":"https:\/\/moliton.hu\/#\/schema\/logo\/image\/","url":"https:\/\/moliton.hu\/wp-content\/uploads\/2026\/03\/moliton-logo.png","contentUrl":"https:\/\/moliton.hu\/wp-content\/uploads\/2026\/03\/moliton-logo.png","width":2048,"height":2048,"caption":"Moliton"},"image":{"@id":"https:\/\/moliton.hu\/#\/schema\/logo\/image\/"}}]}},"_links":{"self":[{"href":"https:\/\/moliton.hu\/en\/wp-json\/wp\/v2\/pages\/395","targetHints":{"allow":["GET"]}}],"collection":[{"href":"https:\/\/moliton.hu\/en\/wp-json\/wp\/v2\/pages"}],"about":[{"href":"https:\/\/moliton.hu\/en\/wp-json\/wp\/v2\/types\/page"}],"author":[{"embeddable":true,"href":"https:\/\/moliton.hu\/en\/wp-json\/wp\/v2\/users\/1"}],"replies":[{"embeddable":true,"href":"https:\/\/moliton.hu\/en\/wp-json\/wp\/v2\/comments?post=395"}],"version-history":[{"count":7,"href":"https:\/\/moliton.hu\/en\/wp-json\/wp\/v2\/pages\/395\/revisions"}],"predecessor-version":[{"id":2288,"href":"https:\/\/moliton.hu\/en\/wp-json\/wp\/v2\/pages\/395\/revisions\/2288"}],"wp:attachment":[{"href":"https:\/\/moliton.hu\/en\/wp-json\/wp\/v2\/media?parent=395"}],"curies":[{"name":"wp","href":"https:\/\/api.w.org\/{rel}","templated":true}]}}