{"id":404,"date":"2026-03-17T09:32:23","date_gmt":"2026-03-17T09:32:23","guid":{"rendered":"https:\/\/teszt2.invictum.hu\/?page_id=404"},"modified":"2026-04-15T08:41:59","modified_gmt":"2026-04-15T08:41:59","slug":"mst-gazrugok","status":"publish","type":"page","link":"https:\/\/moliton.hu\/en\/mst-gazrugok\/","title":{"rendered":"MST Gas Spring"},"content":{"rendered":"\t\t<div data-elementor-type=\"wp-page\" data-elementor-id=\"404\" class=\"elementor elementor-404\" data-elementor-post-type=\"page\">\n\t\t\t\t<div class=\"elementor-element elementor-element-58cb5cb e-flex e-con-boxed e-con e-parent\" data-id=\"58cb5cb\" data-element_type=\"container\" data-e-type=\"container\">\n\t\t\t\t\t<div class=\"e-con-inner\">\n\t\t<div class=\"elementor-element elementor-element-2826cf55 e-con-full e-flex e-con e-child\" data-id=\"2826cf55\" data-element_type=\"container\" data-e-type=\"container\">\n\t\t\t\t<div class=\"elementor-element elementor-element-16bf2fad elementor-widget elementor-widget-heading\" data-id=\"16bf2fad\" data-element_type=\"widget\" data-e-type=\"widget\" data-widget_type=\"heading.default\">\n\t\t\t\t\t<h2 class=\"elementor-heading-title elementor-size-default\">Tart\u00f3 g\u00e1zrug\u00f3k<\/h2>\t\t\t\t<\/div>\n\t\t\t\t<div class=\"elementor-element elementor-element-331c45df elementor-widget elementor-widget-image\" data-id=\"331c45df\" data-element_type=\"widget\" data-e-type=\"widget\" data-widget_type=\"image.default\">\n\t\t\t\t\t\t\t\t\t\t\t\t\t\t\t<img fetchpriority=\"high\" decoding=\"async\" width=\"800\" height=\"100\" src=\"https:\/\/moliton.hu\/wp-content\/uploads\/2026\/03\/standardgazrugo-1024x128.png\" class=\"attachment-large size-large wp-image-372\" alt=\"\" srcset=\"https:\/\/moliton.hu\/wp-content\/uploads\/2026\/03\/standardgazrugo-1024x128.png 1024w, https:\/\/moliton.hu\/wp-content\/uploads\/2026\/03\/standardgazrugo-600x75.png 600w, https:\/\/moliton.hu\/wp-content\/uploads\/2026\/03\/standardgazrugo-300x38.png 300w, https:\/\/moliton.hu\/wp-content\/uploads\/2026\/03\/standardgazrugo-768x96.png 768w, https:\/\/moliton.hu\/wp-content\/uploads\/2026\/03\/standardgazrugo.png 1200w\" sizes=\"(max-width: 800px) 100vw, 800px\" \/>\t\t\t\t\t\t\t\t\t\t\t\t\t\t\t<\/div>\n\t\t\t\t<div class=\"elementor-element elementor-element-2e9605dd elementor-align-center elementor-widget elementor-widget-button\" data-id=\"2e9605dd\" data-element_type=\"widget\" data-e-type=\"widget\" data-widget_type=\"button.default\">\n\t\t\t\t\t\t\t\t\t\t<a class=\"elementor-button elementor-button-link elementor-size-sm\" href=\"https:\/\/moliton.hu\/konfigurator\/\">\n\t\t\t\t\t\t<span class=\"elementor-button-content-wrapper\">\n\t\t\t\t\t\t\t\t\t<span class=\"elementor-button-text\">\u00d6ssze\u00e1ll\u00edtom<\/span>\n\t\t\t\t\t<\/span>\n\t\t\t\t\t<\/a>\n\t\t\t\t\t\t\t\t<\/div>\n\t\t\t\t<div class=\"elementor-element elementor-element-1353444f elementor-widget elementor-widget-text-editor\" data-id=\"1353444f\" data-element_type=\"widget\" data-e-type=\"widget\" data-widget_type=\"text-editor.default\">\n\t\t\t\t\t\t\t\t\t<p data-path-to-node=\"10\">A <b data-path-to-node=\"10\" data-index-in-node=\"2\">tart\u00f3 g\u00e1zrug\u00f3<\/b> (m\u00e1s n\u00e9ven MST t\u00edpus) helyes alkalmaz\u00e1sa eset\u00e9n a mozgatott eszk\u00f6z \u2013 legyen az neh\u00e9z ny\u00edl\u00e1sz\u00e1r\u00f3, g\u00e9pburkolat vagy b\u00fatorfed\u00e9l \u2013 t\u00f6meg\u00e9t a g\u00e1zrug\u00f3 \u00f6nmag\u00e1ban nem emeli fel, de k\u00fcls\u0151 k\u00e9zi r\u00e1seg\u00edt\u00e9ssel b\u00e1rmilyen tetsz\u0151leges poz\u00edci\u00f3ban k\u00e9pes azt megtartani. Ez a tulajdons\u00e1g rendk\u00edv\u00fcl hasznos olyan esetekben, ahol a felhaszn\u00e1l\u00f3nak sz\u00fcks\u00e9ge van r\u00e1, hogy a fed\u00e9l ne csak v\u00e9g\u00e1ll\u00e1sban, hanem f\u00e9l\u00faton is stabilan meg\u00e1lljon.<\/p><h2 data-path-to-node=\"11\">Hogyan m\u0171k\u00f6dik a tart\u00f3 g\u00e1zrug\u00f3 szelepe?<\/h2><p data-path-to-node=\"12\">Szerkezetileg a <b data-path-to-node=\"12\" data-index-in-node=\"16\">tart\u00f3 g\u00e1zrug\u00f3<\/b> egy olyan speci\u00e1lis g\u00e1zrug\u00f3, amelyn\u00e9l a dugatty\u00fa el van l\u00e1tva egy lez\u00e1r\u00f3 szeleppel (11. \u00e1bra). Ez a szelep betol\u00f3 ir\u00e1nyban g\u00e1tolja<span class=\"citation-129 citation-end-129\"> a g\u00e1z szabad \u00e1t\u00e1raml\u00e1s\u00e1t a dugatty\u00fa k\u00e9t oldala k\u00f6z\u00f6tt. A szelep csak egy meghat\u00e1rozott nyom\u00e1sk\u00fcl\u00f6nbs\u00e9gn\u00e9l nyit ki, amelyet a szelepet t\u00e1maszt\u00f3 rug\u00f3 erej\u00e9vel szab\u00e1lyozunk a gy\u00e1rt\u00e1s sor\u00e1n.<\/span><\/p><div class=\"source-inline-chip-container ng-star-inserted\">\u00a0<\/div><p data-path-to-node=\"13\"><span class=\"citation-128 citation-end-128\">Emiatt a betol\u00e1shoz sz\u00fcks\u00e9ges er\u0151 a n\u00e9vleg<\/span>es g\u00e1znyom\u00e1sb\u00f3l ad\u00f3d\u00f3 er\u0151b\u0151l \u00e9s a szelep ellen\u00e1ll\u00e1s\u00e1b\u00f3l (tart\u00f3er\u0151-t\u00f6bblet) ad\u00f3dik \u00f6ssze. Mivel a r\u00fad kifel\u00e9 mozg\u00e1sa k\u00f6zben a szelep nem fejt ki ellen\u00e1ll\u00e1st, a kitol\u00f3er\u0151 nagys\u00e1ga \u00e9s sebess\u00e9ge v\u00e1ltozatlan marad, megegyezve a <a class=\"ng-star-inserted\" href=\"https:\/\/www.google.com\/search?q=https:\/\/hu.wikipedia.org\/wiki\/G%25C3%25A1zrug%25C3%25B3\" target=\"_blank\" rel=\"noopener\">standard g\u00e1zrug\u00f3k<\/a> dinamik\u00e1j\u00e1val.<\/p><div class=\"source-inline-chip-container ng-star-inserted\">\u00a0<\/div><h2 data-path-to-node=\"14\">Tart\u00f3er\u0151-t\u00f6bblet \u00e9s az MST jel\u00f6l\u00e9srendszer<\/h2><p data-path-to-node=\"15\">A <b data-path-to-node=\"15\" data-index-in-node=\"2\">tart\u00f3 g\u00e1zrug\u00f3<\/b> t\u00edpusokat h\u00e1romf\u00e9le standard tart\u00f3er\u0151-t\u00f6bblettel k\u00e9sz\u00edtj\u00fck: 200N, 300N \u00e9s 400N. Ez az extra er\u0151 biztos\u00edtja, hogy a s\u00faly ne mozduljon el mag\u00e1t\u00f3l. A rendel\u00e9shez haszn\u00e1lt k\u00f3drendszer\u00fcnk seg\u00edt a pontos azonos\u00edt\u00e1sban:<\/p><ul data-path-to-node=\"16\"><li><p data-path-to-node=\"16,0,0\"><b data-path-to-node=\"16,0,0\" data-index-in-node=\"0\">Jel\u00f6l\u00e9s:<\/b> <code data-path-to-node=\"16,0,0\" data-index-in-node=\"9\">MST08-2-2B2B-200\/2-100-300<\/code><\/p><\/li><li><p data-path-to-node=\"16,1,0\"><b data-path-to-node=\"16,1,0\" data-index-in-node=\"0\">MST:<\/b> Tart\u00f3 g\u00e1zrug\u00f3 t\u00edpusmegjel\u00f6l\u00e9s.<\/p><\/li><li><p data-path-to-node=\"16,2,0\">\u00a0<\/p><\/li><\/ul><p class=\"ng-scope\">Tart\u00f3 g\u00e1zrug\u00f3kat csak 8-as \u00e9s 10-es r\u00faddal \u00e9s csak 2-es csillap\u00edt\u00e1ssal k\u00e9sz\u00edt\u00fcnk. A tart\u00f3er\u0151t\u00f6bblet jel\u00f6l\u00e9se a kitol\u00f3er\u0151 ut\u00e1n per jellel t\u00f6rt\u00e9nik (\/2 = 200 N, \/3 = 300 N, \/4 = 400 N).<\/p><h3 class=\"ng-scope\">Tart\u00f3 g\u00e1zrug\u00f3k m\u00e9retv\u00e1laszt\u00e9ka \u00e9s m\u0171szaki adatai:<\/h3><div class=\"content-image ng-scope\"><img decoding=\"async\" src=\"https:\/\/teszt.invictum.hu\/userfiles\/figure\/abra_standard_3.jpg\" \/><img \/><br \/>12. \u00e1bra \u2013 Tart\u00f3 g\u00e1zrug\u00f3k m\u00e9retv\u00e1laszt\u00e9ka<\/div><table class=\"border ng-scope\"><tbody><tr><td>T\u00edpus<\/td><td>R\u00fad, d [mm]<\/td><td>Cs\u0151 k\u00fcls\u0151, D [mm]<\/td><td>K<\/td><td>Max. l\u00f6ket, L [mm]*<\/td><td>Kitol\u00f3er\u0151, [N]<\/td><td>Tart\u00f3er\u0151 t\u00f6bblet,<br \/>F<sub>t<\/sub>\u00a0= F<sub>3<\/sub>\u00a0\u2013 F<sub>1<\/sub>\u00a0[N]**<\/td><td>Max. L x F<sub>1<\/sub>***<\/td><td>Rug\u00f3-<br \/>t\u00e9nyez\u0151, X<\/td><\/tr><tr><td>MST08<\/td><td>8<\/td><td>18<\/td><td>57<\/td><td>250<\/td><td>100-800<\/td><td>200, 300, 400<\/td><td>150 000<\/td><td>1,35<\/td><\/tr><tr><td>MST10<\/td><td>10<\/td><td>23<\/td><td>60<\/td><td>400<\/td><td>100-1200<\/td><td>200, 300, 400<\/td><td>300 000<\/td><td>1,4<\/td><\/tr><\/tbody><\/table><div class=\"clear ng-scope\">\u00a0<\/div><p class=\"ng-scope\">* 5mm-es l\u00e9pcs\u0151kben<br \/>** +20 C<sup>o<\/sup>-on m\u00e9rve<br \/>*** a r\u00fadkihajl\u00e1s elker\u00fcl\u00e9s\u00e9re<br \/>Lehets\u00e9ges csillap\u00edt\u00e1sok: 2.<\/p><div class=\"notranslate\" style=\"all: initial;\">\u00a0<\/div>\t\t\t\t\t\t\t\t<\/div>\n\t\t\t\t<\/div>\n\t\t\t\t\t<\/div>\n\t\t\t\t<\/div>\n\t\t\t\t<\/div>\n\t\t","protected":false},"excerpt":{"rendered":"<p>Tart\u00f3 g\u00e1zrug\u00f3k \u00d6ssze\u00e1ll\u00edtom A tart\u00f3 g\u00e1zrug\u00f3 helyes alkalmaz\u00e1sa eset\u00e9n a mozgatott eszk\u00f6z (ny\u00edl\u00e1sz\u00e1r\u00f3, fed\u00e9l, stb.) t\u00f6meg\u00e9t a g\u00e1zrug\u00f3 csak k\u00fcls\u0151 seg\u00edts\u00e9ggel (k\u00e9zi r\u00e1seg\u00edt\u00e9ssel) k\u00e9pes emelni, de tetsz\u0151leges poz\u00edci\u00f3ban k\u00e9pes azt megtartani. Olyan speci\u00e1lis standard g\u00e1zrug\u00f3, amelyn\u00e9l a dugatty\u00fa el van l\u00e1tva egy lez\u00e1r\u00f3 szeleppel (11. \u00e1bra). Ez a szelep betol\u00f3 ir\u00e1nyban g\u00e1tolja a g\u00e1z szabad [&hellip;]<\/p>\n","protected":false},"author":1,"featured_media":0,"parent":0,"menu_order":0,"comment_status":"closed","ping_status":"closed","template":"elementor_header_footer","meta":{"footnotes":""},"class_list":["post-404","page","type-page","status-publish","hentry"],"yoast_head":"<!-- This site is optimized with the Yoast SEO Premium plugin v27.4 (Yoast SEO v27.4) - https:\/\/yoast.com\/product\/yoast-seo-premium-wordpress\/ -->\n<title>MST g\u00e1zrug\u00f3k - Moliton<\/title>\n<meta name=\"description\" content=\"A tart\u00f3 g\u00e1zrug\u00f3 (MST) tetsz\u0151leges poz\u00edci\u00f3ban r\u00f6gz\u00edti a fedelet k\u00e9zi r\u00e1seg\u00edt\u00e9ssel. Ismerje meg a szelep m\u0171k\u00f6d\u00e9s\u00e9t, a tart\u00f3er\u0151-t\u00f6bbletet \u00e9s a speci\u00e1lis MST jel\u00f6l\u00e9seket!\" \/>\n<meta name=\"robots\" content=\"index, follow, max-snippet:-1, max-image-preview:large, max-video-preview:-1\" \/>\n<link rel=\"canonical\" href=\"https:\/\/moliton.hu\/en\/mst-gazrugok\/\" \/>\n<meta property=\"og:locale\" content=\"en_US\" \/>\n<meta property=\"og:type\" content=\"article\" \/>\n<meta property=\"og:title\" content=\"MST g\u00e1zrug\u00f3k\" \/>\n<meta property=\"og:description\" content=\"A tart\u00f3 g\u00e1zrug\u00f3 (MST) tetsz\u0151leges poz\u00edci\u00f3ban r\u00f6gz\u00edti a fedelet k\u00e9zi r\u00e1seg\u00edt\u00e9ssel. Ismerje meg a szelep m\u0171k\u00f6d\u00e9s\u00e9t, a tart\u00f3er\u0151-t\u00f6bbletet \u00e9s a speci\u00e1lis MST jel\u00f6l\u00e9seket!\" \/>\n<meta property=\"og:url\" content=\"https:\/\/moliton.hu\/en\/mst-gazrugok\/\" \/>\n<meta property=\"og:site_name\" content=\"Moliton\" \/>\n<meta property=\"article:modified_time\" content=\"2026-04-15T08:41:59+00:00\" \/>\n<meta property=\"og:image\" content=\"https:\/\/moliton.hu\/wp-content\/uploads\/2026\/03\/standardgazrugo-1024x128.png\" \/>\n<meta name=\"twitter:card\" content=\"summary_large_image\" \/>\n<meta name=\"twitter:label1\" content=\"Est. reading time\" \/>\n\t<meta name=\"twitter:data1\" content=\"3 minutes\" \/>\n<script type=\"application\/ld+json\" class=\"yoast-schema-graph\">{\"@context\":\"https:\\\/\\\/schema.org\",\"@graph\":[{\"@type\":\"WebPage\",\"@id\":\"https:\\\/\\\/moliton.hu\\\/mst-gazrugok\\\/\",\"url\":\"https:\\\/\\\/moliton.hu\\\/mst-gazrugok\\\/\",\"name\":\"MST g\u00e1zrug\u00f3k - Moliton\",\"isPartOf\":{\"@id\":\"https:\\\/\\\/moliton.hu\\\/#website\"},\"primaryImageOfPage\":{\"@id\":\"https:\\\/\\\/moliton.hu\\\/mst-gazrugok\\\/#primaryimage\"},\"image\":{\"@id\":\"https:\\\/\\\/moliton.hu\\\/mst-gazrugok\\\/#primaryimage\"},\"thumbnailUrl\":\"https:\\\/\\\/moliton.hu\\\/wp-content\\\/uploads\\\/2026\\\/03\\\/standardgazrugo-1024x128.png\",\"datePublished\":\"2026-03-17T09:32:23+00:00\",\"dateModified\":\"2026-04-15T08:41:59+00:00\",\"description\":\"A tart\u00f3 g\u00e1zrug\u00f3 (MST) tetsz\u0151leges poz\u00edci\u00f3ban r\u00f6gz\u00edti a fedelet k\u00e9zi r\u00e1seg\u00edt\u00e9ssel. Ismerje meg a szelep m\u0171k\u00f6d\u00e9s\u00e9t, a tart\u00f3er\u0151-t\u00f6bbletet \u00e9s a speci\u00e1lis MST jel\u00f6l\u00e9seket!\",\"breadcrumb\":{\"@id\":\"https:\\\/\\\/moliton.hu\\\/mst-gazrugok\\\/#breadcrumb\"},\"inLanguage\":\"en-US\",\"potentialAction\":[{\"@type\":\"ReadAction\",\"target\":[\"https:\\\/\\\/moliton.hu\\\/mst-gazrugok\\\/\"]}]},{\"@type\":\"ImageObject\",\"inLanguage\":\"en-US\",\"@id\":\"https:\\\/\\\/moliton.hu\\\/mst-gazrugok\\\/#primaryimage\",\"url\":\"https:\\\/\\\/moliton.hu\\\/wp-content\\\/uploads\\\/2026\\\/03\\\/standardgazrugo-1024x128.png\",\"contentUrl\":\"https:\\\/\\\/moliton.hu\\\/wp-content\\\/uploads\\\/2026\\\/03\\\/standardgazrugo-1024x128.png\"},{\"@type\":\"BreadcrumbList\",\"@id\":\"https:\\\/\\\/moliton.hu\\\/mst-gazrugok\\\/#breadcrumb\",\"itemListElement\":[{\"@type\":\"ListItem\",\"position\":1,\"name\":\"Home\",\"item\":\"https:\\\/\\\/moliton.hu\\\/en\\\/\"},{\"@type\":\"ListItem\",\"position\":2,\"name\":\"MST g\u00e1zrug\u00f3k\"}]},{\"@type\":\"WebSite\",\"@id\":\"https:\\\/\\\/moliton.hu\\\/#website\",\"url\":\"https:\\\/\\\/moliton.hu\\\/\",\"name\":\"Moliton\",\"description\":\"30 \u00e9ve a lakoss\u00e1g \u00e9s az ipar szolg\u00e1lat\u00e1ban.\",\"publisher\":{\"@id\":\"https:\\\/\\\/moliton.hu\\\/#organization\"},\"potentialAction\":[{\"@type\":\"SearchAction\",\"target\":{\"@type\":\"EntryPoint\",\"urlTemplate\":\"https:\\\/\\\/moliton.hu\\\/?s={search_term_string}\"},\"query-input\":{\"@type\":\"PropertyValueSpecification\",\"valueRequired\":true,\"valueName\":\"search_term_string\"}}],\"inLanguage\":\"en-US\"},{\"@type\":\"Organization\",\"@id\":\"https:\\\/\\\/moliton.hu\\\/#organization\",\"name\":\"Moliton\",\"url\":\"https:\\\/\\\/moliton.hu\\\/\",\"logo\":{\"@type\":\"ImageObject\",\"inLanguage\":\"en-US\",\"@id\":\"https:\\\/\\\/moliton.hu\\\/#\\\/schema\\\/logo\\\/image\\\/\",\"url\":\"https:\\\/\\\/moliton.hu\\\/wp-content\\\/uploads\\\/2026\\\/03\\\/moliton-logo.png\",\"contentUrl\":\"https:\\\/\\\/moliton.hu\\\/wp-content\\\/uploads\\\/2026\\\/03\\\/moliton-logo.png\",\"width\":2048,\"height\":2048,\"caption\":\"Moliton\"},\"image\":{\"@id\":\"https:\\\/\\\/moliton.hu\\\/#\\\/schema\\\/logo\\\/image\\\/\"}}]}<\/script>\n<!-- \/ Yoast SEO Premium plugin. -->","yoast_head_json":{"title":"MST g\u00e1zrug\u00f3k - Moliton","description":"A tart\u00f3 g\u00e1zrug\u00f3 (MST) tetsz\u0151leges poz\u00edci\u00f3ban r\u00f6gz\u00edti a fedelet k\u00e9zi r\u00e1seg\u00edt\u00e9ssel. Ismerje meg a szelep m\u0171k\u00f6d\u00e9s\u00e9t, a tart\u00f3er\u0151-t\u00f6bbletet \u00e9s a speci\u00e1lis MST jel\u00f6l\u00e9seket!","robots":{"index":"index","follow":"follow","max-snippet":"max-snippet:-1","max-image-preview":"max-image-preview:large","max-video-preview":"max-video-preview:-1"},"canonical":"https:\/\/moliton.hu\/en\/mst-gazrugok\/","og_locale":"en_US","og_type":"article","og_title":"MST g\u00e1zrug\u00f3k","og_description":"A tart\u00f3 g\u00e1zrug\u00f3 (MST) tetsz\u0151leges poz\u00edci\u00f3ban r\u00f6gz\u00edti a fedelet k\u00e9zi r\u00e1seg\u00edt\u00e9ssel. Ismerje meg a szelep m\u0171k\u00f6d\u00e9s\u00e9t, a tart\u00f3er\u0151-t\u00f6bbletet \u00e9s a speci\u00e1lis MST jel\u00f6l\u00e9seket!","og_url":"https:\/\/moliton.hu\/en\/mst-gazrugok\/","og_site_name":"Moliton","article_modified_time":"2026-04-15T08:41:59+00:00","og_image":[{"url":"https:\/\/moliton.hu\/wp-content\/uploads\/2026\/03\/standardgazrugo-1024x128.png","type":"","width":"","height":""}],"twitter_card":"summary_large_image","twitter_misc":{"Est. reading time":"3 minutes"},"schema":{"@context":"https:\/\/schema.org","@graph":[{"@type":"WebPage","@id":"https:\/\/moliton.hu\/mst-gazrugok\/","url":"https:\/\/moliton.hu\/mst-gazrugok\/","name":"MST g\u00e1zrug\u00f3k - Moliton","isPartOf":{"@id":"https:\/\/moliton.hu\/#website"},"primaryImageOfPage":{"@id":"https:\/\/moliton.hu\/mst-gazrugok\/#primaryimage"},"image":{"@id":"https:\/\/moliton.hu\/mst-gazrugok\/#primaryimage"},"thumbnailUrl":"https:\/\/moliton.hu\/wp-content\/uploads\/2026\/03\/standardgazrugo-1024x128.png","datePublished":"2026-03-17T09:32:23+00:00","dateModified":"2026-04-15T08:41:59+00:00","description":"A tart\u00f3 g\u00e1zrug\u00f3 (MST) tetsz\u0151leges poz\u00edci\u00f3ban r\u00f6gz\u00edti a fedelet k\u00e9zi r\u00e1seg\u00edt\u00e9ssel. Ismerje meg a szelep m\u0171k\u00f6d\u00e9s\u00e9t, a tart\u00f3er\u0151-t\u00f6bbletet \u00e9s a speci\u00e1lis MST jel\u00f6l\u00e9seket!","breadcrumb":{"@id":"https:\/\/moliton.hu\/mst-gazrugok\/#breadcrumb"},"inLanguage":"en-US","potentialAction":[{"@type":"ReadAction","target":["https:\/\/moliton.hu\/mst-gazrugok\/"]}]},{"@type":"ImageObject","inLanguage":"en-US","@id":"https:\/\/moliton.hu\/mst-gazrugok\/#primaryimage","url":"https:\/\/moliton.hu\/wp-content\/uploads\/2026\/03\/standardgazrugo-1024x128.png","contentUrl":"https:\/\/moliton.hu\/wp-content\/uploads\/2026\/03\/standardgazrugo-1024x128.png"},{"@type":"BreadcrumbList","@id":"https:\/\/moliton.hu\/mst-gazrugok\/#breadcrumb","itemListElement":[{"@type":"ListItem","position":1,"name":"Home","item":"https:\/\/moliton.hu\/en\/"},{"@type":"ListItem","position":2,"name":"MST g\u00e1zrug\u00f3k"}]},{"@type":"WebSite","@id":"https:\/\/moliton.hu\/#website","url":"https:\/\/moliton.hu\/","name":"Moliton","description":"30 \u00e9ve a lakoss\u00e1g \u00e9s az ipar szolg\u00e1lat\u00e1ban.","publisher":{"@id":"https:\/\/moliton.hu\/#organization"},"potentialAction":[{"@type":"SearchAction","target":{"@type":"EntryPoint","urlTemplate":"https:\/\/moliton.hu\/?s={search_term_string}"},"query-input":{"@type":"PropertyValueSpecification","valueRequired":true,"valueName":"search_term_string"}}],"inLanguage":"en-US"},{"@type":"Organization","@id":"https:\/\/moliton.hu\/#organization","name":"Moliton","url":"https:\/\/moliton.hu\/","logo":{"@type":"ImageObject","inLanguage":"en-US","@id":"https:\/\/moliton.hu\/#\/schema\/logo\/image\/","url":"https:\/\/moliton.hu\/wp-content\/uploads\/2026\/03\/moliton-logo.png","contentUrl":"https:\/\/moliton.hu\/wp-content\/uploads\/2026\/03\/moliton-logo.png","width":2048,"height":2048,"caption":"Moliton"},"image":{"@id":"https:\/\/moliton.hu\/#\/schema\/logo\/image\/"}}]}},"_links":{"self":[{"href":"https:\/\/moliton.hu\/en\/wp-json\/wp\/v2\/pages\/404","targetHints":{"allow":["GET"]}}],"collection":[{"href":"https:\/\/moliton.hu\/en\/wp-json\/wp\/v2\/pages"}],"about":[{"href":"https:\/\/moliton.hu\/en\/wp-json\/wp\/v2\/types\/page"}],"author":[{"embeddable":true,"href":"https:\/\/moliton.hu\/en\/wp-json\/wp\/v2\/users\/1"}],"replies":[{"embeddable":true,"href":"https:\/\/moliton.hu\/en\/wp-json\/wp\/v2\/comments?post=404"}],"version-history":[{"count":4,"href":"https:\/\/moliton.hu\/en\/wp-json\/wp\/v2\/pages\/404\/revisions"}],"predecessor-version":[{"id":2350,"href":"https:\/\/moliton.hu\/en\/wp-json\/wp\/v2\/pages\/404\/revisions\/2350"}],"wp:attachment":[{"href":"https:\/\/moliton.hu\/en\/wp-json\/wp\/v2\/media?parent=404"}],"curies":[{"name":"wp","href":"https:\/\/api.w.org\/{rel}","templated":true}]}}