{"id":434,"date":"2026-03-17T09:40:57","date_gmt":"2026-03-17T09:40:57","guid":{"rendered":"https:\/\/teszt2.invictum.hu\/?page_id=434"},"modified":"2026-04-15T08:29:15","modified_gmt":"2026-04-15T08:29:15","slug":"huzo-gazrugo","status":"publish","type":"page","link":"https:\/\/moliton.hu\/en\/huzo-gazrugo\/","title":{"rendered":"Traction Gas Springs"},"content":{"rendered":"<div data-elementor-type=\"wp-page\" data-elementor-id=\"434\" class=\"elementor elementor-434\" data-elementor-post-type=\"page\">\n\t\t\t\t<div class=\"elementor-element elementor-element-33474f5b e-flex e-con-boxed e-con e-parent\" data-id=\"33474f5b\" data-element_type=\"container\" data-e-type=\"container\">\n\t\t\t\t\t<div class=\"e-con-inner\">\n\t\t<div class=\"elementor-element elementor-element-25b925b2 e-con-full e-flex e-con e-child\" data-id=\"25b925b2\" data-element_type=\"container\" data-e-type=\"container\">\n\t\t\t\t<div class=\"elementor-element elementor-element-1f9f5829 elementor-widget elementor-widget-heading\" data-id=\"1f9f5829\" data-element_type=\"widget\" data-e-type=\"widget\" data-widget_type=\"heading.default\">\n\t\t\t\t\t<h2 class=\"elementor-heading-title elementor-size-default\">MSH h\u00faz\u00f3 g\u00e1zrug\u00f3<\/h2>\t\t\t\t<\/div>\n\t\t\t\t<div class=\"elementor-element elementor-element-4ec83628 elementor-widget elementor-widget-image\" data-id=\"4ec83628\" data-element_type=\"widget\" data-e-type=\"widget\" data-widget_type=\"image.default\">\n\t\t\t\t\t\t\t\t\t\t\t\t\t\t\t<img fetchpriority=\"high\" decoding=\"async\" width=\"1200\" height=\"150\" src=\"https:\/\/moliton.hu\/wp-content\/uploads\/2026\/03\/MSH-1-r69ukn5nkntqezm0h54wn2p1ngkcvkxszstlk5mjmk.png\" class=\"attachment-full size-full wp-image-437\" alt=\"\" srcset=\"https:\/\/moliton.hu\/wp-content\/uploads\/2026\/03\/MSH-1-r69ukn5nkntqezm0h54wn2p1ngkcvkxszstlk5mjmk.png 1200w, https:\/\/moliton.hu\/wp-content\/uploads\/2026\/03\/MSH-1-r69ukn5nkntqezm0h54wn2p1ngkcvkxszstlk5mjmk-600x75.png 600w, https:\/\/moliton.hu\/wp-content\/uploads\/2026\/03\/MSH-1-r69ukn5nkntqezm0h54wn2p1ngkcvkxszstlk5mjmk-300x38.png 300w, https:\/\/moliton.hu\/wp-content\/uploads\/2026\/03\/MSH-1-r69ukn5nkntqezm0h54wn2p1ngkcvkxszstlk5mjmk-1024x128.png 1024w, https:\/\/moliton.hu\/wp-content\/uploads\/2026\/03\/MSH-1-r69ukn5nkntqezm0h54wn2p1ngkcvkxszstlk5mjmk-768x96.png 768w\" sizes=\"(max-width: 1200px) 100vw, 1200px\" \/>\t\t\t\t\t\t\t\t\t\t\t\t\t\t\t<\/div>\n\t\t\t\t<div class=\"elementor-element elementor-element-1a6b4ce9 elementor-align-center elementor-widget elementor-widget-button\" data-id=\"1a6b4ce9\" data-element_type=\"widget\" data-e-type=\"widget\" data-widget_type=\"button.default\">\n\t\t\t\t\t\t\t\t\t\t<a class=\"elementor-button elementor-button-link elementor-size-sm\" href=\"https:\/\/moliton.hu\/en\/kapcsolat\/\">\n\t\t\t\t\t\t<span class=\"elementor-button-content-wrapper\">\n\t\t\t\t\t\t\t\t\t<span class=\"elementor-button-text\">Contact<\/span>\n\t\t\t\t\t<\/span>\n\t\t\t\t\t<\/a>\n\t\t\t\t\t\t\t\t<\/div>\n\t\t\t\t<div class=\"elementor-element elementor-element-6b036ecf elementor-widget elementor-widget-text-editor\" data-id=\"6b036ecf\" data-element_type=\"widget\" data-e-type=\"widget\" data-widget_type=\"text-editor.default\">\n\t\t\t\t\t\t\t\t\t<p>Gas springs manufactured by <b data-path-to-node=\"11\" data-index-in-node=\"2\">h\u00faz\u00f3 g\u00e1zrug\u00f3<\/b> tulajdonk\u00e9ppen egy ford\u00edtott m\u0171k\u00f6d\u00e9s\u0171 g\u00e1zrug\u00f3, ahol a dugatty\u00far\u00fad alaphelyzetben a g\u00e1zrug\u00f3 h\u00e1z\u00e1ban, betolt \u00e1llapotban tart\u00f3zkodik. Ahhoz, hogy a rudat kimozd\u00edtsuk, k\u00fcls\u0151 er\u0151t kell kifejteni a g\u00e1znyom\u00e1ssal szemben. Ez a karakterisztika teszi alkalmass\u00e1 arra, hogy be\u00e9p\u00edthet\u0151 legyen minden olyan helyre, ahol kor\u00e1bban hagyom\u00e1nyos mechanikus h\u00faz\u00f3rug\u00f3t alkalmaztak, vagy ahol a konstrukci\u00f3 (p\u00e9ld\u00e1ul v\u00edzszintes m\u0171k\u00f6d\u00e9s\u0171, felfel\u00e9 csuk\u00f3d\u00f3 neh\u00e9z ajt\u00f3k) kifejezetten ezt a mozg\u00e1sir\u00e1nyt k\u00f6veteli meg.<\/p><h2 data-path-to-node=\"12\">Az MSH h\u00faz\u00f3 g\u00e1zrug\u00f3 fel\u00e9p\u00edt\u00e9se \u00e9s ken\u00e9se<\/h2><p data-path-to-node=\"13\">A tart\u00f3ss\u00e1g \u00e9rdek\u00e9ben a <b data-path-to-node=\"13\" data-index-in-node=\"24\">h\u00faz\u00f3 g\u00e1zrug\u00f3<\/b> t\u00edpusok v\u00e9ghelyzet-csillap\u00edt\u00e1s n\u00e9lk\u00fcl k\u00e9sz\u00fclnek. Ez azt jelenti, hogy a mozg\u00e1s teljes tartom\u00e1ny\u00e1ban egyenletes h\u00faz\u00f3er\u0151t biztos\u00edtanak. Mivel a r\u00fad ford\u00edtott ir\u00e1nyban mozog, a bels\u0151 alkatr\u00e9szek \u00e9s a t\u00f6m\u00edt\u00e9sek megfelel\u0151 ken\u00e9s\u00e9t nem az olajt\u00f6ltet, hanem egy speci\u00e1lis, bels\u0151 zs\u00edrkamra biztos\u00edtja. Ez a technol\u00f3gia garant\u00e1lja, hogy a <b data-path-to-node=\"13\" data-index-in-node=\"366\">h\u00faz\u00f3 g\u00e1zteleszk\u00f3p<\/b> hossz\u00fa ciklussz\u00e1m mellett is meg\u0151rizze megb\u00edzhat\u00f3s\u00e1g\u00e1t, \u00e9s ellen\u00e1lljon a s\u00farl\u00f3d\u00e1sb\u00f3l ad\u00f3d\u00f3 kop\u00e1snak.<\/p><p><a href=\"https:\/\/moliton.hu\/wp-content\/uploads\/2026\/03\/Huzo-gazrugo-elvi-abra-575x198-1.jpg\"><img decoding=\"async\" class=\"aligncenter wp-image-452 size-full\" src=\"https:\/\/moliton.hu\/wp-content\/uploads\/2026\/03\/Huzo-gazrugo-elvi-abra-575x198-1.jpg\" alt=\"\" width=\"575\" height=\"198\" srcset=\"https:\/\/moliton.hu\/wp-content\/uploads\/2026\/03\/Huzo-gazrugo-elvi-abra-575x198-1.jpg 575w, https:\/\/moliton.hu\/wp-content\/uploads\/2026\/03\/Huzo-gazrugo-elvi-abra-575x198-1-300x103.jpg 300w\" sizes=\"(max-width: 575px) 100vw, 575px\" \/><\/a><\/p><h2 data-path-to-node=\"14\">K\u00f3dsz\u00e1m fel\u00e9p\u00edt\u00e9se \u00e9s m\u00e9retv\u00e1laszt\u00e9k<\/h2><p data-path-to-node=\"15\">A pontos rendel\u00e9shez az MSH jel\u00f6l\u00e9srendszert haszn\u00e1ljuk, amely minden fontos param\u00e9tert tartalmaz. Vegy\u00fcnk egy p\u00e9ld\u00e1t: <b data-path-to-node=\"15\" data-index-in-node=\"119\">MSH08\/23 \u2013 4 \u2013 1F1F \u2013 200 \u2013 150 \u2013 xx<\/b>.<\/p><ul data-path-to-node=\"16\"><li><p data-path-to-node=\"16,0,0\"><b data-path-to-node=\"16,0,0\" data-index-in-node=\"0\">MSH:<\/b> Moliton Standard H\u00faz\u00f3 t\u00edpusmegjel\u00f6l\u00e9s.<\/p><\/li><li><p data-path-to-node=\"16,1,0\"><b data-path-to-node=\"16,1,0\" data-index-in-node=\"0\">08\/23:<\/b> A r\u00fad \u00e9s a cs\u0151 \u00e1tm\u00e9r\u0151je mm-ben (v\u00e1laszthat\u00f3 m\u00e9g a robusztusabb 10\/28-as kivitel is).<\/p><\/li><li><p data-path-to-node=\"16,2,0\"><b data-path-to-node=\"16,2,0\" data-index-in-node=\"0\">4:<\/b> A csillap\u00edt\u00e1s t\u00edpusa (kiz\u00e1r\u00f3lag 4-es, azaz csillap\u00edt\u00e1s n\u00e9lk\u00fcli verzi\u00f3 rendelhet\u0151).<\/p><\/li><li><p data-path-to-node=\"16,3,0\"><b data-path-to-node=\"16,3,0\" data-index-in-node=\"0\">1F1F:<\/b> A cs\u0151 \u00e9s a r\u00fad oldali csatlakoz\u00f3k t\u00edpusa (ezek tetsz\u0151legesen vari\u00e1lhat\u00f3ak a katal\u00f3gusb\u00f3l).<\/p><\/li><li><p data-path-to-node=\"16,4,0\"><b data-path-to-node=\"16,4,0\" data-index-in-node=\"0\">200:<\/b> A n\u00e9vleges h\u00faz\u00f3er\u0151 (Newtonban megadva).<\/p><\/li><li><p data-path-to-node=\"16,5,0\"><b data-path-to-node=\"16,5,0\" data-index-in-node=\"0\">150:<\/b> A l\u00f6ket hossza (L mm-ben).<\/p><\/li><li><p data-path-to-node=\"16,6,0\"><b data-path-to-node=\"16,6,0\" data-index-in-node=\"0\">xx:<\/b> A minimum be\u00e9p\u00edt\u00e9si hossz, amely a l\u00f6ketb\u0151l, a 77 mm-es technikai \u00e1lland\u00f3b\u00f3l \u00e9s a csatlakoz\u00f3k hossz\u00e1b\u00f3l ad\u00f3dik \u00f6ssze.<\/p><\/li><\/ul><h2 data-path-to-node=\"17\">Alkalmaz\u00e1si ter\u00fcletek \u00e9s tervez\u00e9s<\/h2><p data-path-to-node=\"18\">Gas springs manufactured by <b data-path-to-node=\"18\" data-index-in-node=\"2\">h\u00faz\u00f3 g\u00e1zrug\u00f3<\/b> alkalmaz\u00e1sa sor\u00e1n fontos a prec\u00edz m\u00e9retez\u00e9s, k\u00fcl\u00f6n\u00f6sen a <a class=\"ng-star-inserted\" href=\"https:\/\/www.google.com\/search?q=https:\/\/hu.wikipedia.org\/wiki\/G%25C3%25A9p%25C3%25A9szet\" target=\"_blank\" rel=\"noopener\">g\u00e9p\u00e9szeti tervez\u00e9s<\/a> korai szakasz\u00e1ban. Gyakran tal\u00e1lkozhatunk vel\u00fck ipari g\u00e9pek burkolatain\u00e1l, fitneszg\u00e9pekn\u00e9l vagy speci\u00e1lis g\u00e9pj\u00e1rm\u0171fel\u00e9p\u00edtm\u00e9nyekn\u00e9l. A Moliton \u00e1ltal gy\u00e1rtott <b data-path-to-node=\"18\" data-index-in-node=\"248\">h\u00faz\u00f3 g\u00e1zrug\u00f3<\/b> minden darabja egyedi ig\u00e9nyekre szabhat\u00f3, \u00edgy a h\u00faz\u00f3er\u0151 \u00e9s a l\u00f6ket pontosan az adott feladathoz igaz\u00edthat\u00f3. Amennyiben bizonytalan a sz\u00fcks\u00e9ges er\u0151 meghat\u00e1roz\u00e1s\u00e1ban, m\u00e9rn\u00f6keink k\u00e9szs\u00e9ggel seg\u00edtenek a kalkul\u00e1ci\u00f3ban.<\/p>\t\t\t\t\t\t\t\t<\/div>\n\t\t\t\t<\/div>\n\t\t\t\t\t<\/div>\n\t\t\t\t<\/div>\n\t\t\t\t<\/div>","protected":false},"excerpt":{"rendered":"<p>MSH h\u00faz\u00f3 g\u00e1zrug\u00f3 Kapcsolat A h\u00faz\u00f3 g\u00e1zrug\u00f3 tulajdonk\u00e9ppen egy ford\u00edtott m\u0171k\u00f6d\u00e9s\u0171 nyom\u00f3 g\u00e1zrug\u00f3, ahol a r\u00fad alaphelyzetben betolt \u00e1llapotban van, \u00edgy annak kih\u00faz\u00e1s\u00e1hoz kell er\u0151t kifejteni. Be\u00e9p\u00edthet\u0151 minden olyan helyre, ahol eddig h\u00faz\u00f3 rug\u00f3 volt, illetve ahol megk\u00f6veteli a m\u0171k\u00f6dtet\u00e9s (pl. v\u00edzszintes m\u0171k\u00f6d\u00e9s\u0171 felfel\u00e9 csuk\u00f3d\u00f3 ajt\u00f3). A h\u00faz\u00f3 g\u00e1zrug\u00f3k v\u00e9ghelyzet csillap\u00edt\u00e1s n\u00e9lk\u00fcl k\u00e9sz\u00fclnek, a bels\u0151 [&hellip;]<\/p>\n","protected":false},"author":1,"featured_media":0,"parent":0,"menu_order":0,"comment_status":"closed","ping_status":"closed","template":"elementor_header_footer","meta":{"footnotes":""},"class_list":["post-434","page","type-page","status-publish","hentry"],"yoast_head":"<!-- This site is optimized with the Yoast SEO Premium plugin v27.4 (Yoast SEO v27.4) - https:\/\/yoast.com\/product\/yoast-seo-premium-wordpress\/ -->\n<title>H\u00faz\u00f3 g\u00e1zrug\u00f3 - Moliton<\/title>\n<meta name=\"description\" content=\"Az MSH h\u00faz\u00f3 g\u00e1zrug\u00f3 ford\u00edtott m\u0171k\u00f6d\u00e9s\u00e9vel ide\u00e1lis speci\u00e1lis z\u00e1r\u00f3d\u00e1si feladatokhoz. Ismerje meg a 08\/23 \u00e9s 10\/28 t\u00edpusokat, a jel\u00f6l\u00e9seket\" \/>\n<meta name=\"robots\" content=\"index, follow, max-snippet:-1, max-image-preview:large, max-video-preview:-1\" \/>\n<link rel=\"canonical\" href=\"https:\/\/moliton.hu\/en\/huzo-gazrugo\/\" \/>\n<meta property=\"og:locale\" content=\"en_US\" \/>\n<meta property=\"og:type\" content=\"article\" \/>\n<meta property=\"og:title\" content=\"H\u00faz\u00f3 g\u00e1zrug\u00f3\" \/>\n<meta property=\"og:description\" content=\"Az MSH h\u00faz\u00f3 g\u00e1zrug\u00f3 ford\u00edtott m\u0171k\u00f6d\u00e9s\u00e9vel ide\u00e1lis speci\u00e1lis z\u00e1r\u00f3d\u00e1si feladatokhoz. Ismerje meg a 08\/23 \u00e9s 10\/28 t\u00edpusokat, a jel\u00f6l\u00e9seket\" \/>\n<meta property=\"og:url\" content=\"https:\/\/moliton.hu\/en\/huzo-gazrugo\/\" \/>\n<meta property=\"og:site_name\" content=\"Moliton\" \/>\n<meta property=\"article:modified_time\" content=\"2026-04-15T08:29:15+00:00\" \/>\n<meta property=\"og:image\" content=\"https:\/\/moliton.hu\/wp-content\/uploads\/2026\/03\/MSH-1-r69ukn5nkntqezm0h54wn2p1ngkcvkxszstlk5mjmk.png\" \/>\n<meta name=\"twitter:card\" content=\"summary_large_image\" \/>\n<meta name=\"twitter:label1\" content=\"Est. reading time\" \/>\n\t<meta name=\"twitter:data1\" content=\"2 minutes\" \/>\n<script type=\"application\/ld+json\" class=\"yoast-schema-graph\">{\"@context\":\"https:\\\/\\\/schema.org\",\"@graph\":[{\"@type\":\"WebPage\",\"@id\":\"https:\\\/\\\/moliton.hu\\\/huzo-gazrugo\\\/\",\"url\":\"https:\\\/\\\/moliton.hu\\\/huzo-gazrugo\\\/\",\"name\":\"H\u00faz\u00f3 g\u00e1zrug\u00f3 - Moliton\",\"isPartOf\":{\"@id\":\"https:\\\/\\\/moliton.hu\\\/#website\"},\"primaryImageOfPage\":{\"@id\":\"https:\\\/\\\/moliton.hu\\\/huzo-gazrugo\\\/#primaryimage\"},\"image\":{\"@id\":\"https:\\\/\\\/moliton.hu\\\/huzo-gazrugo\\\/#primaryimage\"},\"thumbnailUrl\":\"https:\\\/\\\/moliton.hu\\\/wp-content\\\/uploads\\\/2026\\\/03\\\/MSH-1-r69ukn5nkntqezm0h54wn2p1ngkcvkxszstlk5mjmk.png\",\"datePublished\":\"2026-03-17T09:40:57+00:00\",\"dateModified\":\"2026-04-15T08:29:15+00:00\",\"description\":\"Az MSH h\u00faz\u00f3 g\u00e1zrug\u00f3 ford\u00edtott m\u0171k\u00f6d\u00e9s\u00e9vel ide\u00e1lis speci\u00e1lis z\u00e1r\u00f3d\u00e1si feladatokhoz. Ismerje meg a 08\\\/23 \u00e9s 10\\\/28 t\u00edpusokat, a jel\u00f6l\u00e9seket\",\"breadcrumb\":{\"@id\":\"https:\\\/\\\/moliton.hu\\\/huzo-gazrugo\\\/#breadcrumb\"},\"inLanguage\":\"en-US\",\"potentialAction\":[{\"@type\":\"ReadAction\",\"target\":[\"https:\\\/\\\/moliton.hu\\\/huzo-gazrugo\\\/\"]}]},{\"@type\":\"ImageObject\",\"inLanguage\":\"en-US\",\"@id\":\"https:\\\/\\\/moliton.hu\\\/huzo-gazrugo\\\/#primaryimage\",\"url\":\"https:\\\/\\\/moliton.hu\\\/wp-content\\\/uploads\\\/2026\\\/03\\\/MSH-1-r69ukn5nkntqezm0h54wn2p1ngkcvkxszstlk5mjmk.png\",\"contentUrl\":\"https:\\\/\\\/moliton.hu\\\/wp-content\\\/uploads\\\/2026\\\/03\\\/MSH-1-r69ukn5nkntqezm0h54wn2p1ngkcvkxszstlk5mjmk.png\"},{\"@type\":\"BreadcrumbList\",\"@id\":\"https:\\\/\\\/moliton.hu\\\/huzo-gazrugo\\\/#breadcrumb\",\"itemListElement\":[{\"@type\":\"ListItem\",\"position\":1,\"name\":\"Home\",\"item\":\"https:\\\/\\\/moliton.hu\\\/en\\\/\"},{\"@type\":\"ListItem\",\"position\":2,\"name\":\"H\u00faz\u00f3 g\u00e1zrug\u00f3\"}]},{\"@type\":\"WebSite\",\"@id\":\"https:\\\/\\\/moliton.hu\\\/#website\",\"url\":\"https:\\\/\\\/moliton.hu\\\/\",\"name\":\"Moliton\",\"description\":\"30 \u00e9ve a lakoss\u00e1g \u00e9s az ipar szolg\u00e1lat\u00e1ban.\",\"publisher\":{\"@id\":\"https:\\\/\\\/moliton.hu\\\/#organization\"},\"potentialAction\":[{\"@type\":\"SearchAction\",\"target\":{\"@type\":\"EntryPoint\",\"urlTemplate\":\"https:\\\/\\\/moliton.hu\\\/?s={search_term_string}\"},\"query-input\":{\"@type\":\"PropertyValueSpecification\",\"valueRequired\":true,\"valueName\":\"search_term_string\"}}],\"inLanguage\":\"en-US\"},{\"@type\":\"Organization\",\"@id\":\"https:\\\/\\\/moliton.hu\\\/#organization\",\"name\":\"Moliton\",\"url\":\"https:\\\/\\\/moliton.hu\\\/\",\"logo\":{\"@type\":\"ImageObject\",\"inLanguage\":\"en-US\",\"@id\":\"https:\\\/\\\/moliton.hu\\\/#\\\/schema\\\/logo\\\/image\\\/\",\"url\":\"https:\\\/\\\/moliton.hu\\\/wp-content\\\/uploads\\\/2026\\\/03\\\/moliton-logo.png\",\"contentUrl\":\"https:\\\/\\\/moliton.hu\\\/wp-content\\\/uploads\\\/2026\\\/03\\\/moliton-logo.png\",\"width\":2048,\"height\":2048,\"caption\":\"Moliton\"},\"image\":{\"@id\":\"https:\\\/\\\/moliton.hu\\\/#\\\/schema\\\/logo\\\/image\\\/\"}}]}<\/script>\n<!-- \/ Yoast SEO Premium plugin. -->","yoast_head_json":{"title":"H\u00faz\u00f3 g\u00e1zrug\u00f3 - Moliton","description":"Az MSH h\u00faz\u00f3 g\u00e1zrug\u00f3 ford\u00edtott m\u0171k\u00f6d\u00e9s\u00e9vel ide\u00e1lis speci\u00e1lis z\u00e1r\u00f3d\u00e1si feladatokhoz. Ismerje meg a 08\/23 \u00e9s 10\/28 t\u00edpusokat, a jel\u00f6l\u00e9seket","robots":{"index":"index","follow":"follow","max-snippet":"max-snippet:-1","max-image-preview":"max-image-preview:large","max-video-preview":"max-video-preview:-1"},"canonical":"https:\/\/moliton.hu\/en\/huzo-gazrugo\/","og_locale":"en_US","og_type":"article","og_title":"H\u00faz\u00f3 g\u00e1zrug\u00f3","og_description":"Az MSH h\u00faz\u00f3 g\u00e1zrug\u00f3 ford\u00edtott m\u0171k\u00f6d\u00e9s\u00e9vel ide\u00e1lis speci\u00e1lis z\u00e1r\u00f3d\u00e1si feladatokhoz. Ismerje meg a 08\/23 \u00e9s 10\/28 t\u00edpusokat, a jel\u00f6l\u00e9seket","og_url":"https:\/\/moliton.hu\/en\/huzo-gazrugo\/","og_site_name":"Moliton","article_modified_time":"2026-04-15T08:29:15+00:00","og_image":[{"url":"https:\/\/moliton.hu\/wp-content\/uploads\/2026\/03\/MSH-1-r69ukn5nkntqezm0h54wn2p1ngkcvkxszstlk5mjmk.png","type":"","width":"","height":""}],"twitter_card":"summary_large_image","twitter_misc":{"Est. reading time":"2 minutes"},"schema":{"@context":"https:\/\/schema.org","@graph":[{"@type":"WebPage","@id":"https:\/\/moliton.hu\/huzo-gazrugo\/","url":"https:\/\/moliton.hu\/huzo-gazrugo\/","name":"H\u00faz\u00f3 g\u00e1zrug\u00f3 - Moliton","isPartOf":{"@id":"https:\/\/moliton.hu\/#website"},"primaryImageOfPage":{"@id":"https:\/\/moliton.hu\/huzo-gazrugo\/#primaryimage"},"image":{"@id":"https:\/\/moliton.hu\/huzo-gazrugo\/#primaryimage"},"thumbnailUrl":"https:\/\/moliton.hu\/wp-content\/uploads\/2026\/03\/MSH-1-r69ukn5nkntqezm0h54wn2p1ngkcvkxszstlk5mjmk.png","datePublished":"2026-03-17T09:40:57+00:00","dateModified":"2026-04-15T08:29:15+00:00","description":"Az MSH h\u00faz\u00f3 g\u00e1zrug\u00f3 ford\u00edtott m\u0171k\u00f6d\u00e9s\u00e9vel ide\u00e1lis speci\u00e1lis z\u00e1r\u00f3d\u00e1si feladatokhoz. Ismerje meg a 08\/23 \u00e9s 10\/28 t\u00edpusokat, a jel\u00f6l\u00e9seket","breadcrumb":{"@id":"https:\/\/moliton.hu\/huzo-gazrugo\/#breadcrumb"},"inLanguage":"en-US","potentialAction":[{"@type":"ReadAction","target":["https:\/\/moliton.hu\/huzo-gazrugo\/"]}]},{"@type":"ImageObject","inLanguage":"en-US","@id":"https:\/\/moliton.hu\/huzo-gazrugo\/#primaryimage","url":"https:\/\/moliton.hu\/wp-content\/uploads\/2026\/03\/MSH-1-r69ukn5nkntqezm0h54wn2p1ngkcvkxszstlk5mjmk.png","contentUrl":"https:\/\/moliton.hu\/wp-content\/uploads\/2026\/03\/MSH-1-r69ukn5nkntqezm0h54wn2p1ngkcvkxszstlk5mjmk.png"},{"@type":"BreadcrumbList","@id":"https:\/\/moliton.hu\/huzo-gazrugo\/#breadcrumb","itemListElement":[{"@type":"ListItem","position":1,"name":"Home","item":"https:\/\/moliton.hu\/en\/"},{"@type":"ListItem","position":2,"name":"H\u00faz\u00f3 g\u00e1zrug\u00f3"}]},{"@type":"WebSite","@id":"https:\/\/moliton.hu\/#website","url":"https:\/\/moliton.hu\/","name":"Moliton","description":"30 \u00e9ve a lakoss\u00e1g \u00e9s az ipar szolg\u00e1lat\u00e1ban.","publisher":{"@id":"https:\/\/moliton.hu\/#organization"},"potentialAction":[{"@type":"SearchAction","target":{"@type":"EntryPoint","urlTemplate":"https:\/\/moliton.hu\/?s={search_term_string}"},"query-input":{"@type":"PropertyValueSpecification","valueRequired":true,"valueName":"search_term_string"}}],"inLanguage":"en-US"},{"@type":"Organization","@id":"https:\/\/moliton.hu\/#organization","name":"Moliton","url":"https:\/\/moliton.hu\/","logo":{"@type":"ImageObject","inLanguage":"en-US","@id":"https:\/\/moliton.hu\/#\/schema\/logo\/image\/","url":"https:\/\/moliton.hu\/wp-content\/uploads\/2026\/03\/moliton-logo.png","contentUrl":"https:\/\/moliton.hu\/wp-content\/uploads\/2026\/03\/moliton-logo.png","width":2048,"height":2048,"caption":"Moliton"},"image":{"@id":"https:\/\/moliton.hu\/#\/schema\/logo\/image\/"}}]}},"_links":{"self":[{"href":"https:\/\/moliton.hu\/en\/wp-json\/wp\/v2\/pages\/434","targetHints":{"allow":["GET"]}}],"collection":[{"href":"https:\/\/moliton.hu\/en\/wp-json\/wp\/v2\/pages"}],"about":[{"href":"https:\/\/moliton.hu\/en\/wp-json\/wp\/v2\/types\/page"}],"author":[{"embeddable":true,"href":"https:\/\/moliton.hu\/en\/wp-json\/wp\/v2\/users\/1"}],"replies":[{"embeddable":true,"href":"https:\/\/moliton.hu\/en\/wp-json\/wp\/v2\/comments?post=434"}],"version-history":[{"count":10,"href":"https:\/\/moliton.hu\/en\/wp-json\/wp\/v2\/pages\/434\/revisions"}],"predecessor-version":[{"id":2335,"href":"https:\/\/moliton.hu\/en\/wp-json\/wp\/v2\/pages\/434\/revisions\/2335"}],"wp:attachment":[{"href":"https:\/\/moliton.hu\/en\/wp-json\/wp\/v2\/media?parent=434"}],"curies":[{"name":"wp","href":"https:\/\/api.w.org\/{rel}","templated":true}]}}