{"id":497,"date":"2026-03-17T10:26:14","date_gmt":"2026-03-17T10:26:14","guid":{"rendered":"https:\/\/teszt2.invictum.hu\/?page_id=497"},"modified":"2026-04-15T08:20:44","modified_gmt":"2026-04-15T08:20:44","slug":"franciaagy","status":"publish","type":"page","link":"https:\/\/moliton.hu\/en\/franciaagy\/","title":{"rendered":"Francia\u00e1gy"},"content":{"rendered":"\t\t<div data-elementor-type=\"wp-page\" data-elementor-id=\"497\" class=\"elementor elementor-497\" data-elementor-post-type=\"page\">\n\t\t\t\t<div class=\"elementor-element elementor-element-68c8e7a8 e-flex e-con-boxed e-con e-parent\" data-id=\"68c8e7a8\" data-element_type=\"container\" data-e-type=\"container\">\n\t\t\t\t\t<div class=\"e-con-inner\">\n\t\t<div class=\"elementor-element elementor-element-7256543c e-con-full e-flex e-con e-child\" data-id=\"7256543c\" data-element_type=\"container\" data-e-type=\"container\">\n\t\t\t\t<div class=\"elementor-element elementor-element-bc2aaa8 elementor-widget elementor-widget-heading\" data-id=\"bc2aaa8\" data-element_type=\"widget\" data-e-type=\"widget\" data-widget_type=\"heading.default\">\n\t\t\t\t\t<h2 class=\"elementor-heading-title elementor-size-default\">G\u00e1zrug\u00f3s francia\u00e1gy vasalat\n<\/h2>\t\t\t\t<\/div>\n\t\t\t\t<div class=\"elementor-element elementor-element-2542f48 elementor-widget elementor-widget-text-editor\" data-id=\"2542f48\" data-element_type=\"widget\" data-e-type=\"widget\" data-widget_type=\"text-editor.default\">\n\t\t\t\t\t\t\t\t\t<p>A <b data-path-to-node=\"11\" data-index-in-node=\"2\">g\u00e1zrug\u00f3s francia\u00e1gy vasalat<\/b> az \u00e1gynem\u0171tart\u00f3s \u00e1gyak egyik legfontosabb k\u00e9nyelmi eleme, amely a matrac \u00e9s a matractart\u00f3 hosszir\u00e1ny\u00fa, k\u00f6nnyed \u00e9s megb\u00edzhat\u00f3 felnyit\u00e1s\u00e1ra szolg\u00e1l. Ez a modern mechanika kiv\u00e1ltja a r\u00e9gi, neh\u00e9zkesen kezelhet\u0151 h\u00faz\u00f3rug\u00f3s megold\u00e1sokat, biztos\u00edtva a stabil megt\u00e1maszt\u00e1st nyitott \u00e1llapotban is. A fekete sz\u00ednben kaphat\u00f3 vasalat eszt\u00e9tikus \u00e9s tart\u00f3s megold\u00e1st k\u00edn\u00e1l b\u00e1rmilyen t\u00edpus\u00fa francia\u00e1gyhoz.<\/p><h2 data-path-to-node=\"12\">A francia\u00e1gy vasalat jel\u00f6l\u00e9se \u00e9s t\u00edpusai<\/h2><p data-path-to-node=\"13\">A pontos azonos\u00edt\u00e1shoz \u00e9s rendel\u00e9shez az al\u00e1bbi k\u00f3dol\u00e1st haszn\u00e1ljuk. Vegy\u00fcnk egy p\u00e9ld\u00e1t: <b data-path-to-node=\"13\" data-index-in-node=\"89\">FAVP-01V-1000N<\/b>.<\/p><ul data-path-to-node=\"14\"><li><p data-path-to-node=\"14,0,0\"><b data-path-to-node=\"14,0,0\" data-index-in-node=\"0\">FAV:<\/b> Francia\u00e1gy vasalat alapt\u00edpus.<\/p><\/li><li><p data-path-to-node=\"14,1,0\"><b data-path-to-node=\"14,1,0\" data-index-in-node=\"0\">P:<\/b> P\u00e1rban \u00e9rtend\u0151 (el\u00e9rhet\u0151 m\u00e9g <b data-path-to-node=\"14,1,0\" data-index-in-node=\"32\">J<\/b> \u2013 jobbos \u00e9s <b data-path-to-node=\"14,1,0\" data-index-in-node=\"46\">B<\/b> \u2013 balos kivitel is).<\/p><\/li><li><p data-path-to-node=\"14,2,0\"><b data-path-to-node=\"14,2,0\" data-index-in-node=\"0\">01:<\/b> A v\u00e1ltozat sz\u00e1ma (jelenleg az alap 01-es t\u00edpus \u00e9rhet\u0151 el).<\/p><\/li><li><p data-path-to-node=\"14,3,0\"><b data-path-to-node=\"14,3,0\" data-index-in-node=\"0\">V:<\/b> Fogad\u00f3s\u00ednnel ell\u00e1tott verzi\u00f3 (az <b data-path-to-node=\"14,3,0\" data-index-in-node=\"36\">N<\/b> jel\u00f6l\u00e9s a fogad\u00f3 n\u00e9lk\u00fcli v\u00e1ltozatot jelenti).<\/p><\/li><li><p data-path-to-node=\"14,4,0\"><b data-path-to-node=\"14,4,0\" data-index-in-node=\"0\">1000N:<\/b> A be\u00e9p\u00edtett g\u00e1zrug\u00f3 kitol\u00f3ereje.<\/p><\/li><\/ul><p data-path-to-node=\"15\">Fontos tudni, hogy a <b data-path-to-node=\"15\" data-index-in-node=\"21\">g\u00e1zrug\u00f3s francia\u00e1gy vasalat<\/b> n\u00e1lunk rug\u00f3 n\u00e9lk\u00fcl is megv\u00e1s\u00e1rolhat\u00f3 (jel\u00f6l\u00e9se: FAVP-01V), illetve ig\u00e9ny eset\u00e9n maga a g\u00e1zrug\u00f3 k\u00fcl\u00f6n is megrendelhet\u0151.<\/p><h2 data-path-to-node=\"16\">Hogyan v\u00e1lasszunk megfelel\u0151 rug\u00f3er\u0151t?<\/h2><p data-path-to-node=\"17\">A g\u00e1zrug\u00f3k erej\u00e9t a matrac \u00e9s a matractart\u00f3 egy\u00fcttes t\u00f6mege hat\u00e1rozza meg. Egy \u00e1tlagos, 2000 mm hossz\u00fa \u00e1gy eset\u00e9n az al\u00e1bbiak szerint \u00e9rdemes kalkul\u00e1lni:<\/p><ul data-path-to-node=\"18\"><li><p data-path-to-node=\"18,0,0\">25-30 kg \u00f6sszt\u00f6meghez 500-600N er\u0151 javasolt.<\/p><\/li><li><p data-path-to-node=\"18,1,0\">40-50 kg k\u00f6z\u00f6tti s\u00falyhoz 800-1000N k\u00f6z\u00f6tti g\u00e1zrug\u00f3 sz\u00fcks\u00e9ges.<\/p><\/li><li><p data-path-to-node=\"18,2,0\">Nehezebb, 60-70 kg-os matracokhoz 1200-1400N erej\u0171 vasalatot aj\u00e1nlunk.<\/p><\/li><\/ul><p data-path-to-node=\"19\">Amennyiben az \u00e1gy m\u00e9rete az \u00e1tlagost\u00f3l elt\u00e9r (pl. 2200 mm-es matrachossz), a sz\u00fcks\u00e9ges rug\u00f3er\u0151 k\u00f6r\u00fclbel\u00fcl 10%-kal nagyobb legyen a t\u00e1bl\u00e1zatban megadott alap\u00e9rt\u00e9kekn\u00e9l. A helyes megv\u00e1laszt\u00e1s garant\u00e1lja a <a class=\"ng-star-inserted\" href=\"https:\/\/hu.wikipedia.org\/wiki\/B%C3%BAtor\" target=\"_blank\" rel=\"noopener\">biztons\u00e1gos haszn\u00e1latot<\/a> \u00e9s a hossz\u00fa \u00e9lettartamot.<\/p><h2 data-path-to-node=\"20\">Be\u00e9p\u00edt\u00e9si tan\u00e1csok \u00e9s seg\u00e9dlet<\/h2><p data-path-to-node=\"21\">A <b data-path-to-node=\"21\" data-index-in-node=\"2\">g\u00e1zrug\u00f3s francia\u00e1gy vasalat<\/b> felszerel\u00e9s\u00e9t a 13. \u00e1br\u00e1n megadott be\u00e9p\u00edt\u00e9si m\u00e9retek alapj\u00e1n javasoljuk elv\u00e9gezni. A g\u00e1zrug\u00f3t csak a m\u00e1r felszerelt vasalathoz szabad csatlakoztatni, \u00fcgyelve a helyes ir\u00e1nyra. A beszerel\u00e9st k\u00f6vet\u0151en a nyit\u00e1s \u00e9s lecsuk\u00e1s mozdulata megegyezik a hagyom\u00e1nyos vasalatok\u00e9val, de a kifejtett er\u0151 t\u00f6red\u00e9ke lesz annak. K\u00e9rj\u00fck, vegye figyelembe, hogy a r\u00f6gz\u00edt\u00e9shez sz\u00fcks\u00e9ges csavarok nem r\u00e9szei a csomagnak, azok beszerz\u00e9se a fogad\u00f3 fel\u00fclet anyag\u00e1t\u00f3l f\u00fcgg\u0151en a v\u00e1s\u00e1rl\u00f3 feladata.<\/p><table class=\"border ng-scope\"><tbody><tr><td>Matrac + matractart\u00f3 t\u00f6mege [kg]<\/td><td>25<\/td><td>30<\/td><td>35<\/td><td>40<\/td><td>45<\/td><td>50<\/td><td>55<\/td><td>60<\/td><td>65<\/td><td>70<\/td><\/tr><tr><td>Rug\u00f3er\u0151 [N]<\/td><td>500<\/td><td>600<\/td><td>700<\/td><td>800<\/td><td>900<\/td><td>1000<\/td><td>1100<\/td><td>1200<\/td><td>1300<\/td><td>1400<\/td><\/tr><\/tbody><\/table><p class=\"ng-scope\">Az \u00e1gyvasalatot a francia\u00e1gyhoz, illetve a matractart\u00f3hoz az 13. \u00e1br\u00e1n megadott be\u00e9p\u00edt\u00e9si m\u00e9retekkel javasoljuk felszerelni. G\u00e1zrug\u00f3t a m\u00e1r felszerelt vasalathoz mindig az \u00e1br\u00e1nak megfelel\u0151en kell be\u00e9p\u00edteni. A g\u00e1zrug\u00f3s \u00e1gyvasalattal a javasolt beszerel\u00e9st k\u00f6vet\u0151en a francia\u00e1gy fels\u0151 r\u00e9sz\u00e9nek felnyit\u00e1sa, illetve lecsuk\u00e1sa azonos mozdulattal t\u00f6rt\u00e9nik mint a hagyom\u00e1nyos (un. h\u00faz\u00f3rug\u00f3s) megold\u00e1sn\u00e1l.<\/p><p><a href=\"https:\/\/moliton.hu\/wp-content\/uploads\/2026\/03\/FAVP2.jpg\"><img fetchpriority=\"high\" decoding=\"async\" class=\"aligncenter wp-image-504 size-full\" src=\"https:\/\/moliton.hu\/wp-content\/uploads\/2026\/03\/FAVP2.jpg\" alt=\"\" width=\"997\" height=\"722\" srcset=\"https:\/\/moliton.hu\/wp-content\/uploads\/2026\/03\/FAVP2.jpg 997w, https:\/\/moliton.hu\/wp-content\/uploads\/2026\/03\/FAVP2-600x435.jpg 600w, https:\/\/moliton.hu\/wp-content\/uploads\/2026\/03\/FAVP2-300x217.jpg 300w, https:\/\/moliton.hu\/wp-content\/uploads\/2026\/03\/FAVP2-768x556.jpg 768w\" sizes=\"(max-width: 997px) 100vw, 997px\" \/><\/a><\/p><p><a href=\"https:\/\/moliton.hu\/wp-content\/uploads\/2026\/03\/FAVP-1.jpg\"><img decoding=\"async\" class=\"aligncenter wp-image-505 size-full\" src=\"https:\/\/moliton.hu\/wp-content\/uploads\/2026\/03\/FAVP-1.jpg\" alt=\"\" width=\"675\" height=\"622\" srcset=\"https:\/\/moliton.hu\/wp-content\/uploads\/2026\/03\/FAVP-1.jpg 675w, https:\/\/moliton.hu\/wp-content\/uploads\/2026\/03\/FAVP-1-600x553.jpg 600w, https:\/\/moliton.hu\/wp-content\/uploads\/2026\/03\/FAVP-1-300x276.jpg 300w\" sizes=\"(max-width: 675px) 100vw, 675px\" \/><\/a><\/p><div class=\"content-image ng-scope\"><img decoding=\"async\" src=\"https:\/\/moliton.hu\/userfiles\/figure\/abra_francia_1.jpg\" alt=\"\" \/>13. \u00e1bra \u2013 G\u00e1zrug\u00f3s francia\u00e1gy vasalat be\u00e9p\u00edt\u00e9se<\/div>\t\t\t\t\t\t\t\t<\/div>\n\t\t\t\t<\/div>\n\t\t\t\t\t<\/div>\n\t\t\t\t<\/div>\n\t\t\t\t<\/div>\n\t\t","protected":false},"excerpt":{"rendered":"<p>G\u00e1zrug\u00f3s francia\u00e1gy vasalat A g\u00e1zrug\u00f3s francia\u00e1gy vasalat az \u00e1gynem\u0171tart\u00f3s \u00e1gyak egyik legfontosabb k\u00e9nyelmi eleme, amely a matrac \u00e9s a matractart\u00f3 hosszir\u00e1ny\u00fa, k\u00f6nnyed \u00e9s megb\u00edzhat\u00f3 felnyit\u00e1s\u00e1ra szolg\u00e1l. Ez a modern mechanika kiv\u00e1ltja a r\u00e9gi, neh\u00e9zkesen kezelhet\u0151 h\u00faz\u00f3rug\u00f3s megold\u00e1sokat, biztos\u00edtva a stabil megt\u00e1maszt\u00e1st nyitott \u00e1llapotban is. A fekete sz\u00ednben kaphat\u00f3 vasalat eszt\u00e9tikus \u00e9s tart\u00f3s megold\u00e1st k\u00edn\u00e1l b\u00e1rmilyen [&hellip;]<\/p>\n","protected":false},"author":1,"featured_media":0,"parent":0,"menu_order":0,"comment_status":"closed","ping_status":"closed","template":"elementor_header_footer","meta":{"footnotes":""},"class_list":["post-497","page","type-page","status-publish","hentry"],"yoast_head":"<!-- This site is optimized with the Yoast SEO Premium plugin v27.4 (Yoast SEO v27.4) - https:\/\/yoast.com\/product\/yoast-seo-premium-wordpress\/ -->\n<title>Francia\u00e1gy - Moliton<\/title>\n<meta name=\"robots\" content=\"index, follow, max-snippet:-1, max-image-preview:large, max-video-preview:-1\" \/>\n<link rel=\"canonical\" href=\"https:\/\/moliton.hu\/en\/franciaagy\/\" \/>\n<meta property=\"og:locale\" content=\"en_US\" \/>\n<meta property=\"og:type\" content=\"article\" \/>\n<meta property=\"og:title\" content=\"Francia\u00e1gy\" \/>\n<meta property=\"og:description\" content=\"G\u00e1zrug\u00f3s francia\u00e1gy vasalat A g\u00e1zrug\u00f3s francia\u00e1gy vasalat az \u00e1gynem\u0171tart\u00f3s \u00e1gyak egyik legfontosabb k\u00e9nyelmi eleme, amely a matrac \u00e9s a matractart\u00f3 hosszir\u00e1ny\u00fa, k\u00f6nnyed \u00e9s megb\u00edzhat\u00f3 felnyit\u00e1s\u00e1ra szolg\u00e1l. Ez a modern mechanika kiv\u00e1ltja a r\u00e9gi, neh\u00e9zkesen kezelhet\u0151 h\u00faz\u00f3rug\u00f3s megold\u00e1sokat, biztos\u00edtva a stabil megt\u00e1maszt\u00e1st nyitott \u00e1llapotban is. A fekete sz\u00ednben kaphat\u00f3 vasalat eszt\u00e9tikus \u00e9s tart\u00f3s megold\u00e1st k\u00edn\u00e1l b\u00e1rmilyen [&hellip;]\" \/>\n<meta property=\"og:url\" content=\"https:\/\/moliton.hu\/en\/franciaagy\/\" \/>\n<meta property=\"og:site_name\" content=\"Moliton\" \/>\n<meta property=\"article:modified_time\" content=\"2026-04-15T08:20:44+00:00\" \/>\n<meta property=\"og:image\" content=\"https:\/\/moliton.hu\/wp-content\/uploads\/2026\/03\/FAVP2.jpg\" \/>\n\t<meta property=\"og:image:width\" content=\"997\" \/>\n\t<meta property=\"og:image:height\" content=\"722\" \/>\n\t<meta property=\"og:image:type\" content=\"image\/jpeg\" \/>\n<meta name=\"twitter:card\" content=\"summary_large_image\" \/>\n<meta name=\"twitter:label1\" content=\"Est. reading time\" \/>\n\t<meta name=\"twitter:data1\" content=\"3 minutes\" \/>\n<script type=\"application\/ld+json\" class=\"yoast-schema-graph\">{\"@context\":\"https:\\\/\\\/schema.org\",\"@graph\":[{\"@type\":\"WebPage\",\"@id\":\"https:\\\/\\\/moliton.hu\\\/franciaagy\\\/\",\"url\":\"https:\\\/\\\/moliton.hu\\\/franciaagy\\\/\",\"name\":\"Francia\u00e1gy - Moliton\",\"isPartOf\":{\"@id\":\"https:\\\/\\\/moliton.hu\\\/#website\"},\"primaryImageOfPage\":{\"@id\":\"https:\\\/\\\/moliton.hu\\\/franciaagy\\\/#primaryimage\"},\"image\":{\"@id\":\"https:\\\/\\\/moliton.hu\\\/franciaagy\\\/#primaryimage\"},\"thumbnailUrl\":\"https:\\\/\\\/moliton.hu\\\/wp-content\\\/uploads\\\/2026\\\/03\\\/FAVP2.jpg\",\"datePublished\":\"2026-03-17T10:26:14+00:00\",\"dateModified\":\"2026-04-15T08:20:44+00:00\",\"breadcrumb\":{\"@id\":\"https:\\\/\\\/moliton.hu\\\/franciaagy\\\/#breadcrumb\"},\"inLanguage\":\"en-US\",\"potentialAction\":[{\"@type\":\"ReadAction\",\"target\":[\"https:\\\/\\\/moliton.hu\\\/franciaagy\\\/\"]}]},{\"@type\":\"ImageObject\",\"inLanguage\":\"en-US\",\"@id\":\"https:\\\/\\\/moliton.hu\\\/franciaagy\\\/#primaryimage\",\"url\":\"https:\\\/\\\/moliton.hu\\\/wp-content\\\/uploads\\\/2026\\\/03\\\/FAVP2.jpg\",\"contentUrl\":\"https:\\\/\\\/moliton.hu\\\/wp-content\\\/uploads\\\/2026\\\/03\\\/FAVP2.jpg\"},{\"@type\":\"BreadcrumbList\",\"@id\":\"https:\\\/\\\/moliton.hu\\\/franciaagy\\\/#breadcrumb\",\"itemListElement\":[{\"@type\":\"ListItem\",\"position\":1,\"name\":\"Home\",\"item\":\"https:\\\/\\\/moliton.hu\\\/en\\\/\"},{\"@type\":\"ListItem\",\"position\":2,\"name\":\"Francia\u00e1gy\"}]},{\"@type\":\"WebSite\",\"@id\":\"https:\\\/\\\/moliton.hu\\\/#website\",\"url\":\"https:\\\/\\\/moliton.hu\\\/\",\"name\":\"Moliton\",\"description\":\"30 \u00e9ve a lakoss\u00e1g \u00e9s az ipar szolg\u00e1lat\u00e1ban.\",\"publisher\":{\"@id\":\"https:\\\/\\\/moliton.hu\\\/#organization\"},\"potentialAction\":[{\"@type\":\"SearchAction\",\"target\":{\"@type\":\"EntryPoint\",\"urlTemplate\":\"https:\\\/\\\/moliton.hu\\\/?s={search_term_string}\"},\"query-input\":{\"@type\":\"PropertyValueSpecification\",\"valueRequired\":true,\"valueName\":\"search_term_string\"}}],\"inLanguage\":\"en-US\"},{\"@type\":\"Organization\",\"@id\":\"https:\\\/\\\/moliton.hu\\\/#organization\",\"name\":\"Moliton\",\"url\":\"https:\\\/\\\/moliton.hu\\\/\",\"logo\":{\"@type\":\"ImageObject\",\"inLanguage\":\"en-US\",\"@id\":\"https:\\\/\\\/moliton.hu\\\/#\\\/schema\\\/logo\\\/image\\\/\",\"url\":\"https:\\\/\\\/moliton.hu\\\/wp-content\\\/uploads\\\/2026\\\/03\\\/moliton-logo.png\",\"contentUrl\":\"https:\\\/\\\/moliton.hu\\\/wp-content\\\/uploads\\\/2026\\\/03\\\/moliton-logo.png\",\"width\":2048,\"height\":2048,\"caption\":\"Moliton\"},\"image\":{\"@id\":\"https:\\\/\\\/moliton.hu\\\/#\\\/schema\\\/logo\\\/image\\\/\"}}]}<\/script>\n<!-- \/ Yoast SEO Premium plugin. -->","yoast_head_json":{"title":"Francia\u00e1gy - Moliton","robots":{"index":"index","follow":"follow","max-snippet":"max-snippet:-1","max-image-preview":"max-image-preview:large","max-video-preview":"max-video-preview:-1"},"canonical":"https:\/\/moliton.hu\/en\/franciaagy\/","og_locale":"en_US","og_type":"article","og_title":"Francia\u00e1gy","og_description":"G\u00e1zrug\u00f3s francia\u00e1gy vasalat A g\u00e1zrug\u00f3s francia\u00e1gy vasalat az \u00e1gynem\u0171tart\u00f3s \u00e1gyak egyik legfontosabb k\u00e9nyelmi eleme, amely a matrac \u00e9s a matractart\u00f3 hosszir\u00e1ny\u00fa, k\u00f6nnyed \u00e9s megb\u00edzhat\u00f3 felnyit\u00e1s\u00e1ra szolg\u00e1l. Ez a modern mechanika kiv\u00e1ltja a r\u00e9gi, neh\u00e9zkesen kezelhet\u0151 h\u00faz\u00f3rug\u00f3s megold\u00e1sokat, biztos\u00edtva a stabil megt\u00e1maszt\u00e1st nyitott \u00e1llapotban is. A fekete sz\u00ednben kaphat\u00f3 vasalat eszt\u00e9tikus \u00e9s tart\u00f3s megold\u00e1st k\u00edn\u00e1l b\u00e1rmilyen [&hellip;]","og_url":"https:\/\/moliton.hu\/en\/franciaagy\/","og_site_name":"Moliton","article_modified_time":"2026-04-15T08:20:44+00:00","og_image":[{"width":997,"height":722,"url":"https:\/\/moliton.hu\/wp-content\/uploads\/2026\/03\/FAVP2.jpg","type":"image\/jpeg"}],"twitter_card":"summary_large_image","twitter_misc":{"Est. reading time":"3 minutes"},"schema":{"@context":"https:\/\/schema.org","@graph":[{"@type":"WebPage","@id":"https:\/\/moliton.hu\/franciaagy\/","url":"https:\/\/moliton.hu\/franciaagy\/","name":"Francia\u00e1gy - Moliton","isPartOf":{"@id":"https:\/\/moliton.hu\/#website"},"primaryImageOfPage":{"@id":"https:\/\/moliton.hu\/franciaagy\/#primaryimage"},"image":{"@id":"https:\/\/moliton.hu\/franciaagy\/#primaryimage"},"thumbnailUrl":"https:\/\/moliton.hu\/wp-content\/uploads\/2026\/03\/FAVP2.jpg","datePublished":"2026-03-17T10:26:14+00:00","dateModified":"2026-04-15T08:20:44+00:00","breadcrumb":{"@id":"https:\/\/moliton.hu\/franciaagy\/#breadcrumb"},"inLanguage":"en-US","potentialAction":[{"@type":"ReadAction","target":["https:\/\/moliton.hu\/franciaagy\/"]}]},{"@type":"ImageObject","inLanguage":"en-US","@id":"https:\/\/moliton.hu\/franciaagy\/#primaryimage","url":"https:\/\/moliton.hu\/wp-content\/uploads\/2026\/03\/FAVP2.jpg","contentUrl":"https:\/\/moliton.hu\/wp-content\/uploads\/2026\/03\/FAVP2.jpg"},{"@type":"BreadcrumbList","@id":"https:\/\/moliton.hu\/franciaagy\/#breadcrumb","itemListElement":[{"@type":"ListItem","position":1,"name":"Home","item":"https:\/\/moliton.hu\/en\/"},{"@type":"ListItem","position":2,"name":"Francia\u00e1gy"}]},{"@type":"WebSite","@id":"https:\/\/moliton.hu\/#website","url":"https:\/\/moliton.hu\/","name":"Moliton","description":"30 \u00e9ve a lakoss\u00e1g \u00e9s az ipar szolg\u00e1lat\u00e1ban.","publisher":{"@id":"https:\/\/moliton.hu\/#organization"},"potentialAction":[{"@type":"SearchAction","target":{"@type":"EntryPoint","urlTemplate":"https:\/\/moliton.hu\/?s={search_term_string}"},"query-input":{"@type":"PropertyValueSpecification","valueRequired":true,"valueName":"search_term_string"}}],"inLanguage":"en-US"},{"@type":"Organization","@id":"https:\/\/moliton.hu\/#organization","name":"Moliton","url":"https:\/\/moliton.hu\/","logo":{"@type":"ImageObject","inLanguage":"en-US","@id":"https:\/\/moliton.hu\/#\/schema\/logo\/image\/","url":"https:\/\/moliton.hu\/wp-content\/uploads\/2026\/03\/moliton-logo.png","contentUrl":"https:\/\/moliton.hu\/wp-content\/uploads\/2026\/03\/moliton-logo.png","width":2048,"height":2048,"caption":"Moliton"},"image":{"@id":"https:\/\/moliton.hu\/#\/schema\/logo\/image\/"}}]}},"_links":{"self":[{"href":"https:\/\/moliton.hu\/en\/wp-json\/wp\/v2\/pages\/497","targetHints":{"allow":["GET"]}}],"collection":[{"href":"https:\/\/moliton.hu\/en\/wp-json\/wp\/v2\/pages"}],"about":[{"href":"https:\/\/moliton.hu\/en\/wp-json\/wp\/v2\/types\/page"}],"author":[{"embeddable":true,"href":"https:\/\/moliton.hu\/en\/wp-json\/wp\/v2\/users\/1"}],"replies":[{"embeddable":true,"href":"https:\/\/moliton.hu\/en\/wp-json\/wp\/v2\/comments?post=497"}],"version-history":[{"count":7,"href":"https:\/\/moliton.hu\/en\/wp-json\/wp\/v2\/pages\/497\/revisions"}],"predecessor-version":[{"id":2326,"href":"https:\/\/moliton.hu\/en\/wp-json\/wp\/v2\/pages\/497\/revisions\/2326"}],"wp:attachment":[{"href":"https:\/\/moliton.hu\/en\/wp-json\/wp\/v2\/media?parent=497"}],"curies":[{"name":"wp","href":"https:\/\/api.w.org\/{rel}","templated":true}]}}