{"id":517,"date":"2026-03-17T10:31:30","date_gmt":"2026-03-17T10:31:30","guid":{"rendered":"https:\/\/teszt2.invictum.hu\/?page_id=517"},"modified":"2026-04-15T08:03:14","modified_gmt":"2026-04-15T08:03:14","slug":"felgyilo-vasalat","status":"publish","type":"page","link":"https:\/\/moliton.hu\/en\/felgyilo-vasalat\/","title":{"rendered":"Felgy\u00edl\u00f3 vasalat"},"content":{"rendered":"<div data-elementor-type=\"wp-page\" data-elementor-id=\"517\" class=\"elementor elementor-517\" data-elementor-post-type=\"page\">\n\t\t\t\t<div class=\"elementor-element elementor-element-9214544 e-flex e-con-boxed e-con e-parent\" data-id=\"9214544\" data-element_type=\"container\" data-e-type=\"container\">\n\t\t\t\t\t<div class=\"e-con-inner\">\n\t\t<div class=\"elementor-element elementor-element-eaebe5e e-con-full e-flex e-con e-child\" data-id=\"eaebe5e\" data-element_type=\"container\" data-e-type=\"container\">\n\t\t\t\t<div class=\"elementor-element elementor-element-c65032d elementor-widget elementor-widget-heading\" data-id=\"c65032d\" data-element_type=\"widget\" data-e-type=\"widget\" data-widget_type=\"heading.default\">\n\t\t\t\t\t<h2 class=\"elementor-heading-title elementor-size-default\">Felny\u00edl\u00f3 egys\u00e9g szekr\u00e9nyekhez\n<\/h2>\t\t\t\t<\/div>\n\t\t\t\t<div class=\"elementor-element elementor-element-a9cffd9 elementor-widget elementor-widget-text-editor\" data-id=\"a9cffd9\" data-element_type=\"widget\" data-e-type=\"widget\" data-widget_type=\"text-editor.default\">\n\t\t\t\t\t\t\t\t\t<p data-path-to-node=\"11\">Gas springs manufactured by <b data-path-to-node=\"11\" data-index-in-node=\"2\">felny\u00edl\u00f3 egys\u00e9g szekr\u00e9nyhez<\/b> tervezett professzion\u00e1lis kieg\u00e9sz\u00edt\u0151, amely lehet\u0151v\u00e9 teszi a felfel\u00e9 ny\u00edl\u00f3 szekr\u00e9nyajt\u00f3k \u00e9s ny\u00edl\u00e1sz\u00e1r\u00f3k k\u00f6nnyed nyit\u00e1s\u00e1t \u00e9s biztons\u00e1gos kit\u00e1maszt\u00e1s\u00e1t. A modern konyha- \u00e9s irodab\u00fatorok elengedhetetlen kell\u00e9ke, hiszen megakad\u00e1lyozza az ajt\u00f3k v\u00e1ratlan visszacsap\u00f3d\u00e1s\u00e1t, \u00e9s k\u00e9nyelmes hozz\u00e1f\u00e9r\u00e9st biztos\u00edt a szekr\u00e9ny tartalm\u00e1hoz an\u00e9lk\u00fcl, hogy a fed\u00e9l tart\u00e1s\u00e1val kellene foglalkoznunk.<\/p><p data-path-to-node=\"12\"><b data-path-to-node=\"12\" data-index-in-node=\"0\">M\u0171k\u00f6d\u00e9si elv \u00e9s kialak\u00edt\u00e1s<\/b> Ez a speci\u00e1lis <b data-path-to-node=\"12\" data-index-in-node=\"42\">szekr\u00e9ny felny\u00edl\u00f3 vasalat<\/b> g\u00e1zrug\u00f3s technol\u00f3gi\u00e1t haszn\u00e1l az ajt\u00f3lap s\u00faly\u00e1nak ellens\u00falyoz\u00e1s\u00e1ra. A be\u00e9p\u00edtett mechanika seg\u00edt a nyit\u00e1s megkezd\u00e9s\u00e9ben, majd a v\u00e9gpontig tolja az ajt\u00f3t, ahol stabilan megtartja azt. A sz\u00fcrke sz\u00edn\u0171 (B02 k\u00f3djel\u0171) kivitel eszt\u00e9tikusan illeszkedik szinte minden b\u00fatort\u00edpushoz, legyen sz\u00f3 modern vagy klasszikus st\u00edlusr\u00f3l.<\/p><p data-path-to-node=\"13\"><b data-path-to-node=\"13\" data-index-in-node=\"0\">A jel\u00f6l\u00e9s \u00e9s a t\u00edpusok \u00e9rtelmez\u00e9se:<\/b> A pontos azonos\u00edt\u00e1shoz az al\u00e1bbi k\u00f3dol\u00e1st haszn\u00e1ljuk, amely seg\u00edt a megfelel\u0151 er\u0151ss\u00e9g\u0171 term\u00e9k kiv\u00e1laszt\u00e1s\u00e1ban:<\/p><ul data-path-to-node=\"14\"><li><p data-path-to-node=\"14,0,0\"><b data-path-to-node=\"14,0,0\" data-index-in-node=\"0\">P\u00e9lda jel\u00f6l\u00e9s:<\/b> <code data-path-to-node=\"14,0,0\" data-index-in-node=\"15\">LEP-B02-50N<\/code><\/p><\/li><li><p data-path-to-node=\"14,1,0\"><b data-path-to-node=\"14,1,0\" data-index-in-node=\"0\">LEP:<\/b> A term\u00e9k azonos\u00edt\u00f3ja (felny\u00edl\u00f3 egys\u00e9g).<\/p><\/li><li><p data-path-to-node=\"14,2,0\"><b data-path-to-node=\"14,2,0\" data-index-in-node=\"0\">B02:<\/b> Sz\u00fcrke sz\u00ednk\u00f3d (jelenleg csak ez a v\u00e1ltozat \u00e9rhet\u0151 el k\u00edn\u00e1latunkban).<\/p><\/li><li><p data-path-to-node=\"14,3,0\"><b data-path-to-node=\"14,3,0\" data-index-in-node=\"0\">50N:<\/b> A g\u00e1zrug\u00f3 kitol\u00f3ereje Newtonban kifejezve.<\/p><\/li><\/ul><p data-path-to-node=\"15\">V\u00e1laszthat\u00f3 er\u0151\u00e9rt\u00e9kek a k\u00fcl\u00f6nb\u00f6z\u0151 ajt\u00f3m\u00e9retekhez \u00e9s s\u00falyokhoz: 30N, 50N, 80N \u00e9s 120N. A megfelel\u0151 <b data-path-to-node=\"15\" data-index-in-node=\"99\">g\u00e1zrug\u00f3s szekr\u00e9nynyit\u00f3<\/b> kiv\u00e1laszt\u00e1sa el\u0151tt mindenk\u00e9ppen m\u00e9rje meg az ajt\u00f3lap s\u00faly\u00e1t \u00e9s m\u00e9ret\u00e9t!<\/p><p data-path-to-node=\"16\"><b data-path-to-node=\"16\" data-index-in-node=\"0\">Be\u00e9p\u00edt\u00e9s \u00e9s fontos tudnival\u00f3k<\/b> Gas springs manufactured by <b data-path-to-node=\"16\" data-index-in-node=\"32\">felny\u00edl\u00f3 egys\u00e9g szekr\u00e9nyhez<\/b> val\u00f3 r\u00f6gz\u00edt\u00e9se \u00e9s a pontos er\u0151ig\u00e9ny kisz\u00e1m\u00edt\u00e1sa a mell\u00e9kelt 15. \u00e1br\u00e1n l\u00e1that\u00f3. A helyes felszerel\u00e9s elengedhetetlen a hossz\u00fa \u00e9lettartam \u00e9s a sima m\u0171k\u00f6d\u00e9s \u00e9rdek\u00e9ben. K\u00e9rj\u00fck, vegye figyelembe, hogy a felfogat\u00e1shoz sz\u00fcks\u00e9ges csavarok a csomagnak <b data-path-to-node=\"16\" data-index-in-node=\"303\">NEM<\/b> r\u00e9szei, \u00e9s c\u00e9g\u00fcnkn\u00e9l nem is rendelhet\u0151ek. Ezek beszerz\u00e9se a v\u00e1s\u00e1rl\u00f3 feladata, \u00fcgyelve a b\u00fator anyag\u00e1nak megfelel\u0151 csavart\u00edpus kiv\u00e1laszt\u00e1s\u00e1ra.<\/p><p data-path-to-node=\"17\">Az \u00f6sszeszerel\u00e9si folyamat sor\u00e1n \u00e9rdemes figyelembe venni az \u00e1ltal\u00e1nos b\u00fatoripari vasalatokra vonatkoz\u00f3 szabv\u00e1nyokat, hogy a szerkezet \u00e9vekig megb\u00edzhat\u00f3an m\u0171k\u00f6dj\u00f6n. Amennyiben az ajt\u00f3 nehezebb az \u00e1tlagn\u00e1l, javasolt k\u00e9t darab egys\u00e9g felszerel\u00e9se a k\u00e9t sz\u00e9lre az egyenletes terhel\u00e9s \u00e9rdek\u00e9ben.<\/p>\t\t\t\t\t\t\t\t<\/div>\n\t\t\t\t<\/div>\n\t\t\t\t\t<\/div>\n\t\t\t\t<\/div>\n\t\t\t\t<\/div>","protected":false},"excerpt":{"rendered":"<p>Felny\u00edl\u00f3 egys\u00e9g szekr\u00e9nyekhez A term\u00e9k felfel\u00e9 ny\u00edl\u00f3 szekr\u00e9ny ny\u00edl\u00e1sz\u00e1r\u00f3k nyit\u00e1s\u00e1ra \u00e9s kit\u00e1maszt\u00e1s\u00e1ra haszn\u00e1lhat\u00f3. Jel\u00f6l\u00e9s: LEP-B02-50N LEP\u00a0\u2013 term\u00e9k azonos\u00edt\u00f3ja B02\u00a0\u2013 sz\u00fcrke szinben (jelenleg csak ez kaphat\u00f3) 50N\u00a0\u2013 g\u00e1zrug\u00f3 kitol\u00f3ereje A fenti p\u00e9lda teh\u00e1t a k\u00f6vetkez\u0151t jelenti: felny\u00edl\u00f3 egys\u00e9g 50N-os g\u00e1zrug\u00f3val. V\u00e1laszthat\u00f3 er\u0151\u00e9rt\u00e9kek N-ban: 30, 50, 80 \u00e9s 120. A felny\u00edl\u00f3 egys\u00e9g be\u00e9p\u00edt\u00e9se \u00e9s a sz\u00fcks\u00e9ges er\u0151 [&hellip;]<\/p>\n","protected":false},"author":1,"featured_media":0,"parent":0,"menu_order":0,"comment_status":"closed","ping_status":"closed","template":"elementor_header_footer","meta":{"footnotes":""},"class_list":["post-517","page","type-page","status-publish","hentry"],"yoast_head":"<!-- This site is optimized with the Yoast SEO Premium plugin v27.4 (Yoast SEO v27.4) - https:\/\/yoast.com\/product\/yoast-seo-premium-wordpress\/ -->\n<title>Felgy\u00edl\u00f3 vasalat - Moliton<\/title>\n<meta name=\"description\" content=\"A felny\u00edl\u00f3 egys\u00e9g szekr\u00e9nyekhez ide\u00e1lis megold\u00e1s a felfel\u00e9 ny\u00edl\u00f3 ajt\u00f3k kit\u00e1maszt\u00e1s\u00e1ra. 30N \u00e9s 120N k\u00f6z\u00f6tti er\u0151\u00e9rt\u00e9kek, LEP t\u00edpusok\" \/>\n<meta name=\"robots\" content=\"index, follow, max-snippet:-1, max-image-preview:large, max-video-preview:-1\" \/>\n<link rel=\"canonical\" href=\"https:\/\/moliton.hu\/en\/felgyilo-vasalat\/\" \/>\n<meta property=\"og:locale\" content=\"en_US\" \/>\n<meta property=\"og:type\" content=\"article\" \/>\n<meta property=\"og:title\" content=\"Felgy\u00edl\u00f3 vasalat\" \/>\n<meta property=\"og:description\" content=\"A felny\u00edl\u00f3 egys\u00e9g szekr\u00e9nyekhez ide\u00e1lis megold\u00e1s a felfel\u00e9 ny\u00edl\u00f3 ajt\u00f3k kit\u00e1maszt\u00e1s\u00e1ra. 30N \u00e9s 120N k\u00f6z\u00f6tti er\u0151\u00e9rt\u00e9kek, LEP t\u00edpusok\" \/>\n<meta property=\"og:url\" content=\"https:\/\/moliton.hu\/en\/felgyilo-vasalat\/\" \/>\n<meta property=\"og:site_name\" content=\"Moliton\" \/>\n<meta property=\"article:modified_time\" content=\"2026-04-15T08:03:14+00:00\" \/>\n<meta property=\"og:image\" content=\"https:\/\/moliton.hu\/userfiles\/figure\/abra_lefel_1.jpg\" \/>\n<meta name=\"twitter:card\" content=\"summary_large_image\" \/>\n<meta name=\"twitter:label1\" content=\"Est. reading time\" \/>\n\t<meta name=\"twitter:data1\" content=\"1 minute\" \/>\n<script type=\"application\/ld+json\" class=\"yoast-schema-graph\">{\"@context\":\"https:\\\/\\\/schema.org\",\"@graph\":[{\"@type\":\"WebPage\",\"@id\":\"https:\\\/\\\/moliton.hu\\\/felgyilo-vasalat\\\/\",\"url\":\"https:\\\/\\\/moliton.hu\\\/felgyilo-vasalat\\\/\",\"name\":\"Felgy\u00edl\u00f3 vasalat - Moliton\",\"isPartOf\":{\"@id\":\"https:\\\/\\\/moliton.hu\\\/#website\"},\"primaryImageOfPage\":{\"@id\":\"https:\\\/\\\/moliton.hu\\\/felgyilo-vasalat\\\/#primaryimage\"},\"image\":{\"@id\":\"https:\\\/\\\/moliton.hu\\\/felgyilo-vasalat\\\/#primaryimage\"},\"thumbnailUrl\":\"https:\\\/\\\/moliton.hu\\\/userfiles\\\/figure\\\/abra_lefel_1.jpg\",\"datePublished\":\"2026-03-17T10:31:30+00:00\",\"dateModified\":\"2026-04-15T08:03:14+00:00\",\"description\":\"A felny\u00edl\u00f3 egys\u00e9g szekr\u00e9nyekhez ide\u00e1lis megold\u00e1s a felfel\u00e9 ny\u00edl\u00f3 ajt\u00f3k kit\u00e1maszt\u00e1s\u00e1ra. 30N \u00e9s 120N k\u00f6z\u00f6tti er\u0151\u00e9rt\u00e9kek, LEP t\u00edpusok\",\"breadcrumb\":{\"@id\":\"https:\\\/\\\/moliton.hu\\\/felgyilo-vasalat\\\/#breadcrumb\"},\"inLanguage\":\"en-US\",\"potentialAction\":[{\"@type\":\"ReadAction\",\"target\":[\"https:\\\/\\\/moliton.hu\\\/felgyilo-vasalat\\\/\"]}]},{\"@type\":\"ImageObject\",\"inLanguage\":\"en-US\",\"@id\":\"https:\\\/\\\/moliton.hu\\\/felgyilo-vasalat\\\/#primaryimage\",\"url\":\"https:\\\/\\\/moliton.hu\\\/userfiles\\\/figure\\\/abra_lefel_1.jpg\",\"contentUrl\":\"https:\\\/\\\/moliton.hu\\\/userfiles\\\/figure\\\/abra_lefel_1.jpg\"},{\"@type\":\"BreadcrumbList\",\"@id\":\"https:\\\/\\\/moliton.hu\\\/felgyilo-vasalat\\\/#breadcrumb\",\"itemListElement\":[{\"@type\":\"ListItem\",\"position\":1,\"name\":\"Home\",\"item\":\"https:\\\/\\\/moliton.hu\\\/en\\\/\"},{\"@type\":\"ListItem\",\"position\":2,\"name\":\"Felgy\u00edl\u00f3 vasalat\"}]},{\"@type\":\"WebSite\",\"@id\":\"https:\\\/\\\/moliton.hu\\\/#website\",\"url\":\"https:\\\/\\\/moliton.hu\\\/\",\"name\":\"Moliton\",\"description\":\"30 \u00e9ve a lakoss\u00e1g \u00e9s az ipar szolg\u00e1lat\u00e1ban.\",\"publisher\":{\"@id\":\"https:\\\/\\\/moliton.hu\\\/#organization\"},\"potentialAction\":[{\"@type\":\"SearchAction\",\"target\":{\"@type\":\"EntryPoint\",\"urlTemplate\":\"https:\\\/\\\/moliton.hu\\\/?s={search_term_string}\"},\"query-input\":{\"@type\":\"PropertyValueSpecification\",\"valueRequired\":true,\"valueName\":\"search_term_string\"}}],\"inLanguage\":\"en-US\"},{\"@type\":\"Organization\",\"@id\":\"https:\\\/\\\/moliton.hu\\\/#organization\",\"name\":\"Moliton\",\"url\":\"https:\\\/\\\/moliton.hu\\\/\",\"logo\":{\"@type\":\"ImageObject\",\"inLanguage\":\"en-US\",\"@id\":\"https:\\\/\\\/moliton.hu\\\/#\\\/schema\\\/logo\\\/image\\\/\",\"url\":\"https:\\\/\\\/moliton.hu\\\/wp-content\\\/uploads\\\/2026\\\/03\\\/moliton-logo.png\",\"contentUrl\":\"https:\\\/\\\/moliton.hu\\\/wp-content\\\/uploads\\\/2026\\\/03\\\/moliton-logo.png\",\"width\":2048,\"height\":2048,\"caption\":\"Moliton\"},\"image\":{\"@id\":\"https:\\\/\\\/moliton.hu\\\/#\\\/schema\\\/logo\\\/image\\\/\"}}]}<\/script>\n<!-- \/ Yoast SEO Premium plugin. -->","yoast_head_json":{"title":"Felgy\u00edl\u00f3 vasalat - Moliton","description":"A felny\u00edl\u00f3 egys\u00e9g szekr\u00e9nyekhez ide\u00e1lis megold\u00e1s a felfel\u00e9 ny\u00edl\u00f3 ajt\u00f3k kit\u00e1maszt\u00e1s\u00e1ra. 30N \u00e9s 120N k\u00f6z\u00f6tti er\u0151\u00e9rt\u00e9kek, LEP t\u00edpusok","robots":{"index":"index","follow":"follow","max-snippet":"max-snippet:-1","max-image-preview":"max-image-preview:large","max-video-preview":"max-video-preview:-1"},"canonical":"https:\/\/moliton.hu\/en\/felgyilo-vasalat\/","og_locale":"en_US","og_type":"article","og_title":"Felgy\u00edl\u00f3 vasalat","og_description":"A felny\u00edl\u00f3 egys\u00e9g szekr\u00e9nyekhez ide\u00e1lis megold\u00e1s a felfel\u00e9 ny\u00edl\u00f3 ajt\u00f3k kit\u00e1maszt\u00e1s\u00e1ra. 30N \u00e9s 120N k\u00f6z\u00f6tti er\u0151\u00e9rt\u00e9kek, LEP t\u00edpusok","og_url":"https:\/\/moliton.hu\/en\/felgyilo-vasalat\/","og_site_name":"Moliton","article_modified_time":"2026-04-15T08:03:14+00:00","og_image":[{"url":"https:\/\/moliton.hu\/userfiles\/figure\/abra_lefel_1.jpg","type":"","width":"","height":""}],"twitter_card":"summary_large_image","twitter_misc":{"Est. reading time":"1 minute"},"schema":{"@context":"https:\/\/schema.org","@graph":[{"@type":"WebPage","@id":"https:\/\/moliton.hu\/felgyilo-vasalat\/","url":"https:\/\/moliton.hu\/felgyilo-vasalat\/","name":"Felgy\u00edl\u00f3 vasalat - Moliton","isPartOf":{"@id":"https:\/\/moliton.hu\/#website"},"primaryImageOfPage":{"@id":"https:\/\/moliton.hu\/felgyilo-vasalat\/#primaryimage"},"image":{"@id":"https:\/\/moliton.hu\/felgyilo-vasalat\/#primaryimage"},"thumbnailUrl":"https:\/\/moliton.hu\/userfiles\/figure\/abra_lefel_1.jpg","datePublished":"2026-03-17T10:31:30+00:00","dateModified":"2026-04-15T08:03:14+00:00","description":"A felny\u00edl\u00f3 egys\u00e9g szekr\u00e9nyekhez ide\u00e1lis megold\u00e1s a felfel\u00e9 ny\u00edl\u00f3 ajt\u00f3k kit\u00e1maszt\u00e1s\u00e1ra. 30N \u00e9s 120N k\u00f6z\u00f6tti er\u0151\u00e9rt\u00e9kek, LEP t\u00edpusok","breadcrumb":{"@id":"https:\/\/moliton.hu\/felgyilo-vasalat\/#breadcrumb"},"inLanguage":"en-US","potentialAction":[{"@type":"ReadAction","target":["https:\/\/moliton.hu\/felgyilo-vasalat\/"]}]},{"@type":"ImageObject","inLanguage":"en-US","@id":"https:\/\/moliton.hu\/felgyilo-vasalat\/#primaryimage","url":"https:\/\/moliton.hu\/userfiles\/figure\/abra_lefel_1.jpg","contentUrl":"https:\/\/moliton.hu\/userfiles\/figure\/abra_lefel_1.jpg"},{"@type":"BreadcrumbList","@id":"https:\/\/moliton.hu\/felgyilo-vasalat\/#breadcrumb","itemListElement":[{"@type":"ListItem","position":1,"name":"Home","item":"https:\/\/moliton.hu\/en\/"},{"@type":"ListItem","position":2,"name":"Felgy\u00edl\u00f3 vasalat"}]},{"@type":"WebSite","@id":"https:\/\/moliton.hu\/#website","url":"https:\/\/moliton.hu\/","name":"Moliton","description":"30 \u00e9ve a lakoss\u00e1g \u00e9s az ipar szolg\u00e1lat\u00e1ban.","publisher":{"@id":"https:\/\/moliton.hu\/#organization"},"potentialAction":[{"@type":"SearchAction","target":{"@type":"EntryPoint","urlTemplate":"https:\/\/moliton.hu\/?s={search_term_string}"},"query-input":{"@type":"PropertyValueSpecification","valueRequired":true,"valueName":"search_term_string"}}],"inLanguage":"en-US"},{"@type":"Organization","@id":"https:\/\/moliton.hu\/#organization","name":"Moliton","url":"https:\/\/moliton.hu\/","logo":{"@type":"ImageObject","inLanguage":"en-US","@id":"https:\/\/moliton.hu\/#\/schema\/logo\/image\/","url":"https:\/\/moliton.hu\/wp-content\/uploads\/2026\/03\/moliton-logo.png","contentUrl":"https:\/\/moliton.hu\/wp-content\/uploads\/2026\/03\/moliton-logo.png","width":2048,"height":2048,"caption":"Moliton"},"image":{"@id":"https:\/\/moliton.hu\/#\/schema\/logo\/image\/"}}]}},"_links":{"self":[{"href":"https:\/\/moliton.hu\/en\/wp-json\/wp\/v2\/pages\/517","targetHints":{"allow":["GET"]}}],"collection":[{"href":"https:\/\/moliton.hu\/en\/wp-json\/wp\/v2\/pages"}],"about":[{"href":"https:\/\/moliton.hu\/en\/wp-json\/wp\/v2\/types\/page"}],"author":[{"embeddable":true,"href":"https:\/\/moliton.hu\/en\/wp-json\/wp\/v2\/users\/1"}],"replies":[{"embeddable":true,"href":"https:\/\/moliton.hu\/en\/wp-json\/wp\/v2\/comments?post=517"}],"version-history":[{"count":4,"href":"https:\/\/moliton.hu\/en\/wp-json\/wp\/v2\/pages\/517\/revisions"}],"predecessor-version":[{"id":2310,"href":"https:\/\/moliton.hu\/en\/wp-json\/wp\/v2\/pages\/517\/revisions\/2310"}],"wp:attachment":[{"href":"https:\/\/moliton.hu\/en\/wp-json\/wp\/v2\/media?parent=517"}],"curies":[{"name":"wp","href":"https:\/\/api.w.org\/{rel}","templated":true}]}}