{"id":524,"date":"2026-03-17T10:33:18","date_gmt":"2026-03-17T10:33:18","guid":{"rendered":"https:\/\/teszt2.invictum.hu\/?page_id=524"},"modified":"2026-04-15T08:38:30","modified_gmt":"2026-04-15T08:38:30","slug":"lenyilo-vasalat","status":"publish","type":"page","link":"https:\/\/moliton.hu\/en\/lenyilo-vasalat\/","title":{"rendered":"Flap Stay Fittings"},"content":{"rendered":"<div data-elementor-type=\"wp-page\" data-elementor-id=\"524\" class=\"elementor elementor-524\" data-elementor-post-type=\"page\">\n\t\t\t\t<div class=\"elementor-element elementor-element-6457642 e-flex e-con-boxed e-con e-parent\" data-id=\"6457642\" data-element_type=\"container\" data-e-type=\"container\">\n\t\t\t\t\t<div class=\"e-con-inner\">\n\t\t<div class=\"elementor-element elementor-element-563f45f e-con-full e-flex e-con e-child\" data-id=\"563f45f\" data-element_type=\"container\" data-e-type=\"container\">\n\t\t\t\t<div class=\"elementor-element elementor-element-dca9eb9 elementor-widget elementor-widget-heading\" data-id=\"dca9eb9\" data-element_type=\"widget\" data-e-type=\"widget\" data-widget_type=\"heading.default\">\n\t\t\t\t\t<h2 class=\"elementor-heading-title elementor-size-default\">Leny\u00edl\u00f3 egys\u00e9g szekr\u00e9nyekhez\n<\/h2>\t\t\t\t<\/div>\n\t\t\t\t<div class=\"elementor-element elementor-element-f4ac589 elementor-widget elementor-widget-text-editor\" data-id=\"f4ac589\" data-element_type=\"widget\" data-e-type=\"widget\" data-widget_type=\"text-editor.default\">\n\t\t\t\t\t\t\t\t\t<p class=\"ng-scope\">Gas springs manufactured by <b data-path-to-node=\"10\" data-index-in-node=\"2\">leny\u00edl\u00f3 egys\u00e9g szekr\u00e9nyekhez<\/b> kifejlesztett professzion\u00e1lis vasalat, amely els\u0151sorban a lefel\u00e9 ny\u00edl\u00f3 szekr\u00e9nyajt\u00f3k \u00e9s ny\u00edl\u00e1sz\u00e1r\u00f3k kontroll\u00e1lt f\u00e9kez\u00e9s\u00e9re \u00e9s megtart\u00e1s\u00e1ra haszn\u00e1lhat\u00f3. Ez a kieg\u00e9sz\u00edt\u0151 elengedhetetlen minden olyan modern b\u00fatorn\u00e1l, ahol fontos szempont a halk m\u0171k\u00f6d\u00e9s \u00e9s a p\u00e1ntok v\u00e9delme. A f\u00e9kez\u0151egys\u00e9g megakad\u00e1lyozza, hogy az ajt\u00f3 a saj\u00e1t s\u00falya alatt hirtelen lecsap\u00f3djon, \u00edgy n\u00f6veli a b\u00fator \u00e9lettartam\u00e1t \u00e9s a felhaszn\u00e1l\u00f3i \u00e9lm\u00e9nyt.<\/p><h2 data-path-to-node=\"11\">A leny\u00edl\u00f3 egys\u00e9g m\u0171k\u00f6d\u00e9si elve \u00e9s fel\u00e9p\u00edt\u00e9se<\/h2><p data-path-to-node=\"12\">B\u00e1r ez a t\u00edpus k\u00fcls\u0151leg \u00e9s szerkezetileg megegyezik a felny\u00edl\u00f3 egys\u00e9ggel, a bels\u0151 m\u0171k\u00f6d\u00e9se alapvet\u0151en elt\u00e9r att\u00f3l. A <b data-path-to-node=\"12\" data-index-in-node=\"117\">leny\u00edl\u00f3 egys\u00e9g szekr\u00e9nyekhez<\/b> val\u00f3 v\u00e1ltozata nem rendelkezik kitol\u00f3er\u0151vel, azaz a benne l\u00e9v\u0151 g\u00e1zrug\u00f3nak nincs g\u00e1znyom\u00e1sa. A henger belsej\u00e9ben kiz\u00e1r\u00f3lag a f\u00e9kez\u00e9shez sz\u00fcks\u00e9ges speci\u00e1lis olaj tal\u00e1lhat\u00f3.<\/p><p data-path-to-node=\"13\">A nyit\u00e1s folyam\u00e1n ez az olajt\u00f6ltet biztos\u00edtja az egyenletes ellen\u00e1ll\u00e1st, \u00edgy a szekr\u00e9nyajt\u00f3 finoman, csillap\u00edtva \u00e9rkezik meg a v\u00e9ghelyzet\u00e9be. Ez a technol\u00f3gia k\u00fcl\u00f6n\u00f6sen hasznos b\u00e1rszekr\u00e9nyekn\u00e9l, leny\u00edl\u00f3 \u00edr\u00f3asztallapokn\u00e1l vagy nappali b\u00fatorokn\u00e1l, ahol a <a class=\"ng-star-inserted\" href=\"https:\/\/hu.wikipedia.org\/wiki\/B%C3%BAtor\" target=\"_blank\" rel=\"noopener\">b\u00fatoripari vasalatok<\/a> fesz\u00fclts\u00e9g\u00e9t minim\u00e1lisra kell cs\u00f6kkenteni.<\/p><h2 data-path-to-node=\"14\">T\u00edpusjel\u00f6l\u00e9s \u00e9s technikai adatok<\/h2><p data-path-to-node=\"15\">A pontos azonos\u00edt\u00e1shoz a Moliton \u00e1ltal haszn\u00e1lt standard k\u00f3drendszert alkalmazzuk:<\/p><ul data-path-to-node=\"16\"><li><p data-path-to-node=\"16,0,0\"><b data-path-to-node=\"16,0,0\" data-index-in-node=\"0\">Ordering Code:<\/b> <code data-path-to-node=\"16,0,0\" data-index-in-node=\"9\">LEP-B02-00N<\/code><\/p><\/li><li><p data-path-to-node=\"16,1,0\"><b data-path-to-node=\"16,1,0\" data-index-in-node=\"0\">LEP:<\/b> A term\u00e9k azonos\u00edt\u00f3 k\u00f3dja (leny\u00edl\u00f3\/felny\u00edl\u00f3 egys\u00e9g).<\/p><\/li><li><p data-path-to-node=\"16,2,0\"><b data-path-to-node=\"16,2,0\" data-index-in-node=\"0\">B02:<\/b> Eszt\u00e9tikus sz\u00fcrke sz\u00edn\u0171 kivitel, amely j\u00f3l illeszkedik a legt\u00f6bb b\u00fatorlaphoz.<\/p><\/li><li><p data-path-to-node=\"16,3,0\"><b data-path-to-node=\"16,3,0\" data-index-in-node=\"0\">00N:<\/b> Ez a kulcsfontoss\u00e1g\u00fa jelz\u00e9s mutatja, hogy ez egy leny\u00edl\u00f3 egys\u00e9g. A nulla Newton (00N) er\u0151 jelent\u00e9se, hogy nincs benne kitol\u00f3 g\u00e1znyom\u00e1s, csak f\u00e9kez\u00e9si funkci\u00f3t l\u00e1t el.<\/p><\/li><\/ul><h2 data-path-to-node=\"17\">Be\u00e9p\u00edt\u00e9si tan\u00e1csok \u00e9s javaslatok<\/h2><p data-path-to-node=\"18\">Gas springs manufactured by <b data-path-to-node=\"18\" data-index-in-node=\"2\">leny\u00edl\u00f3 egys\u00e9g szekr\u00e9nyekhez<\/b> t\u00f6rt\u00e9n\u0151 felszerel\u00e9s\u00e9t a mell\u00e9kelt 16. \u00e1br\u00e1n l\u00e1that\u00f3 m\u00e9retek alapj\u00e1n javasoljuk elv\u00e9gezni. A pontos pozicion\u00e1l\u00e1s kritikus a megfelel\u0151 f\u00e9ker\u0151 el\u00e9r\u00e9s\u00e9hez \u00e9s az ajt\u00f3 sima mozg\u00e1s\u00e1hoz. K\u00e9rj\u00fck, vegye figyelembe, hogy a felszerel\u00e9shez \u00e9s felfogat\u00e1shoz sz\u00fcks\u00e9ges csavarok <b data-path-to-node=\"18\" data-index-in-node=\"294\">NEM<\/b> k\u00e9pezik a csomag r\u00e9sz\u00e9t, \u00e9s c\u00e9g\u00fcnkn\u00e9l nem is rendelhet\u0151ek. Ezek beszerz\u00e9se a v\u00e1s\u00e1rl\u00f3 feladata, \u00fcgyelve arra, hogy a szekr\u00e9ny anyagvastags\u00e1g\u00e1nak \u00e9s anyag\u00e1nak megfelel\u0151 csavarokat v\u00e1lasszon (p\u00e9ld\u00e1ul forg\u00e1cslapcsavar vagy facsavar).<\/p><p data-path-to-node=\"19\">A vasalat be\u00e9p\u00edt\u00e9se ut\u00e1n javasolt n\u00e9h\u00e1nyszor k\u00e9zzel v\u00e9gigvezetni a nyit\u00e1si folyamatot, hogy az olaj eloszoljon a hengerben, \u00e9s a f\u00e9kez\u00e9s egyenletess\u00e9 v\u00e1ljon. Ha min\u0151s\u00e9gi \u00e9s tart\u00f3s megold\u00e1st keres lefel\u00e9 ny\u00edl\u00f3 ajt\u00f3ihoz, ez a speci\u00e1lis f\u00e9kez\u0151egys\u00e9g a legmegb\u00edzhat\u00f3bb v\u00e1laszt\u00e1s.<\/p><div class=\"content-image ng-scope\"><img decoding=\"async\" src=\"https:\/\/moliton.hu\/userfiles\/figure\/abra_lefel_2.jpg\" alt=\"\" \/><a href=\"https:\/\/moliton.hu\/wp-content\/uploads\/2026\/03\/lenyito.jpg\"><img fetchpriority=\"high\" decoding=\"async\" class=\"aligncenter wp-image-527 size-full\" src=\"https:\/\/moliton.hu\/wp-content\/uploads\/2026\/03\/lenyito.jpg\" alt=\"\" width=\"959\" height=\"578\" srcset=\"https:\/\/moliton.hu\/wp-content\/uploads\/2026\/03\/lenyito.jpg 959w, https:\/\/moliton.hu\/wp-content\/uploads\/2026\/03\/lenyito-600x362.jpg 600w, https:\/\/moliton.hu\/wp-content\/uploads\/2026\/03\/lenyito-300x181.jpg 300w, https:\/\/moliton.hu\/wp-content\/uploads\/2026\/03\/lenyito-768x463.jpg 768w\" sizes=\"(max-width: 959px) 100vw, 959px\" \/><\/a><br \/>16. \u00e1bra \u2013 Leny\u00edl\u00f3 egys\u00e9g be\u00e9p\u00edt\u00e9se<\/div>\t\t\t\t\t\t\t\t<\/div>\n\t\t\t\t<\/div>\n\t\t\t\t\t<\/div>\n\t\t\t\t<\/div>\n\t\t\t\t<\/div>","protected":false},"excerpt":{"rendered":"<p>Leny\u00edl\u00f3 egys\u00e9g szekr\u00e9nyekhez A term\u00e9k lefel\u00e9 ny\u00edl\u00f3 szekr\u00e9ny ny\u00edl\u00e1sz\u00e1r\u00f3k f\u00e9kez\u00e9s\u00e9re \u00e9s megtart\u00e1s\u00e1ra haszn\u00e1lhat\u00f3. Szerkezetileg megegyezik a felny\u00edl\u00f3 egys\u00e9ggel azzal a k\u00fcl\u00f6nbs\u00e9ggel, hogy itt a g\u00e1zrug\u00f3nak nincs ereje, csak a f\u00e9kez\u00e9shez haszn\u00e1lt olajat tartalmazza. Jel\u00f6l\u00e9s: LEP-B02-00N. A 00N jelenti azt, hogy ez leny\u00edl\u00f3 egys\u00e9g (a g\u00e1zrug\u00f3 nulla N erej\u0171). A leny\u00edl\u00f3 egys\u00e9g be\u00e9p\u00edt\u00e9se az 16. \u00e1br\u00e1n [&hellip;]<\/p>\n","protected":false},"author":1,"featured_media":0,"parent":0,"menu_order":0,"comment_status":"closed","ping_status":"closed","template":"elementor_header_footer","meta":{"footnotes":""},"class_list":["post-524","page","type-page","status-publish","hentry"],"yoast_head":"<!-- This site is optimized with the Yoast SEO Premium plugin v27.4 (Yoast SEO v27.4) - https:\/\/yoast.com\/product\/yoast-seo-premium-wordpress\/ -->\n<title>Leny\u00edl\u00f3 vasalat - Moliton<\/title>\n<meta name=\"description\" content=\"A leny\u00edl\u00f3 egys\u00e9g szekr\u00e9nyekhez tervezett speci\u00e1lis f\u00e9kez\u0151 vasalat (LEP-00N). Megakad\u00e1lyozza a szekr\u00e9nyajt\u00f3k lecsap\u00f3d\u00e1s\u00e1t. Ismerje meg a m\u0171k\u00f6d\u00e9s\u00e9t \u00e9s a be\u00e9p\u00edt\u00e9si m\u00e9reteket!\" \/>\n<meta name=\"robots\" content=\"index, follow, max-snippet:-1, max-image-preview:large, max-video-preview:-1\" \/>\n<link rel=\"canonical\" href=\"https:\/\/moliton.hu\/en\/lenyilo-vasalat\/\" \/>\n<meta property=\"og:locale\" content=\"en_US\" \/>\n<meta property=\"og:type\" content=\"article\" \/>\n<meta property=\"og:title\" content=\"Leny\u00edl\u00f3 vasalat\" \/>\n<meta property=\"og:description\" content=\"A leny\u00edl\u00f3 egys\u00e9g szekr\u00e9nyekhez tervezett speci\u00e1lis f\u00e9kez\u0151 vasalat (LEP-00N). Megakad\u00e1lyozza a szekr\u00e9nyajt\u00f3k lecsap\u00f3d\u00e1s\u00e1t. Ismerje meg a m\u0171k\u00f6d\u00e9s\u00e9t \u00e9s a be\u00e9p\u00edt\u00e9si m\u00e9reteket!\" \/>\n<meta property=\"og:url\" content=\"https:\/\/moliton.hu\/en\/lenyilo-vasalat\/\" \/>\n<meta property=\"og:site_name\" content=\"Moliton\" \/>\n<meta property=\"article:modified_time\" content=\"2026-04-15T08:38:30+00:00\" \/>\n<meta property=\"og:image\" content=\"https:\/\/moliton.hu\/userfiles\/figure\/abra_lefel_2.jpg\" \/>\n<meta name=\"twitter:card\" content=\"summary_large_image\" \/>\n<meta name=\"twitter:label1\" content=\"Est. reading time\" \/>\n\t<meta name=\"twitter:data1\" content=\"1 minute\" \/>\n<script type=\"application\/ld+json\" class=\"yoast-schema-graph\">{\"@context\":\"https:\\\/\\\/schema.org\",\"@graph\":[{\"@type\":\"WebPage\",\"@id\":\"https:\\\/\\\/moliton.hu\\\/lenyilo-vasalat\\\/\",\"url\":\"https:\\\/\\\/moliton.hu\\\/lenyilo-vasalat\\\/\",\"name\":\"Leny\u00edl\u00f3 vasalat - Moliton\",\"isPartOf\":{\"@id\":\"https:\\\/\\\/moliton.hu\\\/#website\"},\"primaryImageOfPage\":{\"@id\":\"https:\\\/\\\/moliton.hu\\\/lenyilo-vasalat\\\/#primaryimage\"},\"image\":{\"@id\":\"https:\\\/\\\/moliton.hu\\\/lenyilo-vasalat\\\/#primaryimage\"},\"thumbnailUrl\":\"https:\\\/\\\/moliton.hu\\\/userfiles\\\/figure\\\/abra_lefel_2.jpg\",\"datePublished\":\"2026-03-17T10:33:18+00:00\",\"dateModified\":\"2026-04-15T08:38:30+00:00\",\"description\":\"A leny\u00edl\u00f3 egys\u00e9g szekr\u00e9nyekhez tervezett speci\u00e1lis f\u00e9kez\u0151 vasalat (LEP-00N). Megakad\u00e1lyozza a szekr\u00e9nyajt\u00f3k lecsap\u00f3d\u00e1s\u00e1t. Ismerje meg a m\u0171k\u00f6d\u00e9s\u00e9t \u00e9s a be\u00e9p\u00edt\u00e9si m\u00e9reteket!\",\"breadcrumb\":{\"@id\":\"https:\\\/\\\/moliton.hu\\\/lenyilo-vasalat\\\/#breadcrumb\"},\"inLanguage\":\"en-US\",\"potentialAction\":[{\"@type\":\"ReadAction\",\"target\":[\"https:\\\/\\\/moliton.hu\\\/lenyilo-vasalat\\\/\"]}]},{\"@type\":\"ImageObject\",\"inLanguage\":\"en-US\",\"@id\":\"https:\\\/\\\/moliton.hu\\\/lenyilo-vasalat\\\/#primaryimage\",\"url\":\"https:\\\/\\\/moliton.hu\\\/userfiles\\\/figure\\\/abra_lefel_2.jpg\",\"contentUrl\":\"https:\\\/\\\/moliton.hu\\\/userfiles\\\/figure\\\/abra_lefel_2.jpg\"},{\"@type\":\"BreadcrumbList\",\"@id\":\"https:\\\/\\\/moliton.hu\\\/lenyilo-vasalat\\\/#breadcrumb\",\"itemListElement\":[{\"@type\":\"ListItem\",\"position\":1,\"name\":\"Home\",\"item\":\"https:\\\/\\\/moliton.hu\\\/en\\\/\"},{\"@type\":\"ListItem\",\"position\":2,\"name\":\"Leny\u00edl\u00f3 vasalat\"}]},{\"@type\":\"WebSite\",\"@id\":\"https:\\\/\\\/moliton.hu\\\/#website\",\"url\":\"https:\\\/\\\/moliton.hu\\\/\",\"name\":\"Moliton\",\"description\":\"30 \u00e9ve a lakoss\u00e1g \u00e9s az ipar szolg\u00e1lat\u00e1ban.\",\"publisher\":{\"@id\":\"https:\\\/\\\/moliton.hu\\\/#organization\"},\"potentialAction\":[{\"@type\":\"SearchAction\",\"target\":{\"@type\":\"EntryPoint\",\"urlTemplate\":\"https:\\\/\\\/moliton.hu\\\/?s={search_term_string}\"},\"query-input\":{\"@type\":\"PropertyValueSpecification\",\"valueRequired\":true,\"valueName\":\"search_term_string\"}}],\"inLanguage\":\"en-US\"},{\"@type\":\"Organization\",\"@id\":\"https:\\\/\\\/moliton.hu\\\/#organization\",\"name\":\"Moliton\",\"url\":\"https:\\\/\\\/moliton.hu\\\/\",\"logo\":{\"@type\":\"ImageObject\",\"inLanguage\":\"en-US\",\"@id\":\"https:\\\/\\\/moliton.hu\\\/#\\\/schema\\\/logo\\\/image\\\/\",\"url\":\"https:\\\/\\\/moliton.hu\\\/wp-content\\\/uploads\\\/2026\\\/03\\\/moliton-logo.png\",\"contentUrl\":\"https:\\\/\\\/moliton.hu\\\/wp-content\\\/uploads\\\/2026\\\/03\\\/moliton-logo.png\",\"width\":2048,\"height\":2048,\"caption\":\"Moliton\"},\"image\":{\"@id\":\"https:\\\/\\\/moliton.hu\\\/#\\\/schema\\\/logo\\\/image\\\/\"}}]}<\/script>\n<!-- \/ Yoast SEO Premium plugin. -->","yoast_head_json":{"title":"Leny\u00edl\u00f3 vasalat - Moliton","description":"A leny\u00edl\u00f3 egys\u00e9g szekr\u00e9nyekhez tervezett speci\u00e1lis f\u00e9kez\u0151 vasalat (LEP-00N). Megakad\u00e1lyozza a szekr\u00e9nyajt\u00f3k lecsap\u00f3d\u00e1s\u00e1t. Ismerje meg a m\u0171k\u00f6d\u00e9s\u00e9t \u00e9s a be\u00e9p\u00edt\u00e9si m\u00e9reteket!","robots":{"index":"index","follow":"follow","max-snippet":"max-snippet:-1","max-image-preview":"max-image-preview:large","max-video-preview":"max-video-preview:-1"},"canonical":"https:\/\/moliton.hu\/en\/lenyilo-vasalat\/","og_locale":"en_US","og_type":"article","og_title":"Leny\u00edl\u00f3 vasalat","og_description":"A leny\u00edl\u00f3 egys\u00e9g szekr\u00e9nyekhez tervezett speci\u00e1lis f\u00e9kez\u0151 vasalat (LEP-00N). Megakad\u00e1lyozza a szekr\u00e9nyajt\u00f3k lecsap\u00f3d\u00e1s\u00e1t. Ismerje meg a m\u0171k\u00f6d\u00e9s\u00e9t \u00e9s a be\u00e9p\u00edt\u00e9si m\u00e9reteket!","og_url":"https:\/\/moliton.hu\/en\/lenyilo-vasalat\/","og_site_name":"Moliton","article_modified_time":"2026-04-15T08:38:30+00:00","og_image":[{"url":"https:\/\/moliton.hu\/userfiles\/figure\/abra_lefel_2.jpg","type":"","width":"","height":""}],"twitter_card":"summary_large_image","twitter_misc":{"Est. reading time":"1 minute"},"schema":{"@context":"https:\/\/schema.org","@graph":[{"@type":"WebPage","@id":"https:\/\/moliton.hu\/lenyilo-vasalat\/","url":"https:\/\/moliton.hu\/lenyilo-vasalat\/","name":"Leny\u00edl\u00f3 vasalat - Moliton","isPartOf":{"@id":"https:\/\/moliton.hu\/#website"},"primaryImageOfPage":{"@id":"https:\/\/moliton.hu\/lenyilo-vasalat\/#primaryimage"},"image":{"@id":"https:\/\/moliton.hu\/lenyilo-vasalat\/#primaryimage"},"thumbnailUrl":"https:\/\/moliton.hu\/userfiles\/figure\/abra_lefel_2.jpg","datePublished":"2026-03-17T10:33:18+00:00","dateModified":"2026-04-15T08:38:30+00:00","description":"A leny\u00edl\u00f3 egys\u00e9g szekr\u00e9nyekhez tervezett speci\u00e1lis f\u00e9kez\u0151 vasalat (LEP-00N). Megakad\u00e1lyozza a szekr\u00e9nyajt\u00f3k lecsap\u00f3d\u00e1s\u00e1t. Ismerje meg a m\u0171k\u00f6d\u00e9s\u00e9t \u00e9s a be\u00e9p\u00edt\u00e9si m\u00e9reteket!","breadcrumb":{"@id":"https:\/\/moliton.hu\/lenyilo-vasalat\/#breadcrumb"},"inLanguage":"en-US","potentialAction":[{"@type":"ReadAction","target":["https:\/\/moliton.hu\/lenyilo-vasalat\/"]}]},{"@type":"ImageObject","inLanguage":"en-US","@id":"https:\/\/moliton.hu\/lenyilo-vasalat\/#primaryimage","url":"https:\/\/moliton.hu\/userfiles\/figure\/abra_lefel_2.jpg","contentUrl":"https:\/\/moliton.hu\/userfiles\/figure\/abra_lefel_2.jpg"},{"@type":"BreadcrumbList","@id":"https:\/\/moliton.hu\/lenyilo-vasalat\/#breadcrumb","itemListElement":[{"@type":"ListItem","position":1,"name":"Home","item":"https:\/\/moliton.hu\/en\/"},{"@type":"ListItem","position":2,"name":"Leny\u00edl\u00f3 vasalat"}]},{"@type":"WebSite","@id":"https:\/\/moliton.hu\/#website","url":"https:\/\/moliton.hu\/","name":"Moliton","description":"30 \u00e9ve a lakoss\u00e1g \u00e9s az ipar szolg\u00e1lat\u00e1ban.","publisher":{"@id":"https:\/\/moliton.hu\/#organization"},"potentialAction":[{"@type":"SearchAction","target":{"@type":"EntryPoint","urlTemplate":"https:\/\/moliton.hu\/?s={search_term_string}"},"query-input":{"@type":"PropertyValueSpecification","valueRequired":true,"valueName":"search_term_string"}}],"inLanguage":"en-US"},{"@type":"Organization","@id":"https:\/\/moliton.hu\/#organization","name":"Moliton","url":"https:\/\/moliton.hu\/","logo":{"@type":"ImageObject","inLanguage":"en-US","@id":"https:\/\/moliton.hu\/#\/schema\/logo\/image\/","url":"https:\/\/moliton.hu\/wp-content\/uploads\/2026\/03\/moliton-logo.png","contentUrl":"https:\/\/moliton.hu\/wp-content\/uploads\/2026\/03\/moliton-logo.png","width":2048,"height":2048,"caption":"Moliton"},"image":{"@id":"https:\/\/moliton.hu\/#\/schema\/logo\/image\/"}}]}},"_links":{"self":[{"href":"https:\/\/moliton.hu\/en\/wp-json\/wp\/v2\/pages\/524","targetHints":{"allow":["GET"]}}],"collection":[{"href":"https:\/\/moliton.hu\/en\/wp-json\/wp\/v2\/pages"}],"about":[{"href":"https:\/\/moliton.hu\/en\/wp-json\/wp\/v2\/types\/page"}],"author":[{"embeddable":true,"href":"https:\/\/moliton.hu\/en\/wp-json\/wp\/v2\/users\/1"}],"replies":[{"embeddable":true,"href":"https:\/\/moliton.hu\/en\/wp-json\/wp\/v2\/comments?post=524"}],"version-history":[{"count":5,"href":"https:\/\/moliton.hu\/en\/wp-json\/wp\/v2\/pages\/524\/revisions"}],"predecessor-version":[{"id":2345,"href":"https:\/\/moliton.hu\/en\/wp-json\/wp\/v2\/pages\/524\/revisions\/2345"}],"wp:attachment":[{"href":"https:\/\/moliton.hu\/en\/wp-json\/wp\/v2\/media?parent=524"}],"curies":[{"name":"wp","href":"https:\/\/api.w.org\/{rel}","templated":true}]}}