{"id":710,"date":"2026-03-19T08:24:39","date_gmt":"2026-03-19T08:24:39","guid":{"rendered":"https:\/\/teszt2.invictum.hu\/?post_type=product&#038;p=710"},"modified":"2026-03-20T14:42:49","modified_gmt":"2026-03-20T14:42:49","slug":"blokkolhato-gazrugo-mp10-28","status":"publish","type":"product","link":"https:\/\/moliton.hu\/en\/product\/blokkolhato-gazrugo-mp10-28\/","title":{"rendered":"MP10\/28 Lockable Gas Spring"},"content":{"rendered":"","protected":false},"excerpt":{"rendered":"","protected":false},"featured_media":717,"comment_status":"closed","ping_status":"closed","template":"","meta":[],"product_brand":[],"product_cat":[30],"product_tag":[],"class_list":{"0":"post-710","1":"product","2":"type-product","3":"status-publish","4":"has-post-thumbnail","6":"product_cat-mp-mkb-mkbn-pozicionalhato-gazrugok","8":"first","9":"instock","10":"taxable","11":"shipping-taxable","12":"product-type-simple"},"yoast_head":"<!-- This site is optimized with the Yoast SEO Premium plugin v27.4 (Yoast SEO v27.4) - https:\/\/yoast.com\/product\/yoast-seo-premium-wordpress\/ -->\n<title>Blokkolhat\u00f3 g\u00e1zrug\u00f3 (MP10\/28) - Moliton<\/title>\n<meta name=\"robots\" content=\"index, follow, max-snippet:-1, max-image-preview:large, max-video-preview:-1\" \/>\n<link rel=\"canonical\" href=\"https:\/\/moliton.hu\/en\/product\/blokkolhato-gazrugo-mp10-28\/\" \/>\n<meta property=\"og:locale\" content=\"en_US\" \/>\n<meta property=\"og:type\" content=\"article\" \/>\n<meta property=\"og:title\" content=\"Blokkolhat\u00f3 g\u00e1zrug\u00f3 (MP10\/28)\" \/>\n<meta property=\"og:url\" content=\"https:\/\/moliton.hu\/en\/product\/blokkolhato-gazrugo-mp10-28\/\" \/>\n<meta property=\"og:site_name\" content=\"Moliton\" \/>\n<meta property=\"article:modified_time\" content=\"2026-03-20T14:42:49+00:00\" \/>\n<meta property=\"og:image\" content=\"https:\/\/moliton.hu\/wp-content\/uploads\/2026\/03\/MKBweb-1.png\" \/>\n\t<meta property=\"og:image:width\" content=\"1123\" \/>\n\t<meta property=\"og:image:height\" content=\"794\" \/>\n\t<meta property=\"og:image:type\" content=\"image\/png\" \/>\n<meta name=\"twitter:card\" content=\"summary_large_image\" \/>\n<script type=\"application\/ld+json\" class=\"yoast-schema-graph\">{\"@context\":\"https:\\\/\\\/schema.org\",\"@graph\":[{\"@type\":\"WebPage\",\"@id\":\"https:\\\/\\\/moliton.hu\\\/product\\\/blokkolhato-gazrugo-mp10-28\\\/\",\"url\":\"https:\\\/\\\/moliton.hu\\\/product\\\/blokkolhato-gazrugo-mp10-28\\\/\",\"name\":\"Blokkolhat\u00f3 g\u00e1zrug\u00f3 (MP10\\\/28) - Moliton\",\"isPartOf\":{\"@id\":\"https:\\\/\\\/moliton.hu\\\/#website\"},\"primaryImageOfPage\":{\"@id\":\"https:\\\/\\\/moliton.hu\\\/product\\\/blokkolhato-gazrugo-mp10-28\\\/#primaryimage\"},\"image\":{\"@id\":\"https:\\\/\\\/moliton.hu\\\/product\\\/blokkolhato-gazrugo-mp10-28\\\/#primaryimage\"},\"thumbnailUrl\":\"https:\\\/\\\/moliton.hu\\\/wp-content\\\/uploads\\\/2026\\\/03\\\/MKBweb-1.png\",\"datePublished\":\"2026-03-19T08:24:39+00:00\",\"dateModified\":\"2026-03-20T14:42:49+00:00\",\"breadcrumb\":{\"@id\":\"https:\\\/\\\/moliton.hu\\\/product\\\/blokkolhato-gazrugo-mp10-28\\\/#breadcrumb\"},\"inLanguage\":\"en-US\",\"potentialAction\":[{\"@type\":\"ReadAction\",\"target\":[\"https:\\\/\\\/moliton.hu\\\/product\\\/blokkolhato-gazrugo-mp10-28\\\/\"]}]},{\"@type\":\"ImageObject\",\"inLanguage\":\"en-US\",\"@id\":\"https:\\\/\\\/moliton.hu\\\/product\\\/blokkolhato-gazrugo-mp10-28\\\/#primaryimage\",\"url\":\"https:\\\/\\\/moliton.hu\\\/wp-content\\\/uploads\\\/2026\\\/03\\\/MKBweb-1.png\",\"contentUrl\":\"https:\\\/\\\/moliton.hu\\\/wp-content\\\/uploads\\\/2026\\\/03\\\/MKBweb-1.png\",\"width\":1123,\"height\":794},{\"@type\":\"BreadcrumbList\",\"@id\":\"https:\\\/\\\/moliton.hu\\\/product\\\/blokkolhato-gazrugo-mp10-28\\\/#breadcrumb\",\"itemListElement\":[{\"@type\":\"ListItem\",\"position\":1,\"name\":\"Home\",\"item\":\"https:\\\/\\\/moliton.hu\\\/en\\\/\"},{\"@type\":\"ListItem\",\"position\":2,\"name\":\"Shop\",\"item\":\"https:\\\/\\\/moliton.hu\\\/shop\\\/\"},{\"@type\":\"ListItem\",\"position\":3,\"name\":\"Blokkolhat\u00f3 g\u00e1zrug\u00f3 (MP10\\\/28)\"}]},{\"@type\":\"WebSite\",\"@id\":\"https:\\\/\\\/moliton.hu\\\/#website\",\"url\":\"https:\\\/\\\/moliton.hu\\\/\",\"name\":\"Moliton\",\"description\":\"30 \u00e9ve a lakoss\u00e1g \u00e9s az ipar szolg\u00e1lat\u00e1ban.\",\"publisher\":{\"@id\":\"https:\\\/\\\/moliton.hu\\\/#organization\"},\"potentialAction\":[{\"@type\":\"SearchAction\",\"target\":{\"@type\":\"EntryPoint\",\"urlTemplate\":\"https:\\\/\\\/moliton.hu\\\/?s={search_term_string}\"},\"query-input\":{\"@type\":\"PropertyValueSpecification\",\"valueRequired\":true,\"valueName\":\"search_term_string\"}}],\"inLanguage\":\"en-US\"},{\"@type\":\"Organization\",\"@id\":\"https:\\\/\\\/moliton.hu\\\/#organization\",\"name\":\"Moliton\",\"url\":\"https:\\\/\\\/moliton.hu\\\/\",\"logo\":{\"@type\":\"ImageObject\",\"inLanguage\":\"en-US\",\"@id\":\"https:\\\/\\\/moliton.hu\\\/#\\\/schema\\\/logo\\\/image\\\/\",\"url\":\"https:\\\/\\\/moliton.hu\\\/wp-content\\\/uploads\\\/2026\\\/03\\\/moliton-logo.png\",\"contentUrl\":\"https:\\\/\\\/moliton.hu\\\/wp-content\\\/uploads\\\/2026\\\/03\\\/moliton-logo.png\",\"width\":2048,\"height\":2048,\"caption\":\"Moliton\"},\"image\":{\"@id\":\"https:\\\/\\\/moliton.hu\\\/#\\\/schema\\\/logo\\\/image\\\/\"}}]}<\/script>\n<!-- \/ Yoast SEO Premium plugin. -->","yoast_head_json":{"title":"Blokkolhat\u00f3 g\u00e1zrug\u00f3 (MP10\/28) - Moliton","robots":{"index":"index","follow":"follow","max-snippet":"max-snippet:-1","max-image-preview":"max-image-preview:large","max-video-preview":"max-video-preview:-1"},"canonical":"https:\/\/moliton.hu\/en\/product\/blokkolhato-gazrugo-mp10-28\/","og_locale":"en_US","og_type":"article","og_title":"Blokkolhat\u00f3 g\u00e1zrug\u00f3 (MP10\/28)","og_url":"https:\/\/moliton.hu\/en\/product\/blokkolhato-gazrugo-mp10-28\/","og_site_name":"Moliton","article_modified_time":"2026-03-20T14:42:49+00:00","og_image":[{"width":1123,"height":794,"url":"https:\/\/moliton.hu\/wp-content\/uploads\/2026\/03\/MKBweb-1.png","type":"image\/png"}],"twitter_card":"summary_large_image","schema":{"@context":"https:\/\/schema.org","@graph":[{"@type":"WebPage","@id":"https:\/\/moliton.hu\/product\/blokkolhato-gazrugo-mp10-28\/","url":"https:\/\/moliton.hu\/product\/blokkolhato-gazrugo-mp10-28\/","name":"Blokkolhat\u00f3 g\u00e1zrug\u00f3 (MP10\/28) - Moliton","isPartOf":{"@id":"https:\/\/moliton.hu\/#website"},"primaryImageOfPage":{"@id":"https:\/\/moliton.hu\/product\/blokkolhato-gazrugo-mp10-28\/#primaryimage"},"image":{"@id":"https:\/\/moliton.hu\/product\/blokkolhato-gazrugo-mp10-28\/#primaryimage"},"thumbnailUrl":"https:\/\/moliton.hu\/wp-content\/uploads\/2026\/03\/MKBweb-1.png","datePublished":"2026-03-19T08:24:39+00:00","dateModified":"2026-03-20T14:42:49+00:00","breadcrumb":{"@id":"https:\/\/moliton.hu\/product\/blokkolhato-gazrugo-mp10-28\/#breadcrumb"},"inLanguage":"en-US","potentialAction":[{"@type":"ReadAction","target":["https:\/\/moliton.hu\/product\/blokkolhato-gazrugo-mp10-28\/"]}]},{"@type":"ImageObject","inLanguage":"en-US","@id":"https:\/\/moliton.hu\/product\/blokkolhato-gazrugo-mp10-28\/#primaryimage","url":"https:\/\/moliton.hu\/wp-content\/uploads\/2026\/03\/MKBweb-1.png","contentUrl":"https:\/\/moliton.hu\/wp-content\/uploads\/2026\/03\/MKBweb-1.png","width":1123,"height":794},{"@type":"BreadcrumbList","@id":"https:\/\/moliton.hu\/product\/blokkolhato-gazrugo-mp10-28\/#breadcrumb","itemListElement":[{"@type":"ListItem","position":1,"name":"Home","item":"https:\/\/moliton.hu\/en\/"},{"@type":"ListItem","position":2,"name":"Shop","item":"https:\/\/moliton.hu\/shop\/"},{"@type":"ListItem","position":3,"name":"Blokkolhat\u00f3 g\u00e1zrug\u00f3 (MP10\/28)"}]},{"@type":"WebSite","@id":"https:\/\/moliton.hu\/#website","url":"https:\/\/moliton.hu\/","name":"Moliton","description":"30 \u00e9ve a lakoss\u00e1g \u00e9s az ipar szolg\u00e1lat\u00e1ban.","publisher":{"@id":"https:\/\/moliton.hu\/#organization"},"potentialAction":[{"@type":"SearchAction","target":{"@type":"EntryPoint","urlTemplate":"https:\/\/moliton.hu\/?s={search_term_string}"},"query-input":{"@type":"PropertyValueSpecification","valueRequired":true,"valueName":"search_term_string"}}],"inLanguage":"en-US"},{"@type":"Organization","@id":"https:\/\/moliton.hu\/#organization","name":"Moliton","url":"https:\/\/moliton.hu\/","logo":{"@type":"ImageObject","inLanguage":"en-US","@id":"https:\/\/moliton.hu\/#\/schema\/logo\/image\/","url":"https:\/\/moliton.hu\/wp-content\/uploads\/2026\/03\/moliton-logo.png","contentUrl":"https:\/\/moliton.hu\/wp-content\/uploads\/2026\/03\/moliton-logo.png","width":2048,"height":2048,"caption":"Moliton"},"image":{"@id":"https:\/\/moliton.hu\/#\/schema\/logo\/image\/"}}]}},"_links":{"self":[{"href":"https:\/\/moliton.hu\/en\/wp-json\/wp\/v2\/product\/710","targetHints":{"allow":["GET"]}}],"collection":[{"href":"https:\/\/moliton.hu\/en\/wp-json\/wp\/v2\/product"}],"about":[{"href":"https:\/\/moliton.hu\/en\/wp-json\/wp\/v2\/types\/product"}],"replies":[{"embeddable":true,"href":"https:\/\/moliton.hu\/en\/wp-json\/wp\/v2\/comments?post=710"}],"wp:featuredmedia":[{"embeddable":true,"href":"https:\/\/moliton.hu\/en\/wp-json\/wp\/v2\/media\/717"}],"wp:attachment":[{"href":"https:\/\/moliton.hu\/en\/wp-json\/wp\/v2\/media?parent=710"}],"wp:term":[{"taxonomy":"product_brand","embeddable":true,"href":"https:\/\/moliton.hu\/en\/wp-json\/wp\/v2\/product_brand?post=710"},{"taxonomy":"product_cat","embeddable":true,"href":"https:\/\/moliton.hu\/en\/wp-json\/wp\/v2\/product_cat?post=710"},{"taxonomy":"product_tag","embeddable":true,"href":"https:\/\/moliton.hu\/en\/wp-json\/wp\/v2\/product_tag?post=710"}],"curies":[{"name":"wp","href":"https:\/\/api.w.org\/{rel}","templated":true}]}}